{"id":1579,"date":"2024-01-30T11:49:58","date_gmt":"2024-01-30T11:49:58","guid":{"rendered":"http:\/\/klm-zentrum.de\/?page_id=1579"},"modified":"2024-12-28T08:58:07","modified_gmt":"2024-12-28T07:58:07","slug":"wohnmobile","status":"publish","type":"page","link":"https:\/\/klm-zentrum.de\/fr\/wohnmobile\/","title":{"rendered":"Camping-cars\u00a0"},"content":{"rendered":"<div data-elementor-type=\"wp-page\" data-elementor-id=\"1579\" class=\"elementor elementor-1579\">\n\t\t\t\t\t\t<section class=\"elementor-section elementor-top-section elementor-element elementor-element-aca1883 elementor-section-height-min-height elementor-section-boxed elementor-section-height-default elementor-section-items-middle wpr-particle-no wpr-jarallax-no wpr-parallax-no wpr-sticky-section-no wpr-equal-height-no\" data-id=\"aca1883\" data-element_type=\"section\" data-settings=\"{&quot;background_background&quot;:&quot;classic&quot;}\">\n\t\t\t\t\t\t\t<div class=\"elementor-background-overlay\"><\/div>\n\t\t\t\t\t\t\t<div class=\"elementor-container elementor-column-gap-default\">\n\t\t\t\t\t<div class=\"elementor-column elementor-col-100 elementor-top-column elementor-element elementor-element-9ca27cf\" data-id=\"9ca27cf\" data-element_type=\"column\">\n\t\t\t<div class=\"elementor-widget-wrap elementor-element-populated\">\n\t\t\t\t\t\t<div class=\"elementor-element elementor-element-5850d6d elementor-widget__width-initial elementor-invisible elementor-widget elementor-widget-icon-box\" data-id=\"5850d6d\" data-element_type=\"widget\" data-settings=\"{&quot;_animation&quot;:&quot;fadeInLeft&quot;}\" data-widget_type=\"icon-box.default\">\n\t\t\t\t<div class=\"elementor-widget-container\">\n\t\t\t\t\t\t\t<div class=\"elementor-icon-box-wrapper\">\n\n\t\t\t\n\t\t\t\t\t\t<div class=\"elementor-icon-box-content\">\n\n\t\t\t\t\t\t\t\t\t<h4 class=\"elementor-icon-box-title\">\n\t\t\t\t\t\t<span  >\n\t\t\t\t\t\t\tUn espace sur roues\t\t\t\t\t\t<\/span>\n\t\t\t\t\t<\/h4>\n\t\t\t\t\n\t\t\t\t\t\t\t\t\t<p class=\"elementor-icon-box-description\">\n\t\t\t\t\t\tWOHNMOB\u0130LE\t\t\t\t\t<\/p>\n\t\t\t\t\n\t\t\t<\/div>\n\t\t\t\n\t\t<\/div>\n\t\t\t\t\t\t<\/div>\n\t\t\t\t<\/div>\n\t\t\t\t\t<\/div>\n\t\t<\/div>\n\t\t\t\t\t<\/div>\n\t\t<\/section>\n\t\t\t\t<section class=\"elementor-section elementor-top-section elementor-element elementor-element-7360017 animated-slow elementor-section-boxed elementor-section-height-default elementor-section-height-default wpr-particle-no wpr-jarallax-no wpr-parallax-no wpr-sticky-section-no wpr-equal-height-no elementor-invisible\" data-id=\"7360017\" data-element_type=\"section\" data-settings=\"{&quot;animation&quot;:&quot;fadeInUp&quot;}\">\n\t\t\t\t\t\t<div class=\"elementor-container elementor-column-gap-default\">\n\t\t\t\t\t<div class=\"elementor-column elementor-col-50 elementor-top-column elementor-element elementor-element-736c58c\" data-id=\"736c58c\" data-element_type=\"column\" data-settings=\"{&quot;background_background&quot;:&quot;classic&quot;}\">\n\t\t\t<div class=\"elementor-widget-wrap elementor-element-populated\">\n\t\t\t\t\t\t<div class=\"elementor-element elementor-element-ca6e0c3 elementor-widget elementor-widget-image\" data-id=\"ca6e0c3\" data-element_type=\"widget\" data-widget_type=\"image.default\">\n\t\t\t\t<div class=\"elementor-widget-container\">\n\t\t\t\t\t\t\t\t\t\t\t\t\t\t\t<img decoding=\"async\" src=\"https:\/\/klm-zentrum.de\/wp-content\/plugins\/elementor\/assets\/images\/placeholder.png\" title=\"\" alt=\"\" loading=\"lazy\" \/>\t\t\t\t\t\t\t\t\t\t\t\t\t\t\t<\/div>\n\t\t\t\t<\/div>\n\t\t\t\t\t<\/div>\n\t\t<\/div>\n\t\t\t\t<div class=\"elementor-column elementor-col-50 elementor-top-column elementor-element elementor-element-ae7c455\" data-id=\"ae7c455\" data-element_type=\"column\">\n\t\t\t<div class=\"elementor-widget-wrap elementor-element-populated\">\n\t\t\t\t\t\t<div class=\"elementor-element elementor-element-3b2cc9c elementor-widget elementor-widget-heading\" data-id=\"3b2cc9c\" data-element_type=\"widget\" data-widget_type=\"heading.default\">\n\t\t\t\t<div class=\"elementor-widget-container\">\n\t\t\t\t\t<h4 class=\"elementor-heading-title elementor-size-default\"><a href=\"https:\/\/klm-zentrum.de\/fr\/leistungen\/\">Un artisanat parfait pour chaque caravane.<\/a><\/h4>\t\t\t\t<\/div>\n\t\t\t\t<\/div>\n\t\t\t\t<div class=\"elementor-element elementor-element-d3cc348 elementor-widget elementor-widget-text-editor\" data-id=\"d3cc348\" data-element_type=\"widget\" data-widget_type=\"text-editor.default\">\n\t\t\t\t<div class=\"elementor-widget-container\">\n\t\t\t\t\t\t\t\t\t<p>Le camping-car de vos r\u00eaves doit prendre vie entre des mains expertes !<\/p><p>Nous sommes l\u00e0 pour cr\u00e9er votre univers de camping-car. Notre \u00e9quipe professionnelle et attentionn\u00e9e met tout en \u0153uvre pour transformer votre camping-car en l'espace de vie mobile de vos r\u00eaves. Nos artisans, qui se concentrent sur la qualit\u00e9 dans chaque d\u00e9tail, portent le secret de notre service tr\u00e8s appr\u00e9ci\u00e9. Si vous souhaitez voyager en toute s\u00e9curit\u00e9 sur la route et vous constituer des souvenirs inoubliables, faites-nous confiance. Faites-nous part de votre camping-car afin que nous puissions faire de vos r\u00eaves une r\u00e9alit\u00e9 !<\/p>\t\t\t\t\t\t\t\t<\/div>\n\t\t\t\t<\/div>\n\t\t\t\t<section class=\"elementor-section elementor-inner-section elementor-element elementor-element-b9cb06a elementor-section-boxed elementor-section-height-default elementor-section-height-default wpr-particle-no wpr-jarallax-no wpr-parallax-no wpr-sticky-section-no wpr-equal-height-no\" data-id=\"b9cb06a\" data-element_type=\"section\">\n\t\t\t\t\t\t<div class=\"elementor-container elementor-column-gap-default\">\n\t\t\t\t\t<div class=\"elementor-column elementor-col-50 elementor-inner-column elementor-element elementor-element-5cce9a6\" data-id=\"5cce9a6\" data-element_type=\"column\">\n\t\t\t<div class=\"elementor-widget-wrap elementor-element-populated\">\n\t\t\t\t\t\t<div class=\"elementor-element elementor-element-4a9f395 elementor-position-top elementor-widget elementor-widget-image-box\" data-id=\"4a9f395\" data-element_type=\"widget\" data-widget_type=\"image-box.default\">\n\t\t\t\t<div class=\"elementor-widget-container\">\n\t\t\t\t\t<div class=\"elementor-image-box-wrapper\"><figure class=\"elementor-image-box-img\"><a href=\"https:\/\/klm-zentrum.de\/fr\/leistungen\/\" tabindex=\"-1\"><img fetchpriority=\"high\" decoding=\"async\" width=\"512\" height=\"512\" src=\"https:\/\/klm-zentrum.de\/wp-content\/uploads\/2024\/02\/icon_35.png\" class=\"elementor-animation-grow attachment-full size-full wp-image-3921\" alt=\"\" srcset=\"https:\/\/klm-zentrum.de\/wp-content\/uploads\/2024\/02\/icon_35.png 512w, https:\/\/klm-zentrum.de\/wp-content\/uploads\/2024\/02\/icon_35-300x300.png 300w, https:\/\/klm-zentrum.de\/wp-content\/uploads\/2024\/02\/icon_35-150x150.png 150w\" sizes=\"(max-width: 512px) 100vw, 512px\" \/><\/a><\/figure><div class=\"elementor-image-box-content\"><h6 class=\"elementor-image-box-title\"><a href=\"https:\/\/klm-zentrum.de\/fr\/leistungen\/\">Ma\u00eetre-technicien<\/a><\/h6><p class=\"elementor-image-box-description\">Avec nous, vous pouvez prendre la route en toute s\u00e9curit\u00e9. Notre service est synonyme de confiance : Sentez la diff\u00e9rence dans chaque d\u00e9tail avec nous !<\/p><\/div><\/div>\t\t\t\t<\/div>\n\t\t\t\t<\/div>\n\t\t\t\t<div class=\"elementor-element elementor-element-a87f477 elementor-position-top elementor-widget elementor-widget-image-box\" data-id=\"a87f477\" data-element_type=\"widget\" data-widget_type=\"image-box.default\">\n\t\t\t\t<div class=\"elementor-widget-container\">\n\t\t\t\t\t<div class=\"elementor-image-box-wrapper\"><figure class=\"elementor-image-box-img\"><a href=\"https:\/\/klm-zentrum.de\/fr\/leistungen\/\" tabindex=\"-1\"><img decoding=\"async\" width=\"512\" height=\"512\" src=\"https:\/\/klm-zentrum.de\/wp-content\/uploads\/2024\/02\/icon_26.png\" class=\"elementor-animation-grow attachment-full size-full wp-image-3923\" alt=\"\" srcset=\"https:\/\/klm-zentrum.de\/wp-content\/uploads\/2024\/02\/icon_26.png 512w, https:\/\/klm-zentrum.de\/wp-content\/uploads\/2024\/02\/icon_26-300x300.png 300w, https:\/\/klm-zentrum.de\/wp-content\/uploads\/2024\/02\/icon_26-150x150.png 150w\" sizes=\"(max-width: 512px) 100vw, 512px\" \/><\/a><\/figure><div class=\"elementor-image-box-content\"><h6 class=\"elementor-image-box-title\"><a href=\"https:\/\/klm-zentrum.de\/fr\/leistungen\/\">R\u00e9parations professionnelles<\/a><\/h6><p class=\"elementor-image-box-description\">Notre \u00e9quipe d'experts techniques est pr\u00eate \u00e0 relever tous les d\u00e9fis.<\/p><\/div><\/div>\t\t\t\t<\/div>\n\t\t\t\t<\/div>\n\t\t\t\t\t<\/div>\n\t\t<\/div>\n\t\t\t\t<div class=\"elementor-column elementor-col-50 elementor-inner-column elementor-element elementor-element-3f4081b\" data-id=\"3f4081b\" data-element_type=\"column\">\n\t\t\t<div class=\"elementor-widget-wrap elementor-element-populated\">\n\t\t\t\t\t\t<div class=\"elementor-element elementor-element-1d1b691 elementor-position-top elementor-widget elementor-widget-image-box\" data-id=\"1d1b691\" data-element_type=\"widget\" data-widget_type=\"image-box.default\">\n\t\t\t\t<div class=\"elementor-widget-container\">\n\t\t\t\t\t<div class=\"elementor-image-box-wrapper\"><figure class=\"elementor-image-box-img\"><a href=\"https:\/\/klm-zentrum.de\/fr\/leistungen\/\" tabindex=\"-1\"><img decoding=\"async\" width=\"512\" height=\"512\" src=\"https:\/\/klm-zentrum.de\/wp-content\/uploads\/2024\/02\/icon_3.png\" class=\"elementor-animation-grow attachment-full size-full wp-image-3924\" alt=\"\" srcset=\"https:\/\/klm-zentrum.de\/wp-content\/uploads\/2024\/02\/icon_3.png 512w, https:\/\/klm-zentrum.de\/wp-content\/uploads\/2024\/02\/icon_3-300x300.png 300w, https:\/\/klm-zentrum.de\/wp-content\/uploads\/2024\/02\/icon_3-150x150.png 150w\" sizes=\"(max-width: 512px) 100vw, 512px\" \/><\/a><\/figure><div class=\"elementor-image-box-content\"><h6 class=\"elementor-image-box-title\"><a href=\"https:\/\/klm-zentrum.de\/fr\/leistungen\/\">UNE GARANTIE FIABLE<\/a><\/h6><p class=\"elementor-image-box-description\">Gr\u00e2ce \u00e0 notre \u00e9quipe d'experts, vous pouvez d\u00e9sormais voyager en toute s\u00e9curit\u00e9.<br><br><br><\/p><\/div><\/div>\t\t\t\t<\/div>\n\t\t\t\t<\/div>\n\t\t\t\t<div class=\"elementor-element elementor-element-8726df4 elementor-position-top elementor-widget elementor-widget-image-box\" data-id=\"8726df4\" data-element_type=\"widget\" data-widget_type=\"image-box.default\">\n\t\t\t\t<div class=\"elementor-widget-container\">\n\t\t\t\t\t<div class=\"elementor-image-box-wrapper\"><figure class=\"elementor-image-box-img\"><a href=\"https:\/\/klm-zentrum.de\/fr\/leistungen\/\" tabindex=\"-1\"><img loading=\"lazy\" decoding=\"async\" width=\"512\" height=\"512\" src=\"https:\/\/klm-zentrum.de\/wp-content\/uploads\/2024\/02\/icon_29.png\" class=\"elementor-animation-grow attachment-full size-full wp-image-3922\" alt=\"\" srcset=\"https:\/\/klm-zentrum.de\/wp-content\/uploads\/2024\/02\/icon_29.png 512w, https:\/\/klm-zentrum.de\/wp-content\/uploads\/2024\/02\/icon_29-300x300.png 300w, https:\/\/klm-zentrum.de\/wp-content\/uploads\/2024\/02\/icon_29-150x150.png 150w\" sizes=\"(max-width: 512px) 100vw, 512px\" \/><\/a><\/figure><div class=\"elementor-image-box-content\"><h6 class=\"elementor-image-box-title\"><a href=\"https:\/\/klm-zentrum.de\/fr\/leistungen\/\">M\u00e9canique &amp; peinture<\/a><\/h6><p class=\"elementor-image-box-description\">Notre box de peinture surdimensionn\u00e9 est \u00e0 la hauteur de chaque t\u00e2che de peinture. Venez nous rendre visite !<\/p><\/div><\/div>\t\t\t\t<\/div>\n\t\t\t\t<\/div>\n\t\t\t\t\t<\/div>\n\t\t<\/div>\n\t\t\t\t\t<\/div>\n\t\t<\/section>\n\t\t\t\t\t<\/div>\n\t\t<\/div>\n\t\t\t\t\t<\/div>\n\t\t<\/section>\n\t\t<div class=\"elementor-element elementor-element-92e4670 e-flex e-con-boxed wpr-particle-no wpr-jarallax-no wpr-parallax-no wpr-sticky-section-no wpr-equal-height-no e-con e-parent\" data-id=\"92e4670\" data-element_type=\"container\">\n\t\t\t\t\t<div class=\"e-con-inner\">\n\t\t\t\t<div class=\"elementor-element elementor-element-336f657 wpr-pc-btn-align-fixed wpr-pc-btn-align-fixed-right wpr-pc-btn-icon-right elementor-widget elementor-widget-wpr-phone-call\" data-id=\"336f657\" data-element_type=\"widget\" data-widget_type=\"wpr-phone-call.default\">\n\t\t\t\t<div class=\"elementor-widget-container\">\n\t\t\t\t\t<div class=\"wpr-pc-wrapper\"><a href=\"tel:+49 821 317 0721\" class=\"wpr-pc-btn\"><div class=\"wpr-pc-content\"><span class=\"wpr-pc-text\">Appeler<\/span><span class=\"wpr-pc-btn-icon\"><svg class=\"e-font-icon-svg e-fas-phone-alt\" viewbox=\"0 0 512 512\" xmlns=\"http:\/\/www.w3.org\/2000\/svg\"><path d=\"M497.39 361.8l-112-48a24 24 0 0 0-28 6.9l-49.6 60.6A370.66 370.66 0 0 1 130.6 204.11l60.6-49.6a23.94 23.94 0 0 0 6.9-28l-48-112A24.16 24.16 0 0 0 122.6.61l-104 24A24 24 0 0 0 0 48c0 256.5 207.9 464 464 464a24 24 0 0 0 23.4-18.6l24-104a24.29 24.29 0 0 0-14.01-27.6z\"><\/path><\/svg><\/span><\/div><\/a><\/div>\t\t\t\t<\/div>\n\t\t\t\t<\/div>\n\t\t\t\t\t<\/div>\n\t\t\t\t<\/div>\n\t\t\t\t<\/div>","protected":false},"excerpt":{"rendered":"<p>L'espace sur roues WOHNMOB\u0130LE Un artisanat parfait pour chaque caravane. Le camping-car de vos r\u00eaves doit prendre vie entre des mains expertes ! Nous sommes l\u00e0 pour cr\u00e9er votre univers de camping-car. Notre \u00e9quipe professionnelle et affectueuse met tout en \u0153uvre pour transformer votre camping-car en l'espace de vie mobile de vos r\u00eaves. Nos artisans, qui se concentrent sur la qualit\u00e9 dans chaque d\u00e9tail, portent le secret de notre service tr\u00e8s appr\u00e9ci\u00e9. Si vous souhaitez voyager en toute s\u00e9curit\u00e9 sur la route et vous constituer des souvenirs inoubliables, faites-nous confiance. Faites-nous part de votre camping-car afin que nous puissions faire de vos r\u00eaves une r\u00e9alit\u00e9 ! Ma\u00eetre-technicien Avec nous, vous pouvez prendre la route en toute s\u00e9curit\u00e9. Notre service est synonyme de confiance : Ressentez la diff\u00e9rence dans chaque d\u00e9tail avec nous ! R\u00e9parations professionnelles Notre \u00e9quipe d'experts sp\u00e9cialis\u00e9s est \u00e0 la hauteur de chaque d\u00e9fi. GARANTIE FIABLE Gr\u00e2ce \u00e0 notre \u00e9quipe d'experts, vous pouvez d\u00e9sormais voyager en toute s\u00e9curit\u00e9. M\u00e9canique &amp; peinture Notre box de peinture surdimensionn\u00e9 est \u00e0 la hauteur de chaque t\u00e2che de peinture. Venez nous rendre visite ! Appeler<\/p>","protected":false},"author":1,"featured_media":0,"parent":0,"menu_order":0,"comment_status":"closed","ping_status":"closed","template":"elementor_canvas","meta":{"footnotes":""},"yoast_head":"<!-- This site is optimized with the Yoast SEO plugin v24.5 - https:\/\/yoast.com\/wordpress\/plugins\/seo\/ -->\n<title>Wohnmobile\u00a0 - KLM-Zentrum GmbH<\/title>\n<meta name=\"description\" content=\"Wohnmobil-Service in Augsburg: Professionelle Pflege, Reparaturen, zuverl\u00e4ssige Wartung. Optimale Betreuung f\u00fcr Ihr Wohnmobil.\" \/>\n<meta name=\"robots\" content=\"index, follow, max-snippet:-1, max-image-preview:large, max-video-preview:-1\" \/>\n<link rel=\"canonical\" href=\"https:\/\/klm-zentrum.de\/fr\/wohnmobile\/\" \/>\n<meta property=\"og:locale\" content=\"fr_FR\" \/>\n<meta property=\"og:type\" content=\"article\" \/>\n<meta property=\"og:title\" content=\"Wohnmobile\u00a0 - KLM-Zentrum GmbH\" \/>\n<meta property=\"og:description\" content=\"Wohnmobil-Service in Augsburg: Professionelle Pflege, Reparaturen, zuverl\u00e4ssige Wartung. Optimale Betreuung f\u00fcr Ihr Wohnmobil.\" \/>\n<meta property=\"og:url\" content=\"https:\/\/klm-zentrum.de\/fr\/wohnmobile\/\" \/>\n<meta property=\"og:site_name\" content=\"KLM-Zentrum\" \/>\n<meta property=\"article:modified_time\" content=\"2024-12-28T07:58:07+00:00\" \/>\n<meta property=\"og:image\" content=\"https:\/\/klm-zentrum.de\/wp-content\/plugins\/elementor\/assets\/images\/placeholder.png\" \/>\n<meta name=\"twitter:card\" content=\"summary_large_image\" \/>\n<meta name=\"twitter:label1\" content=\"Dur\u00e9e de lecture estim\u00e9e\" \/>\n\t<meta name=\"twitter:data1\" content=\"2 minutes\" \/>\n<script type=\"application\/ld+json\" class=\"yoast-schema-graph\">{\"@context\":\"https:\/\/schema.org\",\"@graph\":[{\"@type\":\"WebPage\",\"@id\":\"https:\/\/klm-zentrum.de\/wohnmobile\/\",\"url\":\"https:\/\/klm-zentrum.de\/wohnmobile\/\",\"name\":\"Wohnmobile\u00a0 - KLM-Zentrum GmbH\",\"isPartOf\":{\"@id\":\"https:\/\/klm-zentrum.de\/#website\"},\"primaryImageOfPage\":{\"@id\":\"https:\/\/klm-zentrum.de\/wohnmobile\/#primaryimage\"},\"image\":{\"@id\":\"https:\/\/klm-zentrum.de\/wohnmobile\/#primaryimage\"},\"thumbnailUrl\":\"https:\/\/klm-zentrum.de\/wp-content\/plugins\/elementor\/assets\/images\/placeholder.png\",\"datePublished\":\"2024-01-30T11:49:58+00:00\",\"dateModified\":\"2024-12-28T07:58:07+00:00\",\"description\":\"Wohnmobil-Service in Augsburg: Professionelle Pflege, Reparaturen, zuverl\u00e4ssige Wartung. Optimale Betreuung f\u00fcr Ihr Wohnmobil.\",\"breadcrumb\":{\"@id\":\"https:\/\/klm-zentrum.de\/wohnmobile\/#breadcrumb\"},\"inLanguage\":\"fr-FR\",\"potentialAction\":[{\"@type\":\"ReadAction\",\"target\":[\"https:\/\/klm-zentrum.de\/wohnmobile\/\"]}]},{\"@type\":\"ImageObject\",\"inLanguage\":\"fr-FR\",\"@id\":\"https:\/\/klm-zentrum.de\/wohnmobile\/#primaryimage\",\"url\":\"https:\/\/klm-zentrum.de\/wp-content\/plugins\/elementor\/assets\/images\/placeholder.png\",\"contentUrl\":\"https:\/\/klm-zentrum.de\/wp-content\/plugins\/elementor\/assets\/images\/placeholder.png\"},{\"@type\":\"BreadcrumbList\",\"@id\":\"https:\/\/klm-zentrum.de\/wohnmobile\/#breadcrumb\",\"itemListElement\":[{\"@type\":\"ListItem\",\"position\":1,\"name\":\"Home\",\"item\":\"https:\/\/klm-zentrum.de\/\"},{\"@type\":\"ListItem\",\"position\":2,\"name\":\"Wohnmobile\u00a0\"}]},{\"@type\":\"WebSite\",\"@id\":\"https:\/\/klm-zentrum.de\/#website\",\"url\":\"https:\/\/klm-zentrum.de\/\",\"name\":\"KLM-Zentrum GmbH\",\"description\":\"Ihr zuverl\u00e4ssiger Partner f\u00fcr Auto- und Wohnmobil-Services. Professionelle Wartung, Reparaturen und individuelle Betreuung \u2013 wir k\u00fcmmern uns um Ihr Fahrzeug, damit Sie sorglos unterwegs sind.\",\"publisher\":{\"@id\":\"https:\/\/klm-zentrum.de\/#organization\"},\"potentialAction\":[{\"@type\":\"SearchAction\",\"target\":{\"@type\":\"EntryPoint\",\"urlTemplate\":\"https:\/\/klm-zentrum.de\/?s={search_term_string}\"},\"query-input\":{\"@type\":\"PropertyValueSpecification\",\"valueRequired\":true,\"valueName\":\"search_term_string\"}}],\"inLanguage\":\"fr-FR\"},{\"@type\":\"Organization\",\"@id\":\"https:\/\/klm-zentrum.de\/#organization\",\"name\":\"KLM-Zentrum\",\"url\":\"https:\/\/klm-zentrum.de\/\",\"logo\":{\"@type\":\"ImageObject\",\"inLanguage\":\"fr-FR\",\"@id\":\"https:\/\/klm-zentrum.de\/#\/schema\/logo\/image\/\",\"url\":\"https:\/\/klm-zentrum.de\/wp-content\/uploads\/2023\/12\/cropped-Untitled-3.png\",\"contentUrl\":\"https:\/\/klm-zentrum.de\/wp-content\/uploads\/2023\/12\/cropped-Untitled-3.png\",\"width\":512,\"height\":512,\"caption\":\"KLM-Zentrum\"},\"image\":{\"@id\":\"https:\/\/klm-zentrum.de\/#\/schema\/logo\/image\/\"}}]}<\/script>\n<!-- \/ Yoast SEO plugin. -->","yoast_head_json":{"title":"Wohnmobile\u00a0 - KLM-Zentrum GmbH","description":"Wohnmobil-Service in Augsburg: Professionelle Pflege, Reparaturen, zuverl\u00e4ssige Wartung. Optimale Betreuung f\u00fcr Ihr Wohnmobil.","robots":{"index":"index","follow":"follow","max-snippet":"max-snippet:-1","max-image-preview":"max-image-preview:large","max-video-preview":"max-video-preview:-1"},"canonical":"https:\/\/klm-zentrum.de\/fr\/wohnmobile\/","og_locale":"fr_FR","og_type":"article","og_title":"Wohnmobile\u00a0 - KLM-Zentrum GmbH","og_description":"Wohnmobil-Service in Augsburg: Professionelle Pflege, Reparaturen, zuverl\u00e4ssige Wartung. Optimale Betreuung f\u00fcr Ihr Wohnmobil.","og_url":"https:\/\/klm-zentrum.de\/fr\/wohnmobile\/","og_site_name":"KLM-Zentrum","article_modified_time":"2024-12-28T07:58:07+00:00","og_image":[{"url":"https:\/\/klm-zentrum.de\/wp-content\/plugins\/elementor\/assets\/images\/placeholder.png","type":"","width":"","height":""}],"twitter_card":"summary_large_image","twitter_misc":{"Dur\u00e9e de lecture estim\u00e9e":"2 minutes"},"schema":{"@context":"https:\/\/schema.org","@graph":[{"@type":"WebPage","@id":"https:\/\/klm-zentrum.de\/wohnmobile\/","url":"https:\/\/klm-zentrum.de\/wohnmobile\/","name":"Wohnmobile\u00a0 - KLM-Zentrum GmbH","isPartOf":{"@id":"https:\/\/klm-zentrum.de\/#website"},"primaryImageOfPage":{"@id":"https:\/\/klm-zentrum.de\/wohnmobile\/#primaryimage"},"image":{"@id":"https:\/\/klm-zentrum.de\/wohnmobile\/#primaryimage"},"thumbnailUrl":"https:\/\/klm-zentrum.de\/wp-content\/plugins\/elementor\/assets\/images\/placeholder.png","datePublished":"2024-01-30T11:49:58+00:00","dateModified":"2024-12-28T07:58:07+00:00","description":"Wohnmobil-Service in Augsburg: Professionelle Pflege, Reparaturen, zuverl\u00e4ssige Wartung. Optimale Betreuung f\u00fcr Ihr Wohnmobil.","breadcrumb":{"@id":"https:\/\/klm-zentrum.de\/wohnmobile\/#breadcrumb"},"inLanguage":"fr-FR","potentialAction":[{"@type":"ReadAction","target":["https:\/\/klm-zentrum.de\/wohnmobile\/"]}]},{"@type":"ImageObject","inLanguage":"fr-FR","@id":"https:\/\/klm-zentrum.de\/wohnmobile\/#primaryimage","url":"https:\/\/klm-zentrum.de\/wp-content\/plugins\/elementor\/assets\/images\/placeholder.png","contentUrl":"https:\/\/klm-zentrum.de\/wp-content\/plugins\/elementor\/assets\/images\/placeholder.png"},{"@type":"BreadcrumbList","@id":"https:\/\/klm-zentrum.de\/wohnmobile\/#breadcrumb","itemListElement":[{"@type":"ListItem","position":1,"name":"Home","item":"https:\/\/klm-zentrum.de\/"},{"@type":"ListItem","position":2,"name":"Wohnmobile\u00a0"}]},{"@type":"WebSite","@id":"https:\/\/klm-zentrum.de\/#website","url":"https:\/\/klm-zentrum.de\/","name":"Centre KLM GmbH","description":"Votre partenaire fiable pour les services de voiture et de camping-car. Entretien professionnel, r\u00e9parations et suivi individuel - nous prenons soin de votre v\u00e9hicule pour que vous puissiez rouler sans souci.","publisher":{"@id":"https:\/\/klm-zentrum.de\/#organization"},"potentialAction":[{"@type":"SearchAction","target":{"@type":"EntryPoint","urlTemplate":"https:\/\/klm-zentrum.de\/?s={search_term_string}"},"query-input":{"@type":"PropertyValueSpecification","valueRequired":true,"valueName":"search_term_string"}}],"inLanguage":"fr-FR"},{"@type":"Organization","@id":"https:\/\/klm-zentrum.de\/#organization","name":"Centre KLM","url":"https:\/\/klm-zentrum.de\/","logo":{"@type":"ImageObject","inLanguage":"fr-FR","@id":"https:\/\/klm-zentrum.de\/#\/schema\/logo\/image\/","url":"https:\/\/klm-zentrum.de\/wp-content\/uploads\/2023\/12\/cropped-Untitled-3.png","contentUrl":"https:\/\/klm-zentrum.de\/wp-content\/uploads\/2023\/12\/cropped-Untitled-3.png","width":512,"height":512,"caption":"KLM-Zentrum"},"image":{"@id":"https:\/\/klm-zentrum.de\/#\/schema\/logo\/image\/"}}]}},"_links":{"self":[{"href":"https:\/\/klm-zentrum.de\/fr\/wp-json\/wp\/v2\/pages\/1579"}],"collection":[{"href":"https:\/\/klm-zentrum.de\/fr\/wp-json\/wp\/v2\/pages"}],"about":[{"href":"https:\/\/klm-zentrum.de\/fr\/wp-json\/wp\/v2\/types\/page"}],"author":[{"embeddable":true,"href":"https:\/\/klm-zentrum.de\/fr\/wp-json\/wp\/v2\/users\/1"}],"replies":[{"embeddable":true,"href":"https:\/\/klm-zentrum.de\/fr\/wp-json\/wp\/v2\/comments?post=1579"}],"version-history":[{"count":67,"href":"https:\/\/klm-zentrum.de\/fr\/wp-json\/wp\/v2\/pages\/1579\/revisions"}],"predecessor-version":[{"id":6330,"href":"https:\/\/klm-zentrum.de\/fr\/wp-json\/wp\/v2\/pages\/1579\/revisions\/6330"}],"wp:attachment":[{"href":"https:\/\/klm-zentrum.de\/fr\/wp-json\/wp\/v2\/media?parent=1579"}],"curies":[{"name":"wp","href":"https:\/\/api.w.org\/{rel}","templated":true}]}}