{"id":1577,"date":"2024-01-30T11:49:36","date_gmt":"2024-01-30T11:49:36","guid":{"rendered":"http:\/\/klm-zentrum.de\/?page_id=1577"},"modified":"2024-12-28T08:58:21","modified_gmt":"2024-12-28T07:58:21","slug":"auto-service","status":"publish","type":"page","link":"https:\/\/klm-zentrum.de\/fr\/auto-service\/","title":{"rendered":"Voiture"},"content":{"rendered":"<div data-elementor-type=\"wp-page\" data-elementor-id=\"1577\" class=\"elementor elementor-1577\">\n\t\t\t\t\t\t<section class=\"elementor-section elementor-top-section elementor-element elementor-element-62c8d62 elementor-section-height-min-height elementor-section-boxed elementor-section-height-default elementor-section-items-middle wpr-particle-no wpr-jarallax-no wpr-parallax-no wpr-sticky-section-no wpr-equal-height-no\" data-id=\"62c8d62\" data-element_type=\"section\" data-settings=\"{&quot;background_background&quot;:&quot;classic&quot;}\">\n\t\t\t\t\t\t\t<div class=\"elementor-background-overlay\"><\/div>\n\t\t\t\t\t\t\t<div class=\"elementor-container elementor-column-gap-default\">\n\t\t\t\t\t<div class=\"elementor-column elementor-col-100 elementor-top-column elementor-element elementor-element-5bdf4a5\" data-id=\"5bdf4a5\" data-element_type=\"column\">\n\t\t\t<div class=\"elementor-widget-wrap elementor-element-populated\">\n\t\t\t\t\t\t<div class=\"elementor-element elementor-element-5d7bbec elementor-widget__width-initial elementor-invisible elementor-widget elementor-widget-icon-box\" data-id=\"5d7bbec\" data-element_type=\"widget\" data-settings=\"{&quot;_animation&quot;:&quot;fadeInLeft&quot;}\" data-widget_type=\"icon-box.default\">\n\t\t\t\t<div class=\"elementor-widget-container\">\n\t\t\t\t\t\t\t<div class=\"elementor-icon-box-wrapper\">\n\n\t\t\t\n\t\t\t\t\t\t<div class=\"elementor-icon-box-content\">\n\n\t\t\t\t\t\t\t\t\t<h4 class=\"elementor-icon-box-title\">\n\t\t\t\t\t\t<span  >\n\t\t\t\t\t\t\tVotre confiance, notre chef-d'\u0153uvre\t\t\t\t\t\t<\/span>\n\t\t\t\t\t<\/h4>\n\t\t\t\t\n\t\t\t\t\t\t\t\t\t<p class=\"elementor-icon-box-description\">\n\t\t\t\t\t\tVoiture\t\t\t\t\t<\/p>\n\t\t\t\t\n\t\t\t<\/div>\n\t\t\t\n\t\t<\/div>\n\t\t\t\t\t\t<\/div>\n\t\t\t\t<\/div>\n\t\t\t\t\t<\/div>\n\t\t<\/div>\n\t\t\t\t\t<\/div>\n\t\t<\/section>\n\t\t\t\t<section class=\"elementor-section elementor-top-section elementor-element elementor-element-b9e8815 animated-slow elementor-section-boxed elementor-section-height-default elementor-section-height-default wpr-particle-no wpr-jarallax-no wpr-parallax-no wpr-sticky-section-no wpr-equal-height-no elementor-invisible\" data-id=\"b9e8815\" data-element_type=\"section\" data-settings=\"{&quot;animation&quot;:&quot;fadeInUp&quot;}\">\n\t\t\t\t\t\t<div class=\"elementor-container elementor-column-gap-default\">\n\t\t\t\t\t<div class=\"elementor-column elementor-col-50 elementor-top-column elementor-element elementor-element-b4354c8\" data-id=\"b4354c8\" data-element_type=\"column\" data-settings=\"{&quot;background_background&quot;:&quot;classic&quot;}\">\n\t\t\t<div class=\"elementor-widget-wrap elementor-element-populated\">\n\t\t\t\t\t\t<div class=\"elementor-element elementor-element-d020763 elementor-widget elementor-widget-image\" data-id=\"d020763\" data-element_type=\"widget\" data-widget_type=\"image.default\">\n\t\t\t\t<div class=\"elementor-widget-container\">\n\t\t\t\t\t\t\t\t\t\t\t\t\t\t\t<img decoding=\"async\" src=\"https:\/\/klm-zentrum.de\/wp-content\/plugins\/elementor\/assets\/images\/placeholder.png\" title=\"\" alt=\"\" loading=\"lazy\" \/>\t\t\t\t\t\t\t\t\t\t\t\t\t\t\t<\/div>\n\t\t\t\t<\/div>\n\t\t\t\t\t<\/div>\n\t\t<\/div>\n\t\t\t\t<div class=\"elementor-column elementor-col-50 elementor-top-column elementor-element elementor-element-7c0e26e\" data-id=\"7c0e26e\" data-element_type=\"column\">\n\t\t\t<div class=\"elementor-widget-wrap elementor-element-populated\">\n\t\t\t\t\t\t<div class=\"elementor-element elementor-element-f3cc6e7 elementor-widget elementor-widget-heading\" data-id=\"f3cc6e7\" data-element_type=\"widget\" data-widget_type=\"heading.default\">\n\t\t\t\t<div class=\"elementor-widget-container\">\n\t\t\t\t\t<h4 class=\"elementor-heading-title elementor-size-default\"><a href=\"https:\/\/klm-zentrum.de\/fr\/leistungen\/\">Des performances parfaites pour chaque v\u00e9hicule : notre ing\u00e9nierie pose des jalons.<\/a><\/h4>\t\t\t\t<\/div>\n\t\t\t\t<\/div>\n\t\t\t\t<div class=\"elementor-element elementor-element-0832dd0 elementor-widget elementor-widget-text-editor\" data-id=\"0832dd0\" data-element_type=\"widget\" data-widget_type=\"text-editor.default\">\n\t\t\t\t<div class=\"elementor-widget-container\">\n\t\t\t\t\t\t\t\t\t<p>Dans notre atelier de r\u00e9paration automobile, nous proposons des services soign\u00e9s et professionnels pour les v\u00e9hicules de toutes marques et de tous mod\u00e8les. Notre \u00e9quipe exp\u00e9riment\u00e9e est pr\u00eate \u00e0 r\u00e9pondre \u00e0 tous les besoins de votre v\u00e9hicule, de l'entretien \u00e0 la r\u00e9paration. Gr\u00e2ce \u00e0 notre service fiable et ax\u00e9 sur la qualit\u00e9, nous nous effor\u00e7ons de maintenir les performances de votre v\u00e9hicule au plus haut niveau. Contactez-nous pour confier votre v\u00e9hicule \u00e0 des mains expertes et tirer le meilleur parti de votre exp\u00e9rience de conduite en toute s\u00e9curit\u00e9. Avec nous, vos v\u00e9hicules sont entre de bonnes mains !<\/p>\t\t\t\t\t\t\t\t<\/div>\n\t\t\t\t<\/div>\n\t\t\t\t<section class=\"elementor-section elementor-inner-section elementor-element elementor-element-ec83c62 elementor-section-boxed elementor-section-height-default elementor-section-height-default wpr-particle-no wpr-jarallax-no wpr-parallax-no wpr-sticky-section-no wpr-equal-height-no\" data-id=\"ec83c62\" data-element_type=\"section\">\n\t\t\t\t\t\t<div class=\"elementor-container elementor-column-gap-default\">\n\t\t\t\t\t<div class=\"elementor-column elementor-col-50 elementor-inner-column elementor-element elementor-element-0004dbc\" data-id=\"0004dbc\" data-element_type=\"column\">\n\t\t\t<div class=\"elementor-widget-wrap elementor-element-populated\">\n\t\t\t\t\t\t<div class=\"elementor-element elementor-element-168c23f elementor-position-top elementor-widget elementor-widget-image-box\" data-id=\"168c23f\" data-element_type=\"widget\" data-widget_type=\"image-box.default\">\n\t\t\t\t<div class=\"elementor-widget-container\">\n\t\t\t\t\t<div class=\"elementor-image-box-wrapper\"><figure class=\"elementor-image-box-img\"><a href=\"https:\/\/klm-zentrum.de\/fr\/leistungen\/\" tabindex=\"-1\"><img fetchpriority=\"high\" decoding=\"async\" width=\"512\" height=\"512\" src=\"https:\/\/klm-zentrum.de\/wp-content\/uploads\/2024\/02\/icon_35.png\" class=\"elementor-animation-grow attachment-full size-full wp-image-3921\" alt=\"\" srcset=\"https:\/\/klm-zentrum.de\/wp-content\/uploads\/2024\/02\/icon_35.png 512w, https:\/\/klm-zentrum.de\/wp-content\/uploads\/2024\/02\/icon_35-300x300.png 300w, https:\/\/klm-zentrum.de\/wp-content\/uploads\/2024\/02\/icon_35-150x150.png 150w\" sizes=\"(max-width: 512px) 100vw, 512px\" \/><\/a><\/figure><div class=\"elementor-image-box-content\"><h6 class=\"elementor-image-box-title\"><a href=\"https:\/\/klm-zentrum.de\/fr\/leistungen\/\">Ma\u00eetre-technicien<\/a><\/h6><p class=\"elementor-image-box-description\">Avec nous, vous pouvez prendre la route en toute s\u00e9curit\u00e9. Notre service est synonyme de confiance : Sentez la diff\u00e9rence dans chaque d\u00e9tail avec nous !<\/p><\/div><\/div>\t\t\t\t<\/div>\n\t\t\t\t<\/div>\n\t\t\t\t<div class=\"elementor-element elementor-element-46a9fba elementor-position-top elementor-widget elementor-widget-image-box\" data-id=\"46a9fba\" data-element_type=\"widget\" data-widget_type=\"image-box.default\">\n\t\t\t\t<div class=\"elementor-widget-container\">\n\t\t\t\t\t<div class=\"elementor-image-box-wrapper\"><figure class=\"elementor-image-box-img\"><a href=\"https:\/\/klm-zentrum.de\/fr\/leistungen\/\" tabindex=\"-1\"><img decoding=\"async\" width=\"512\" height=\"512\" src=\"https:\/\/klm-zentrum.de\/wp-content\/uploads\/2024\/02\/icon_29.png\" class=\"elementor-animation-grow attachment-full size-full wp-image-3922\" alt=\"\" srcset=\"https:\/\/klm-zentrum.de\/wp-content\/uploads\/2024\/02\/icon_29.png 512w, https:\/\/klm-zentrum.de\/wp-content\/uploads\/2024\/02\/icon_29-300x300.png 300w, https:\/\/klm-zentrum.de\/wp-content\/uploads\/2024\/02\/icon_29-150x150.png 150w\" sizes=\"(max-width: 512px) 100vw, 512px\" \/><\/a><\/figure><div class=\"elementor-image-box-content\"><h6 class=\"elementor-image-box-title\"><a href=\"https:\/\/klm-zentrum.de\/fr\/leistungen\/\">Confiance du client<\/a><\/h6><p class=\"elementor-image-box-description\">Une \u00e9quipe souriante et favorable aux familles - faites notre connaissance !<\/p><\/div><\/div>\t\t\t\t<\/div>\n\t\t\t\t<\/div>\n\t\t\t\t\t<\/div>\n\t\t<\/div>\n\t\t\t\t<div class=\"elementor-column elementor-col-50 elementor-inner-column elementor-element elementor-element-997113c\" data-id=\"997113c\" data-element_type=\"column\">\n\t\t\t<div class=\"elementor-widget-wrap elementor-element-populated\">\n\t\t\t\t\t\t<div class=\"elementor-element elementor-element-0f745ff elementor-position-top elementor-widget elementor-widget-image-box\" data-id=\"0f745ff\" data-element_type=\"widget\" data-widget_type=\"image-box.default\">\n\t\t\t\t<div class=\"elementor-widget-container\">\n\t\t\t\t\t<div class=\"elementor-image-box-wrapper\"><figure class=\"elementor-image-box-img\"><a href=\"https:\/\/klm-zentrum.de\/fr\/leistungen\/\" tabindex=\"-1\"><img decoding=\"async\" width=\"512\" height=\"512\" src=\"https:\/\/klm-zentrum.de\/wp-content\/uploads\/2024\/02\/icon_3.png\" class=\"elementor-animation-grow attachment-full size-full wp-image-3924\" alt=\"\" srcset=\"https:\/\/klm-zentrum.de\/wp-content\/uploads\/2024\/02\/icon_3.png 512w, https:\/\/klm-zentrum.de\/wp-content\/uploads\/2024\/02\/icon_3-300x300.png 300w, https:\/\/klm-zentrum.de\/wp-content\/uploads\/2024\/02\/icon_3-150x150.png 150w\" sizes=\"(max-width: 512px) 100vw, 512px\" \/><\/a><\/figure><div class=\"elementor-image-box-content\"><h6 class=\"elementor-image-box-title\"><a href=\"https:\/\/klm-zentrum.de\/fr\/leistungen\/\">Une garantie fiable<\/a><\/h6><p class=\"elementor-image-box-description\">Gr\u00e2ce \u00e0 notre \u00e9quipe d'experts, vous pouvez d\u00e9sormais voyager en toute s\u00e9curit\u00e9.<br><br><br><\/p><\/div><\/div>\t\t\t\t<\/div>\n\t\t\t\t<\/div>\n\t\t\t\t<div class=\"elementor-element elementor-element-6e9992f elementor-position-top elementor-widget elementor-widget-image-box\" data-id=\"6e9992f\" data-element_type=\"widget\" data-widget_type=\"image-box.default\">\n\t\t\t\t<div class=\"elementor-widget-container\">\n\t\t\t\t\t<div class=\"elementor-image-box-wrapper\"><figure class=\"elementor-image-box-img\"><a href=\"https:\/\/klm-zentrum.de\/fr\/leistungen\/\" tabindex=\"-1\"><img loading=\"lazy\" decoding=\"async\" width=\"512\" height=\"512\" src=\"https:\/\/klm-zentrum.de\/wp-content\/uploads\/2024\/02\/icon_26.png\" class=\"elementor-animation-grow attachment-full size-full wp-image-3923\" alt=\"\" srcset=\"https:\/\/klm-zentrum.de\/wp-content\/uploads\/2024\/02\/icon_26.png 512w, https:\/\/klm-zentrum.de\/wp-content\/uploads\/2024\/02\/icon_26-300x300.png 300w, https:\/\/klm-zentrum.de\/wp-content\/uploads\/2024\/02\/icon_26-150x150.png 150w\" sizes=\"(max-width: 512px) 100vw, 512px\" \/><\/a><\/figure><div class=\"elementor-image-box-content\"><h6 class=\"elementor-image-box-title\"><a href=\"https:\/\/klm-zentrum.de\/fr\/leistungen\/\">Garantie de qualit\u00e9 :<\/a><\/h6><p class=\"elementor-image-box-description\">R\u00e9parations avec des pi\u00e8ces de rechange de premi\u00e8re qualit\u00e9 et un savoir-faire pr\u00e9cis.<\/p><\/div><\/div>\t\t\t\t<\/div>\n\t\t\t\t<\/div>\n\t\t\t\t\t<\/div>\n\t\t<\/div>\n\t\t\t\t\t<\/div>\n\t\t<\/section>\n\t\t\t\t\t<\/div>\n\t\t<\/div>\n\t\t\t\t\t<\/div>\n\t\t<\/section>\n\t\t<div class=\"elementor-element elementor-element-0be33de e-flex e-con-boxed wpr-particle-no wpr-jarallax-no wpr-parallax-no wpr-sticky-section-no wpr-equal-height-no e-con e-parent\" data-id=\"0be33de\" data-element_type=\"container\">\n\t\t\t\t\t<div class=\"e-con-inner\">\n\t\t\t\t<div class=\"elementor-element elementor-element-9b755ac wpr-pc-btn-align-fixed wpr-pc-btn-align-fixed-right wpr-pc-btn-icon-right elementor-widget elementor-widget-wpr-phone-call\" data-id=\"9b755ac\" data-element_type=\"widget\" data-widget_type=\"wpr-phone-call.default\">\n\t\t\t\t<div class=\"elementor-widget-container\">\n\t\t\t\t\t<div class=\"wpr-pc-wrapper\"><a href=\"tel:+49 821 317 0721\" class=\"wpr-pc-btn\"><div class=\"wpr-pc-content\"><span class=\"wpr-pc-text\">Appeler<\/span><span class=\"wpr-pc-btn-icon\"><svg class=\"e-font-icon-svg e-fas-phone-alt\" viewbox=\"0 0 512 512\" xmlns=\"http:\/\/www.w3.org\/2000\/svg\"><path d=\"M497.39 361.8l-112-48a24 24 0 0 0-28 6.9l-49.6 60.6A370.66 370.66 0 0 1 130.6 204.11l60.6-49.6a23.94 23.94 0 0 0 6.9-28l-48-112A24.16 24.16 0 0 0 122.6.61l-104 24A24 24 0 0 0 0 48c0 256.5 207.9 464 464 464a24 24 0 0 0 23.4-18.6l24-104a24.29 24.29 0 0 0-14.01-27.6z\"><\/path><\/svg><\/span><\/div><\/a><\/div>\t\t\t\t<\/div>\n\t\t\t\t<\/div>\n\t\t\t\t\t<\/div>\n\t\t\t\t<\/div>\n\t\t\t\t<\/div>","protected":false},"excerpt":{"rendered":"<p>Votre confiance, notre chef-d'\u0153uvre Auto Des performances parfaites pour chaque v\u00e9hicule : notre ing\u00e9nierie est une r\u00e9f\u00e9rence. Dans notre atelier automobile, nous proposons des services minutieux et professionnels pour les v\u00e9hicules de toutes marques et de tous mod\u00e8les. Notre \u00e9quipe exp\u00e9riment\u00e9e est pr\u00eate \u00e0 r\u00e9pondre \u00e0 tous les besoins de votre v\u00e9hicule, de l'entretien \u00e0 la r\u00e9paration. Gr\u00e2ce \u00e0 notre service fiable et ax\u00e9 sur la qualit\u00e9, nous nous effor\u00e7ons de maintenir les performances de votre v\u00e9hicule au plus haut niveau. Contactez-nous pour confier votre v\u00e9hicule \u00e0 des mains expertes et tirer le meilleur parti de votre exp\u00e9rience de conduite en toute s\u00e9curit\u00e9. Avec nous, vos v\u00e9hicules sont entre de bonnes mains ! Ma\u00eetre-technicien Avec nous, vous pouvez prendre la route en toute s\u00e9curit\u00e9. Notre service est synonyme de confiance : Sentez la diff\u00e9rence dans chaque d\u00e9tail avec nous ! Confiance du client Une \u00e9quipe souriante et familiale : apprenez \u00e0 nous conna\u00eetre ! Garantie fiable Gr\u00e2ce \u00e0 notre \u00e9quipe d'experts, vous pouvez d\u00e9sormais voyager en toute s\u00e9curit\u00e9. Garantie de qualit\u00e9 : des r\u00e9parations effectu\u00e9es avec des pi\u00e8ces de rechange de premi\u00e8re qualit\u00e9 et un savoir-faire pr\u00e9cis. Appeler<\/p>","protected":false},"author":1,"featured_media":0,"parent":0,"menu_order":0,"comment_status":"closed","ping_status":"closed","template":"elementor_canvas","meta":{"footnotes":""},"yoast_head":"<!-- This site is optimized with the Yoast SEO plugin v24.5 - https:\/\/yoast.com\/wordpress\/plugins\/seo\/ -->\n<title>Auto - KLM-Zentrum GmbH<\/title>\n<meta name=\"description\" content=\"Auto-Service in Augsburg: Zuverl\u00e4ssige Reparaturen, umfassende Wartung, Profi-Pflege f\u00fcr Ihre Fahrzeugbed\u00fcrfnisse.\" \/>\n<meta name=\"robots\" content=\"index, follow, max-snippet:-1, max-image-preview:large, max-video-preview:-1\" \/>\n<link rel=\"canonical\" href=\"https:\/\/klm-zentrum.de\/fr\/auto-service\/\" \/>\n<meta property=\"og:locale\" content=\"fr_FR\" \/>\n<meta property=\"og:type\" content=\"article\" \/>\n<meta property=\"og:title\" content=\"Auto - KLM-Zentrum GmbH\" \/>\n<meta property=\"og:description\" content=\"Auto-Service in Augsburg: Zuverl\u00e4ssige Reparaturen, umfassende Wartung, Profi-Pflege f\u00fcr Ihre Fahrzeugbed\u00fcrfnisse.\" \/>\n<meta property=\"og:url\" content=\"https:\/\/klm-zentrum.de\/fr\/auto-service\/\" \/>\n<meta property=\"og:site_name\" content=\"KLM-Zentrum\" \/>\n<meta property=\"article:modified_time\" content=\"2024-12-28T07:58:21+00:00\" \/>\n<meta property=\"og:image\" content=\"https:\/\/klm-zentrum.de\/wp-content\/plugins\/elementor\/assets\/images\/placeholder.png\" \/>\n<meta name=\"twitter:card\" content=\"summary_large_image\" \/>\n<meta name=\"twitter:label1\" content=\"Dur\u00e9e de lecture estim\u00e9e\" \/>\n\t<meta name=\"twitter:data1\" content=\"2 minutes\" \/>\n<script type=\"application\/ld+json\" class=\"yoast-schema-graph\">{\"@context\":\"https:\/\/schema.org\",\"@graph\":[{\"@type\":\"WebPage\",\"@id\":\"https:\/\/klm-zentrum.de\/auto-service\/\",\"url\":\"https:\/\/klm-zentrum.de\/auto-service\/\",\"name\":\"Auto - KLM-Zentrum GmbH\",\"isPartOf\":{\"@id\":\"https:\/\/klm-zentrum.de\/#website\"},\"primaryImageOfPage\":{\"@id\":\"https:\/\/klm-zentrum.de\/auto-service\/#primaryimage\"},\"image\":{\"@id\":\"https:\/\/klm-zentrum.de\/auto-service\/#primaryimage\"},\"thumbnailUrl\":\"https:\/\/klm-zentrum.de\/wp-content\/plugins\/elementor\/assets\/images\/placeholder.png\",\"datePublished\":\"2024-01-30T11:49:36+00:00\",\"dateModified\":\"2024-12-28T07:58:21+00:00\",\"description\":\"Auto-Service in Augsburg: Zuverl\u00e4ssige Reparaturen, umfassende Wartung, Profi-Pflege f\u00fcr Ihre Fahrzeugbed\u00fcrfnisse.\",\"breadcrumb\":{\"@id\":\"https:\/\/klm-zentrum.de\/auto-service\/#breadcrumb\"},\"inLanguage\":\"fr-FR\",\"potentialAction\":[{\"@type\":\"ReadAction\",\"target\":[\"https:\/\/klm-zentrum.de\/auto-service\/\"]}]},{\"@type\":\"ImageObject\",\"inLanguage\":\"fr-FR\",\"@id\":\"https:\/\/klm-zentrum.de\/auto-service\/#primaryimage\",\"url\":\"https:\/\/klm-zentrum.de\/wp-content\/plugins\/elementor\/assets\/images\/placeholder.png\",\"contentUrl\":\"https:\/\/klm-zentrum.de\/wp-content\/plugins\/elementor\/assets\/images\/placeholder.png\"},{\"@type\":\"BreadcrumbList\",\"@id\":\"https:\/\/klm-zentrum.de\/auto-service\/#breadcrumb\",\"itemListElement\":[{\"@type\":\"ListItem\",\"position\":1,\"name\":\"Home\",\"item\":\"https:\/\/klm-zentrum.de\/\"},{\"@type\":\"ListItem\",\"position\":2,\"name\":\"Auto\"}]},{\"@type\":\"WebSite\",\"@id\":\"https:\/\/klm-zentrum.de\/#website\",\"url\":\"https:\/\/klm-zentrum.de\/\",\"name\":\"KLM-Zentrum GmbH\",\"description\":\"Ihr zuverl\u00e4ssiger Partner f\u00fcr Auto- und Wohnmobil-Services. Professionelle Wartung, Reparaturen und individuelle Betreuung \u2013 wir k\u00fcmmern uns um Ihr Fahrzeug, damit Sie sorglos unterwegs sind.\",\"publisher\":{\"@id\":\"https:\/\/klm-zentrum.de\/#organization\"},\"potentialAction\":[{\"@type\":\"SearchAction\",\"target\":{\"@type\":\"EntryPoint\",\"urlTemplate\":\"https:\/\/klm-zentrum.de\/?s={search_term_string}\"},\"query-input\":{\"@type\":\"PropertyValueSpecification\",\"valueRequired\":true,\"valueName\":\"search_term_string\"}}],\"inLanguage\":\"fr-FR\"},{\"@type\":\"Organization\",\"@id\":\"https:\/\/klm-zentrum.de\/#organization\",\"name\":\"KLM-Zentrum\",\"url\":\"https:\/\/klm-zentrum.de\/\",\"logo\":{\"@type\":\"ImageObject\",\"inLanguage\":\"fr-FR\",\"@id\":\"https:\/\/klm-zentrum.de\/#\/schema\/logo\/image\/\",\"url\":\"https:\/\/klm-zentrum.de\/wp-content\/uploads\/2023\/12\/cropped-Untitled-3.png\",\"contentUrl\":\"https:\/\/klm-zentrum.de\/wp-content\/uploads\/2023\/12\/cropped-Untitled-3.png\",\"width\":512,\"height\":512,\"caption\":\"KLM-Zentrum\"},\"image\":{\"@id\":\"https:\/\/klm-zentrum.de\/#\/schema\/logo\/image\/\"}}]}<\/script>\n<!-- \/ Yoast SEO plugin. -->","yoast_head_json":{"title":"Auto - KLM-Zentrum GmbH","description":"Auto-Service in Augsburg: Zuverl\u00e4ssige Reparaturen, umfassende Wartung, Profi-Pflege f\u00fcr Ihre Fahrzeugbed\u00fcrfnisse.","robots":{"index":"index","follow":"follow","max-snippet":"max-snippet:-1","max-image-preview":"max-image-preview:large","max-video-preview":"max-video-preview:-1"},"canonical":"https:\/\/klm-zentrum.de\/fr\/auto-service\/","og_locale":"fr_FR","og_type":"article","og_title":"Auto - KLM-Zentrum GmbH","og_description":"Auto-Service in Augsburg: Zuverl\u00e4ssige Reparaturen, umfassende Wartung, Profi-Pflege f\u00fcr Ihre Fahrzeugbed\u00fcrfnisse.","og_url":"https:\/\/klm-zentrum.de\/fr\/auto-service\/","og_site_name":"KLM-Zentrum","article_modified_time":"2024-12-28T07:58:21+00:00","og_image":[{"url":"https:\/\/klm-zentrum.de\/wp-content\/plugins\/elementor\/assets\/images\/placeholder.png","type":"","width":"","height":""}],"twitter_card":"summary_large_image","twitter_misc":{"Dur\u00e9e de lecture estim\u00e9e":"2 minutes"},"schema":{"@context":"https:\/\/schema.org","@graph":[{"@type":"WebPage","@id":"https:\/\/klm-zentrum.de\/auto-service\/","url":"https:\/\/klm-zentrum.de\/auto-service\/","name":"Auto - KLM-Zentrum GmbH","isPartOf":{"@id":"https:\/\/klm-zentrum.de\/#website"},"primaryImageOfPage":{"@id":"https:\/\/klm-zentrum.de\/auto-service\/#primaryimage"},"image":{"@id":"https:\/\/klm-zentrum.de\/auto-service\/#primaryimage"},"thumbnailUrl":"https:\/\/klm-zentrum.de\/wp-content\/plugins\/elementor\/assets\/images\/placeholder.png","datePublished":"2024-01-30T11:49:36+00:00","dateModified":"2024-12-28T07:58:21+00:00","description":"Auto-Service in Augsburg: Zuverl\u00e4ssige Reparaturen, umfassende Wartung, Profi-Pflege f\u00fcr Ihre Fahrzeugbed\u00fcrfnisse.","breadcrumb":{"@id":"https:\/\/klm-zentrum.de\/auto-service\/#breadcrumb"},"inLanguage":"fr-FR","potentialAction":[{"@type":"ReadAction","target":["https:\/\/klm-zentrum.de\/auto-service\/"]}]},{"@type":"ImageObject","inLanguage":"fr-FR","@id":"https:\/\/klm-zentrum.de\/auto-service\/#primaryimage","url":"https:\/\/klm-zentrum.de\/wp-content\/plugins\/elementor\/assets\/images\/placeholder.png","contentUrl":"https:\/\/klm-zentrum.de\/wp-content\/plugins\/elementor\/assets\/images\/placeholder.png"},{"@type":"BreadcrumbList","@id":"https:\/\/klm-zentrum.de\/auto-service\/#breadcrumb","itemListElement":[{"@type":"ListItem","position":1,"name":"Home","item":"https:\/\/klm-zentrum.de\/"},{"@type":"ListItem","position":2,"name":"Auto"}]},{"@type":"WebSite","@id":"https:\/\/klm-zentrum.de\/#website","url":"https:\/\/klm-zentrum.de\/","name":"Centre KLM GmbH","description":"Votre partenaire fiable pour les services de voiture et de camping-car. Entretien professionnel, r\u00e9parations et suivi individuel - nous prenons soin de votre v\u00e9hicule pour que vous puissiez rouler sans souci.","publisher":{"@id":"https:\/\/klm-zentrum.de\/#organization"},"potentialAction":[{"@type":"SearchAction","target":{"@type":"EntryPoint","urlTemplate":"https:\/\/klm-zentrum.de\/?s={search_term_string}"},"query-input":{"@type":"PropertyValueSpecification","valueRequired":true,"valueName":"search_term_string"}}],"inLanguage":"fr-FR"},{"@type":"Organization","@id":"https:\/\/klm-zentrum.de\/#organization","name":"Centre KLM","url":"https:\/\/klm-zentrum.de\/","logo":{"@type":"ImageObject","inLanguage":"fr-FR","@id":"https:\/\/klm-zentrum.de\/#\/schema\/logo\/image\/","url":"https:\/\/klm-zentrum.de\/wp-content\/uploads\/2023\/12\/cropped-Untitled-3.png","contentUrl":"https:\/\/klm-zentrum.de\/wp-content\/uploads\/2023\/12\/cropped-Untitled-3.png","width":512,"height":512,"caption":"KLM-Zentrum"},"image":{"@id":"https:\/\/klm-zentrum.de\/#\/schema\/logo\/image\/"}}]}},"_links":{"self":[{"href":"https:\/\/klm-zentrum.de\/fr\/wp-json\/wp\/v2\/pages\/1577"}],"collection":[{"href":"https:\/\/klm-zentrum.de\/fr\/wp-json\/wp\/v2\/pages"}],"about":[{"href":"https:\/\/klm-zentrum.de\/fr\/wp-json\/wp\/v2\/types\/page"}],"author":[{"embeddable":true,"href":"https:\/\/klm-zentrum.de\/fr\/wp-json\/wp\/v2\/users\/1"}],"replies":[{"embeddable":true,"href":"https:\/\/klm-zentrum.de\/fr\/wp-json\/wp\/v2\/comments?post=1577"}],"version-history":[{"count":94,"href":"https:\/\/klm-zentrum.de\/fr\/wp-json\/wp\/v2\/pages\/1577\/revisions"}],"predecessor-version":[{"id":6336,"href":"https:\/\/klm-zentrum.de\/fr\/wp-json\/wp\/v2\/pages\/1577\/revisions\/6336"}],"wp:attachment":[{"href":"https:\/\/klm-zentrum.de\/fr\/wp-json\/wp\/v2\/media?parent=1577"}],"curies":[{"name":"wp","href":"https:\/\/api.w.org\/{rel}","templated":true}]}}