{"id":1289,"date":"2024-01-30T07:38:50","date_gmt":"2024-01-30T07:38:50","guid":{"rendered":"http:\/\/klm-zentrum.de\/?page_id=1289"},"modified":"2024-12-28T08:56:59","modified_gmt":"2024-12-28T07:56:59","slug":"fahrzeugtypen","status":"publish","type":"page","link":"https:\/\/klm-zentrum.de\/fr\/fahrzeugtypen\/","title":{"rendered":"Types de v\u00e9hicules"},"content":{"rendered":"<div data-elementor-type=\"wp-page\" data-elementor-id=\"1289\" class=\"elementor elementor-1289\">\n\t\t\t\t\t\t<section class=\"elementor-section elementor-top-section elementor-element elementor-element-f7a6ac5 elementor-section-height-min-height elementor-section-boxed elementor-section-height-default elementor-section-items-middle wpr-particle-no wpr-jarallax-no wpr-parallax-no wpr-sticky-section-no wpr-equal-height-no\" data-id=\"f7a6ac5\" data-element_type=\"section\" data-settings=\"{&quot;background_background&quot;:&quot;classic&quot;}\">\n\t\t\t\t\t\t\t<div class=\"elementor-background-overlay\"><\/div>\n\t\t\t\t\t\t\t<div class=\"elementor-container elementor-column-gap-default\">\n\t\t\t\t\t<div class=\"elementor-column elementor-col-100 elementor-top-column elementor-element elementor-element-7882d26\" data-id=\"7882d26\" data-element_type=\"column\">\n\t\t\t<div class=\"elementor-widget-wrap elementor-element-populated\">\n\t\t\t\t\t\t<div class=\"elementor-element elementor-element-10d6fb3 elementor-widget__width-initial elementor-invisible elementor-widget elementor-widget-icon-box\" data-id=\"10d6fb3\" data-element_type=\"widget\" data-settings=\"{&quot;_animation&quot;:&quot;fadeInLeft&quot;}\" data-widget_type=\"icon-box.default\">\n\t\t\t\t<div class=\"elementor-widget-container\">\n\t\t\t\t\t\t\t<div class=\"elementor-icon-box-wrapper\">\n\n\t\t\t\n\t\t\t\t\t\t<div class=\"elementor-icon-box-content\">\n\n\t\t\t\t\t\t\t\t\t<h4 class=\"elementor-icon-box-title\">\n\t\t\t\t\t\t<span  >\n\t\t\t\t\t\t\tUn service fiable - votre confiance est r\u00e9compens\u00e9e !\t\t\t\t\t\t<\/span>\n\t\t\t\t\t<\/h4>\n\t\t\t\t\n\t\t\t\t\t\t\t\t\t<p class=\"elementor-icon-box-description\">\n\t\t\t\t\t\tTYPES DE V\u00c9HICULES\t\t\t\t\t<\/p>\n\t\t\t\t\n\t\t\t<\/div>\n\t\t\t\n\t\t<\/div>\n\t\t\t\t\t\t<\/div>\n\t\t\t\t<\/div>\n\t\t\t\t\t<\/div>\n\t\t<\/div>\n\t\t\t\t\t<\/div>\n\t\t<\/section>\n\t\t\t\t<section class=\"elementor-section elementor-top-section elementor-element elementor-element-9a84c43 animated-slow elementor-section-boxed elementor-section-height-default elementor-section-height-default wpr-particle-no wpr-jarallax-no wpr-parallax-no wpr-sticky-section-no wpr-equal-height-no elementor-invisible\" data-id=\"9a84c43\" data-element_type=\"section\" data-settings=\"{&quot;animation&quot;:&quot;fadeInUp&quot;}\">\n\t\t\t\t\t\t<div class=\"elementor-container elementor-column-gap-no\">\n\t\t\t\t\t<div class=\"elementor-column elementor-col-33 elementor-top-column elementor-element elementor-element-ac59129\" data-id=\"ac59129\" data-element_type=\"column\" data-settings=\"{&quot;background_background&quot;:&quot;classic&quot;}\">\n\t\t\t<div class=\"elementor-widget-wrap elementor-element-populated\">\n\t\t\t\t\t<div class=\"elementor-background-overlay\"><\/div>\n\t\t\t\t\t\t<div class=\"elementor-element elementor-element-a91b72c elementor-align-center e-transform elementor-widget elementor-widget-button\" data-id=\"a91b72c\" data-element_type=\"widget\" data-settings=\"{&quot;_transform_scale_effect_hover&quot;:{&quot;unit&quot;:&quot;px&quot;,&quot;size&quot;:1.1,&quot;sizes&quot;:[]},&quot;_transform_scale_effect_hover_tablet&quot;:{&quot;unit&quot;:&quot;px&quot;,&quot;size&quot;:&quot;&quot;,&quot;sizes&quot;:[]},&quot;_transform_scale_effect_hover_mobile&quot;:{&quot;unit&quot;:&quot;px&quot;,&quot;size&quot;:&quot;&quot;,&quot;sizes&quot;:[]}}\" data-widget_type=\"button.default\">\n\t\t\t\t<div class=\"elementor-widget-container\">\n\t\t\t\t\t\t\t\t\t<div class=\"elementor-button-wrapper\">\n\t\t\t\t\t<a class=\"elementor-button elementor-button-link elementor-size-xl\" href=\"https:\/\/klm-zentrum.de\/fr\/auto\/\">\n\t\t\t\t\t\t<span class=\"elementor-button-content-wrapper\">\n\t\t\t\t\t\t<span class=\"elementor-button-icon\">\n\t\t\t\t<svg aria-hidden=\"true\" class=\"e-font-icon-svg e-fas-arrow-right\" viewbox=\"0 0 448 512\" xmlns=\"http:\/\/www.w3.org\/2000\/svg\"><path d=\"M190.5 66.9l22.2-22.2c9.4-9.4 24.6-9.4 33.9 0L441 239c9.4 9.4 9.4 24.6 0 33.9L246.6 467.3c-9.4 9.4-24.6 9.4-33.9 0l-22.2-22.2c-9.5-9.5-9.3-25 .4-34.3L311.4 296H24c-13.3 0-24-10.7-24-24v-32c0-13.3 10.7-24 24-24h287.4L190.9 101.2c-9.8-9.3-10-24.8-.4-34.3z\"><\/path><\/svg>\t\t\t<\/span>\n\t\t\t\t\t\t\t\t\t<span class=\"elementor-button-text\">AUTO<\/span>\n\t\t\t\t\t<\/span>\n\t\t\t\t\t<\/a>\n\t\t\t\t<\/div>\n\t\t\t\t\t\t\t\t<\/div>\n\t\t\t\t<\/div>\n\t\t\t\t\t<\/div>\n\t\t<\/div>\n\t\t\t\t<div class=\"elementor-column elementor-col-33 elementor-top-column elementor-element elementor-element-56d054c\" data-id=\"56d054c\" data-element_type=\"column\">\n\t\t\t<div class=\"elementor-widget-wrap elementor-element-populated\">\n\t\t\t\t\t\t<div class=\"elementor-element elementor-element-47981b7 elementor-widget elementor-widget-heading\" data-id=\"47981b7\" data-element_type=\"widget\" data-widget_type=\"heading.default\">\n\t\t\t\t<div class=\"elementor-widget-container\">\n\t\t\t\t\t<h4 class=\"elementor-heading-title elementor-size-default\"><a href=\"https:\/\/klm-zentrum.de\/fr\/leistungen\/\">Un service personnalis\u00e9 pour votre v\u00e9hicule : choisissez entre voiture et camping-car pour une assistance sur mesure<\/a><\/h4>\t\t\t\t<\/div>\n\t\t\t\t<\/div>\n\t\t\t\t<section class=\"elementor-section elementor-inner-section elementor-element elementor-element-2f587ca elementor-section-full_width elementor-section-height-default elementor-section-height-default wpr-particle-no wpr-jarallax-no wpr-parallax-no wpr-sticky-section-no wpr-equal-height-no\" data-id=\"2f587ca\" data-element_type=\"section\">\n\t\t\t\t\t\t<div class=\"elementor-container elementor-column-gap-default\">\n\t\t\t\t\t<div class=\"elementor-column elementor-col-100 elementor-inner-column elementor-element elementor-element-9f73880\" data-id=\"9f73880\" data-element_type=\"column\">\n\t\t\t<div class=\"elementor-widget-wrap elementor-element-populated\">\n\t\t\t\t\t\t<div class=\"elementor-element elementor-element-896f04f elementor-widget-mobile__width-initial elementor-position-top elementor-widget elementor-widget-image-box\" data-id=\"896f04f\" data-element_type=\"widget\" data-widget_type=\"image-box.default\">\n\t\t\t\t<div class=\"elementor-widget-container\">\n\t\t\t\t\t<div class=\"elementor-image-box-wrapper\"><figure class=\"elementor-image-box-img\"><a href=\"https:\/\/klm-zentrum.de\/fr\/leistungen\/\" tabindex=\"-1\"><img fetchpriority=\"high\" decoding=\"async\" width=\"512\" height=\"512\" src=\"https:\/\/klm-zentrum.de\/wp-content\/uploads\/2024\/02\/icon_26.png\" class=\"elementor-animation-grow attachment-full size-full wp-image-3923\" alt=\"\" srcset=\"https:\/\/klm-zentrum.de\/wp-content\/uploads\/2024\/02\/icon_26.png 512w, https:\/\/klm-zentrum.de\/wp-content\/uploads\/2024\/02\/icon_26-300x300.png 300w, https:\/\/klm-zentrum.de\/wp-content\/uploads\/2024\/02\/icon_26-150x150.png 150w\" sizes=\"(max-width: 512px) 100vw, 512px\" \/><\/a><\/figure><div class=\"elementor-image-box-content\"><h6 class=\"elementor-image-box-title\"><a href=\"https:\/\/klm-zentrum.de\/fr\/leistungen\/\">Des solutions s\u00fbres<\/a><\/h6><p class=\"elementor-image-box-description\">Notre promesse d'une exp\u00e9rience de conduite sans souci, quel que soit le v\u00e9hicule.<\/p><\/div><\/div>\t\t\t\t<\/div>\n\t\t\t\t<\/div>\n\t\t\t\t<div class=\"elementor-element elementor-element-2ced5e5 elementor-widget-mobile__width-initial elementor-position-top elementor-widget elementor-widget-image-box\" data-id=\"2ced5e5\" data-element_type=\"widget\" data-widget_type=\"image-box.default\">\n\t\t\t\t<div class=\"elementor-widget-container\">\n\t\t\t\t\t<div class=\"elementor-image-box-wrapper\"><figure class=\"elementor-image-box-img\"><a href=\"https:\/\/klm-zentrum.de\/fr\/leistungen\/\" tabindex=\"-1\"><img decoding=\"async\" width=\"512\" height=\"512\" src=\"https:\/\/klm-zentrum.de\/wp-content\/uploads\/2024\/02\/icon_29-1.png\" class=\"elementor-animation-grow attachment-full size-full wp-image-4846\" alt=\"\" srcset=\"https:\/\/klm-zentrum.de\/wp-content\/uploads\/2024\/02\/icon_29-1.png 512w, https:\/\/klm-zentrum.de\/wp-content\/uploads\/2024\/02\/icon_29-1-300x300.png 300w, https:\/\/klm-zentrum.de\/wp-content\/uploads\/2024\/02\/icon_29-1-150x150.png 150w\" sizes=\"(max-width: 512px) 100vw, 512px\" \/><\/a><\/figure><div class=\"elementor-image-box-content\"><h6 class=\"elementor-image-box-title\"><a href=\"https:\/\/klm-zentrum.de\/fr\/leistungen\/\">Ma\u00eetre-technicien<\/a><\/h6><p class=\"elementor-image-box-description\">Nos collaborateurs exp\u00e9riment\u00e9s redonnent \u00e0 votre voiture et \u00e0 votre camping-car leur \u00e9clat d'origine - une qualit\u00e9 qui enthousiasme.<\/p><\/div><\/div>\t\t\t\t<\/div>\n\t\t\t\t<\/div>\n\t\t\t\t\t<\/div>\n\t\t<\/div>\n\t\t\t\t\t<\/div>\n\t\t<\/section>\n\t\t\t\t\t<\/div>\n\t\t<\/div>\n\t\t\t\t<div class=\"elementor-column elementor-col-33 elementor-top-column elementor-element elementor-element-7ca3306\" data-id=\"7ca3306\" data-element_type=\"column\" data-settings=\"{&quot;background_background&quot;:&quot;classic&quot;}\">\n\t\t\t<div class=\"elementor-widget-wrap elementor-element-populated\">\n\t\t\t\t\t<div class=\"elementor-background-overlay\"><\/div>\n\t\t\t\t\t\t<div class=\"elementor-element elementor-element-0fc9877 elementor-align-center e-transform elementor-widget elementor-widget-button\" data-id=\"0fc9877\" data-element_type=\"widget\" data-settings=\"{&quot;_transform_scale_effect_hover&quot;:{&quot;unit&quot;:&quot;px&quot;,&quot;size&quot;:1.1,&quot;sizes&quot;:[]},&quot;_transform_scale_effect_hover_tablet&quot;:{&quot;unit&quot;:&quot;px&quot;,&quot;size&quot;:&quot;&quot;,&quot;sizes&quot;:[]},&quot;_transform_scale_effect_hover_mobile&quot;:{&quot;unit&quot;:&quot;px&quot;,&quot;size&quot;:&quot;&quot;,&quot;sizes&quot;:[]}}\" data-widget_type=\"button.default\">\n\t\t\t\t<div class=\"elementor-widget-container\">\n\t\t\t\t\t\t\t\t\t<div class=\"elementor-button-wrapper\">\n\t\t\t\t\t<a class=\"elementor-button elementor-button-link elementor-size-lg\" href=\"https:\/\/klm-zentrum.de\/fr\/wohnmobile\/\">\n\t\t\t\t\t\t<span class=\"elementor-button-content-wrapper\">\n\t\t\t\t\t\t<span class=\"elementor-button-icon\">\n\t\t\t\t<svg aria-hidden=\"true\" class=\"e-font-icon-svg e-fas-arrow-right\" viewbox=\"0 0 448 512\" xmlns=\"http:\/\/www.w3.org\/2000\/svg\"><path d=\"M190.5 66.9l22.2-22.2c9.4-9.4 24.6-9.4 33.9 0L441 239c9.4 9.4 9.4 24.6 0 33.9L246.6 467.3c-9.4 9.4-24.6 9.4-33.9 0l-22.2-22.2c-9.5-9.5-9.3-25 .4-34.3L311.4 296H24c-13.3 0-24-10.7-24-24v-32c0-13.3 10.7-24 24-24h287.4L190.9 101.2c-9.8-9.3-10-24.8-.4-34.3z\"><\/path><\/svg>\t\t\t<\/span>\n\t\t\t\t\t\t\t\t\t<span class=\"elementor-button-text\">Camping-cars<\/span>\n\t\t\t\t\t<\/span>\n\t\t\t\t\t<\/a>\n\t\t\t\t<\/div>\n\t\t\t\t\t\t\t\t<\/div>\n\t\t\t\t<\/div>\n\t\t\t\t\t<\/div>\n\t\t<\/div>\n\t\t\t\t\t<\/div>\n\t\t<\/section>\n\t\t<div class=\"elementor-element elementor-element-32e74ce e-flex e-con-boxed wpr-particle-no wpr-jarallax-no wpr-parallax-no wpr-sticky-section-no wpr-equal-height-no e-con e-parent\" data-id=\"32e74ce\" data-element_type=\"container\">\n\t\t\t\t\t<div class=\"e-con-inner\">\n\t\t\t\t<div class=\"elementor-element elementor-element-7e32b9c wpr-pc-btn-align-fixed wpr-pc-btn-align-fixed-right wpr-pc-btn-icon-right elementor-widget elementor-widget-wpr-phone-call\" data-id=\"7e32b9c\" data-element_type=\"widget\" data-widget_type=\"wpr-phone-call.default\">\n\t\t\t\t<div class=\"elementor-widget-container\">\n\t\t\t\t\t<div class=\"wpr-pc-wrapper\"><a href=\"tel:+49 821 317 0721\" class=\"wpr-pc-btn\"><div class=\"wpr-pc-content\"><span class=\"wpr-pc-text\">Appeler<\/span><span class=\"wpr-pc-btn-icon\"><svg class=\"e-font-icon-svg e-fas-phone-alt\" viewbox=\"0 0 512 512\" xmlns=\"http:\/\/www.w3.org\/2000\/svg\"><path d=\"M497.39 361.8l-112-48a24 24 0 0 0-28 6.9l-49.6 60.6A370.66 370.66 0 0 1 130.6 204.11l60.6-49.6a23.94 23.94 0 0 0 6.9-28l-48-112A24.16 24.16 0 0 0 122.6.61l-104 24A24 24 0 0 0 0 48c0 256.5 207.9 464 464 464a24 24 0 0 0 23.4-18.6l24-104a24.29 24.29 0 0 0-14.01-27.6z\"><\/path><\/svg><\/span><\/div><\/a><\/div>\t\t\t\t<\/div>\n\t\t\t\t<\/div>\n\t\t\t\t\t<\/div>\n\t\t\t\t<\/div>\n\t\t\t\t<\/div>","protected":false},"excerpt":{"rendered":"<p>Zuverl\u00e4ssiger Service \u2013 Ihr Vertrauen zahlt sich aus! FAHRZEUGTYPEN AUTO Individualisierter Service f\u00fcr Ihr Fahrzeug: W\u00e4hlen Sie zwischen Auto und Wohnmobil f\u00fcr ma\u00dfgeschneiderte Betreuung Sichere L\u00f6sungen Unser Versprechen f\u00fcr unbeschwerte Fahrerlebnisse bei jeglichem Fahrzeug. Meister-Techniker Unsere erfahrenen Mitarbeiter bringen sowohl Ihr Auto als auch Ihr Wohnmobil wieder in ihren urspr\u00fcnglichen Glanz \u2013 Qualit\u00e4t, die begeistert. Wohnmobile Anrufen<\/p>","protected":false},"author":1,"featured_media":0,"parent":0,"menu_order":0,"comment_status":"closed","ping_status":"closed","template":"elementor_canvas","meta":{"footnotes":""},"yoast_head":"<!-- This site is optimized with the Yoast SEO plugin v24.5 - https:\/\/yoast.com\/wordpress\/plugins\/seo\/ -->\n<title>Fahrzeugtypen - KLM-Zentrum GmbH<\/title>\n<meta name=\"description\" content=\"W\u00e4hlen Sie unseren Service f\u00fcr Wohnmobile und Autos. Professionelle Dienstleistungen f\u00fcr Zuverl\u00e4ssigkeit und Sicherheit.\" \/>\n<meta name=\"robots\" content=\"index, follow, max-snippet:-1, max-image-preview:large, max-video-preview:-1\" \/>\n<link rel=\"canonical\" href=\"https:\/\/klm-zentrum.de\/fr\/fahrzeugtypen\/\" \/>\n<meta property=\"og:locale\" content=\"fr_FR\" \/>\n<meta property=\"og:type\" content=\"article\" \/>\n<meta property=\"og:title\" content=\"Fahrzeugtypen - KLM-Zentrum GmbH\" \/>\n<meta property=\"og:description\" content=\"W\u00e4hlen Sie unseren Service f\u00fcr Wohnmobile und Autos. Professionelle Dienstleistungen f\u00fcr Zuverl\u00e4ssigkeit und Sicherheit.\" \/>\n<meta property=\"og:url\" content=\"https:\/\/klm-zentrum.de\/fr\/fahrzeugtypen\/\" \/>\n<meta property=\"og:site_name\" content=\"KLM-Zentrum\" \/>\n<meta property=\"article:modified_time\" content=\"2024-12-28T07:56:59+00:00\" \/>\n<meta property=\"og:image\" content=\"https:\/\/klm-zentrum.de\/wp-content\/uploads\/2024\/02\/icon_26.png\" \/>\n\t<meta property=\"og:image:width\" content=\"512\" \/>\n\t<meta property=\"og:image:height\" content=\"512\" \/>\n\t<meta property=\"og:image:type\" content=\"image\/png\" \/>\n<meta name=\"twitter:card\" content=\"summary_large_image\" \/>\n<meta name=\"twitter:label1\" content=\"Dur\u00e9e de lecture estim\u00e9e\" \/>\n\t<meta name=\"twitter:data1\" content=\"1 minute\" \/>\n<script type=\"application\/ld+json\" class=\"yoast-schema-graph\">{\"@context\":\"https:\/\/schema.org\",\"@graph\":[{\"@type\":\"WebPage\",\"@id\":\"https:\/\/klm-zentrum.de\/fahrzeugtypen\/\",\"url\":\"https:\/\/klm-zentrum.de\/fahrzeugtypen\/\",\"name\":\"Fahrzeugtypen - KLM-Zentrum GmbH\",\"isPartOf\":{\"@id\":\"https:\/\/klm-zentrum.de\/#website\"},\"primaryImageOfPage\":{\"@id\":\"https:\/\/klm-zentrum.de\/fahrzeugtypen\/#primaryimage\"},\"image\":{\"@id\":\"https:\/\/klm-zentrum.de\/fahrzeugtypen\/#primaryimage\"},\"thumbnailUrl\":\"https:\/\/klm-zentrum.de\/wp-content\/uploads\/2024\/02\/icon_26.png\",\"datePublished\":\"2024-01-30T07:38:50+00:00\",\"dateModified\":\"2024-12-28T07:56:59+00:00\",\"description\":\"W\u00e4hlen Sie unseren Service f\u00fcr Wohnmobile und Autos. Professionelle Dienstleistungen f\u00fcr Zuverl\u00e4ssigkeit und Sicherheit.\",\"breadcrumb\":{\"@id\":\"https:\/\/klm-zentrum.de\/fahrzeugtypen\/#breadcrumb\"},\"inLanguage\":\"fr-FR\",\"potentialAction\":[{\"@type\":\"ReadAction\",\"target\":[\"https:\/\/klm-zentrum.de\/fahrzeugtypen\/\"]}]},{\"@type\":\"ImageObject\",\"inLanguage\":\"fr-FR\",\"@id\":\"https:\/\/klm-zentrum.de\/fahrzeugtypen\/#primaryimage\",\"url\":\"https:\/\/klm-zentrum.de\/wp-content\/uploads\/2024\/02\/icon_26.png\",\"contentUrl\":\"https:\/\/klm-zentrum.de\/wp-content\/uploads\/2024\/02\/icon_26.png\"},{\"@type\":\"BreadcrumbList\",\"@id\":\"https:\/\/klm-zentrum.de\/fahrzeugtypen\/#breadcrumb\",\"itemListElement\":[{\"@type\":\"ListItem\",\"position\":1,\"name\":\"Home\",\"item\":\"https:\/\/klm-zentrum.de\/\"},{\"@type\":\"ListItem\",\"position\":2,\"name\":\"Fahrzeugtypen\"}]},{\"@type\":\"WebSite\",\"@id\":\"https:\/\/klm-zentrum.de\/#website\",\"url\":\"https:\/\/klm-zentrum.de\/\",\"name\":\"KLM-Zentrum GmbH\",\"description\":\"Ihr zuverl\u00e4ssiger Partner f\u00fcr Auto- und Wohnmobil-Services. Professionelle Wartung, Reparaturen und individuelle Betreuung \u2013 wir k\u00fcmmern uns um Ihr Fahrzeug, damit Sie sorglos unterwegs sind.\",\"publisher\":{\"@id\":\"https:\/\/klm-zentrum.de\/#organization\"},\"potentialAction\":[{\"@type\":\"SearchAction\",\"target\":{\"@type\":\"EntryPoint\",\"urlTemplate\":\"https:\/\/klm-zentrum.de\/?s={search_term_string}\"},\"query-input\":{\"@type\":\"PropertyValueSpecification\",\"valueRequired\":true,\"valueName\":\"search_term_string\"}}],\"inLanguage\":\"fr-FR\"},{\"@type\":\"Organization\",\"@id\":\"https:\/\/klm-zentrum.de\/#organization\",\"name\":\"KLM-Zentrum\",\"url\":\"https:\/\/klm-zentrum.de\/\",\"logo\":{\"@type\":\"ImageObject\",\"inLanguage\":\"fr-FR\",\"@id\":\"https:\/\/klm-zentrum.de\/#\/schema\/logo\/image\/\",\"url\":\"https:\/\/klm-zentrum.de\/wp-content\/uploads\/2023\/12\/cropped-Untitled-3.png\",\"contentUrl\":\"https:\/\/klm-zentrum.de\/wp-content\/uploads\/2023\/12\/cropped-Untitled-3.png\",\"width\":512,\"height\":512,\"caption\":\"KLM-Zentrum\"},\"image\":{\"@id\":\"https:\/\/klm-zentrum.de\/#\/schema\/logo\/image\/\"}}]}<\/script>\n<!-- \/ Yoast SEO plugin. -->","yoast_head_json":{"title":"Fahrzeugtypen - KLM-Zentrum GmbH","description":"W\u00e4hlen Sie unseren Service f\u00fcr Wohnmobile und Autos. Professionelle Dienstleistungen f\u00fcr Zuverl\u00e4ssigkeit und Sicherheit.","robots":{"index":"index","follow":"follow","max-snippet":"max-snippet:-1","max-image-preview":"max-image-preview:large","max-video-preview":"max-video-preview:-1"},"canonical":"https:\/\/klm-zentrum.de\/fr\/fahrzeugtypen\/","og_locale":"fr_FR","og_type":"article","og_title":"Fahrzeugtypen - KLM-Zentrum GmbH","og_description":"W\u00e4hlen Sie unseren Service f\u00fcr Wohnmobile und Autos. Professionelle Dienstleistungen f\u00fcr Zuverl\u00e4ssigkeit und Sicherheit.","og_url":"https:\/\/klm-zentrum.de\/fr\/fahrzeugtypen\/","og_site_name":"KLM-Zentrum","article_modified_time":"2024-12-28T07:56:59+00:00","og_image":[{"width":512,"height":512,"url":"https:\/\/klm-zentrum.de\/wp-content\/uploads\/2024\/02\/icon_26.png","type":"image\/png"}],"twitter_card":"summary_large_image","twitter_misc":{"Dur\u00e9e de lecture estim\u00e9e":"1 minute"},"schema":{"@context":"https:\/\/schema.org","@graph":[{"@type":"WebPage","@id":"https:\/\/klm-zentrum.de\/fahrzeugtypen\/","url":"https:\/\/klm-zentrum.de\/fahrzeugtypen\/","name":"Fahrzeugtypen - KLM-Zentrum GmbH","isPartOf":{"@id":"https:\/\/klm-zentrum.de\/#website"},"primaryImageOfPage":{"@id":"https:\/\/klm-zentrum.de\/fahrzeugtypen\/#primaryimage"},"image":{"@id":"https:\/\/klm-zentrum.de\/fahrzeugtypen\/#primaryimage"},"thumbnailUrl":"https:\/\/klm-zentrum.de\/wp-content\/uploads\/2024\/02\/icon_26.png","datePublished":"2024-01-30T07:38:50+00:00","dateModified":"2024-12-28T07:56:59+00:00","description":"W\u00e4hlen Sie unseren Service f\u00fcr Wohnmobile und Autos. Professionelle Dienstleistungen f\u00fcr Zuverl\u00e4ssigkeit und Sicherheit.","breadcrumb":{"@id":"https:\/\/klm-zentrum.de\/fahrzeugtypen\/#breadcrumb"},"inLanguage":"fr-FR","potentialAction":[{"@type":"ReadAction","target":["https:\/\/klm-zentrum.de\/fahrzeugtypen\/"]}]},{"@type":"ImageObject","inLanguage":"fr-FR","@id":"https:\/\/klm-zentrum.de\/fahrzeugtypen\/#primaryimage","url":"https:\/\/klm-zentrum.de\/wp-content\/uploads\/2024\/02\/icon_26.png","contentUrl":"https:\/\/klm-zentrum.de\/wp-content\/uploads\/2024\/02\/icon_26.png"},{"@type":"BreadcrumbList","@id":"https:\/\/klm-zentrum.de\/fahrzeugtypen\/#breadcrumb","itemListElement":[{"@type":"ListItem","position":1,"name":"Home","item":"https:\/\/klm-zentrum.de\/"},{"@type":"ListItem","position":2,"name":"Fahrzeugtypen"}]},{"@type":"WebSite","@id":"https:\/\/klm-zentrum.de\/#website","url":"https:\/\/klm-zentrum.de\/","name":"Centre KLM GmbH","description":"Votre partenaire fiable pour les services de voiture et de camping-car. Entretien professionnel, r\u00e9parations et suivi individuel - nous prenons soin de votre v\u00e9hicule pour que vous puissiez rouler sans souci.","publisher":{"@id":"https:\/\/klm-zentrum.de\/#organization"},"potentialAction":[{"@type":"SearchAction","target":{"@type":"EntryPoint","urlTemplate":"https:\/\/klm-zentrum.de\/?s={search_term_string}"},"query-input":{"@type":"PropertyValueSpecification","valueRequired":true,"valueName":"search_term_string"}}],"inLanguage":"fr-FR"},{"@type":"Organization","@id":"https:\/\/klm-zentrum.de\/#organization","name":"Centre KLM","url":"https:\/\/klm-zentrum.de\/","logo":{"@type":"ImageObject","inLanguage":"fr-FR","@id":"https:\/\/klm-zentrum.de\/#\/schema\/logo\/image\/","url":"https:\/\/klm-zentrum.de\/wp-content\/uploads\/2023\/12\/cropped-Untitled-3.png","contentUrl":"https:\/\/klm-zentrum.de\/wp-content\/uploads\/2023\/12\/cropped-Untitled-3.png","width":512,"height":512,"caption":"KLM-Zentrum"},"image":{"@id":"https:\/\/klm-zentrum.de\/#\/schema\/logo\/image\/"}}]}},"_links":{"self":[{"href":"https:\/\/klm-zentrum.de\/fr\/wp-json\/wp\/v2\/pages\/1289"}],"collection":[{"href":"https:\/\/klm-zentrum.de\/fr\/wp-json\/wp\/v2\/pages"}],"about":[{"href":"https:\/\/klm-zentrum.de\/fr\/wp-json\/wp\/v2\/types\/page"}],"author":[{"embeddable":true,"href":"https:\/\/klm-zentrum.de\/fr\/wp-json\/wp\/v2\/users\/1"}],"replies":[{"embeddable":true,"href":"https:\/\/klm-zentrum.de\/fr\/wp-json\/wp\/v2\/comments?post=1289"}],"version-history":[{"count":280,"href":"https:\/\/klm-zentrum.de\/fr\/wp-json\/wp\/v2\/pages\/1289\/revisions"}],"predecessor-version":[{"id":6315,"href":"https:\/\/klm-zentrum.de\/fr\/wp-json\/wp\/v2\/pages\/1289\/revisions\/6315"}],"wp:attachment":[{"href":"https:\/\/klm-zentrum.de\/fr\/wp-json\/wp\/v2\/media?parent=1289"}],"curies":[{"name":"wp","href":"https:\/\/api.w.org\/{rel}","templated":true}]}}