{"id":1282,"date":"2024-01-30T07:33:41","date_gmt":"2024-01-30T07:33:41","guid":{"rendered":"http:\/\/klm-zentrum.de\/?page_id=1282"},"modified":"2024-12-28T08:57:17","modified_gmt":"2024-12-28T07:57:17","slug":"werkstatt","status":"publish","type":"page","link":"https:\/\/klm-zentrum.de\/es\/werkstatt\/","title":{"rendered":"Taller"},"content":{"rendered":"<div data-elementor-type=\"wp-page\" data-elementor-id=\"1282\" class=\"elementor elementor-1282\">\n\t\t\t\t\t\t<section class=\"elementor-section elementor-top-section elementor-element elementor-element-b46a830 elementor-section-height-min-height elementor-section-boxed elementor-section-height-default elementor-section-items-middle wpr-particle-no wpr-jarallax-no wpr-parallax-no wpr-sticky-section-no wpr-equal-height-no\" data-id=\"b46a830\" data-element_type=\"section\" data-settings=\"{&quot;background_background&quot;:&quot;classic&quot;}\">\n\t\t\t\t\t\t\t<div class=\"elementor-background-overlay\"><\/div>\n\t\t\t\t\t\t\t<div class=\"elementor-container elementor-column-gap-default\">\n\t\t\t\t\t<div class=\"elementor-column elementor-col-100 elementor-top-column elementor-element elementor-element-55c91bf\" data-id=\"55c91bf\" data-element_type=\"column\">\n\t\t\t<div class=\"elementor-widget-wrap elementor-element-populated\">\n\t\t\t\t\t\t<div class=\"elementor-element elementor-element-9d6b24f elementor-widget__width-initial elementor-invisible elementor-widget elementor-widget-icon-box\" data-id=\"9d6b24f\" data-element_type=\"widget\" data-settings=\"{&quot;_animation&quot;:&quot;fadeInLeft&quot;}\" data-widget_type=\"icon-box.default\">\n\t\t\t\t<div class=\"elementor-widget-container\">\n\t\t\t\t\t\t\t<div class=\"elementor-icon-box-wrapper\">\n\n\t\t\t\n\t\t\t\t\t\t<div class=\"elementor-icon-box-content\">\n\n\t\t\t\t\t\t\t\t\t<h4 class=\"elementor-icon-box-title\">\n\t\t\t\t\t\t<span  >\n\t\t\t\t\t\t\tAtornillar con cuidado, reparar con pasi\u00f3n.\t\t\t\t\t\t<\/span>\n\t\t\t\t\t<\/h4>\n\t\t\t\t\n\t\t\t\t\t\t\t\t\t<p class=\"elementor-icon-box-description\">\n\t\t\t\t\t\tTaller\t\t\t\t\t<\/p>\n\t\t\t\t\n\t\t\t<\/div>\n\t\t\t\n\t\t<\/div>\n\t\t\t\t\t\t<\/div>\n\t\t\t\t<\/div>\n\t\t\t\t\t<\/div>\n\t\t<\/div>\n\t\t\t\t\t<\/div>\n\t\t<\/section>\n\t\t\t\t<section class=\"elementor-section elementor-top-section elementor-element elementor-element-6b0b9365 elementor-section-boxed elementor-section-height-default elementor-section-height-default wpr-particle-no wpr-jarallax-no wpr-parallax-no wpr-sticky-section-no wpr-equal-height-no\" data-id=\"6b0b9365\" data-element_type=\"section\">\n\t\t\t\t\t\t<div class=\"elementor-container elementor-column-gap-default\">\n\t\t\t\t\t<div class=\"elementor-column elementor-col-50 elementor-top-column elementor-element elementor-element-123313ad\" data-id=\"123313ad\" data-element_type=\"column\">\n\t\t\t<div class=\"elementor-widget-wrap elementor-element-populated\">\n\t\t\t\t\t\t<div class=\"elementor-element elementor-element-4b5681e6 elementor-widget elementor-widget-image\" data-id=\"4b5681e6\" data-element_type=\"widget\" data-widget_type=\"image.default\">\n\t\t\t\t<div class=\"elementor-widget-container\">\n\t\t\t\t\t\t\t\t\t\t\t\t<figure class=\"wp-caption\">\n\t\t\t\t\t\t\t\t\t\t<img fetchpriority=\"high\" decoding=\"async\" width=\"2560\" height=\"1709\" src=\"https:\/\/klm-zentrum.de\/wp-content\/uploads\/2024\/02\/garage-with-tool-cart-2023-11-27-05-13-13-utc-scaled.jpg\" class=\"attachment-full size-full wp-image-5312\" alt=\"Werkstatt mit Werkzeugwagen.\" srcset=\"https:\/\/klm-zentrum.de\/wp-content\/uploads\/2024\/02\/garage-with-tool-cart-2023-11-27-05-13-13-utc-scaled.jpg 2560w, https:\/\/klm-zentrum.de\/wp-content\/uploads\/2024\/02\/garage-with-tool-cart-2023-11-27-05-13-13-utc-300x200.jpg 300w, https:\/\/klm-zentrum.de\/wp-content\/uploads\/2024\/02\/garage-with-tool-cart-2023-11-27-05-13-13-utc-1024x683.jpg 1024w, https:\/\/klm-zentrum.de\/wp-content\/uploads\/2024\/02\/garage-with-tool-cart-2023-11-27-05-13-13-utc-768x513.jpg 768w, https:\/\/klm-zentrum.de\/wp-content\/uploads\/2024\/02\/garage-with-tool-cart-2023-11-27-05-13-13-utc-1536x1025.jpg 1536w, https:\/\/klm-zentrum.de\/wp-content\/uploads\/2024\/02\/garage-with-tool-cart-2023-11-27-05-13-13-utc-2048x1367.jpg 2048w\" sizes=\"(max-width: 2560px) 100vw, 2560px\" \/>\t\t\t\t\t\t\t\t\t\t\t<figcaption class=\"widget-image-caption wp-caption-text\"><\/figcaption>\n\t\t\t\t\t\t\t\t\t\t<\/figure>\n\t\t\t\t\t\t\t\t\t<\/div>\n\t\t\t\t<\/div>\n\t\t\t\t\t<\/div>\n\t\t<\/div>\n\t\t\t\t<div class=\"elementor-column elementor-col-50 elementor-top-column elementor-element elementor-element-7bb712b3\" data-id=\"7bb712b3\" data-element_type=\"column\">\n\t\t\t<div class=\"elementor-widget-wrap elementor-element-populated\">\n\t\t\t\t\t\t<div class=\"elementor-element elementor-element-74d27ebb elementor-widget__width-initial elementor-widget elementor-widget-heading\" data-id=\"74d27ebb\" data-element_type=\"widget\" data-widget_type=\"heading.default\">\n\t\t\t\t<div class=\"elementor-widget-container\">\n\t\t\t\t\t<h2 class=\"elementor-heading-title elementor-size-default\"><a href=\"https:\/\/klm-zentrum.de\/es\/leistungen\/\">Taller del Centro KLM - Cuidado magistral de su veh\u00edculo<\/a><\/h2>\t\t\t\t<\/div>\n\t\t\t\t<\/div>\n\t\t\t\t<div class=\"elementor-element elementor-element-9de6729 elementor-widget elementor-widget-text-editor\" data-id=\"9de6729\" data-element_type=\"widget\" data-widget_type=\"text-editor.default\">\n\t\t\t\t<div class=\"elementor-widget-container\">\n\t\t\t\t\t\t\t\t\t<p>Bienvenido al taller KLM, donde el cuidado del veh\u00edculo se convierte en una pasi\u00f3n. Con m\u00e1s de una d\u00e9cada de experiencia, le ofrecemos un servicio de primera clase para coches y autocaravanas. Nuestros especialistas altamente cualificados son sin\u00f3nimo de precisi\u00f3n, fiabilidad y pasi\u00f3n por su oficio.<\/p>\t\t\t\t\t\t\t\t<\/div>\n\t\t\t\t<\/div>\n\t\t\t\t<section class=\"elementor-section elementor-inner-section elementor-element elementor-element-7aad9c72 elementor-section-full_width elementor-section-height-default elementor-section-height-default wpr-particle-no wpr-jarallax-no wpr-parallax-no wpr-sticky-section-no wpr-equal-height-no\" data-id=\"7aad9c72\" data-element_type=\"section\">\n\t\t\t\t\t\t<div class=\"elementor-container elementor-column-gap-default\">\n\t\t\t\t\t<div class=\"elementor-column elementor-col-100 elementor-inner-column elementor-element elementor-element-ded9361\" data-id=\"ded9361\" data-element_type=\"column\">\n\t\t\t<div class=\"elementor-widget-wrap elementor-element-populated\">\n\t\t\t\t\t\t<div class=\"elementor-element elementor-element-918cfaa elementor-icon-list--layout-traditional elementor-list-item-link-full_width elementor-widget elementor-widget-icon-list\" data-id=\"918cfaa\" data-element_type=\"widget\" data-widget_type=\"icon-list.default\">\n\t\t\t\t<div class=\"elementor-widget-container\">\n\t\t\t\t\t\t\t<ul class=\"elementor-icon-list-items\">\n\t\t\t\t\t\t\t<li class=\"elementor-icon-list-item\">\n\t\t\t\t\t\t\t\t\t\t\t<a href=\"https:\/\/klm-zentrum.de\/es\/kontakt\/\">\n\n\t\t\t\t\t\t\t\t\t\t\t\t<span class=\"elementor-icon-list-icon\">\n\t\t\t\t\t\t\t<svg aria-hidden=\"true\" class=\"e-font-icon-svg e-fas-check\" viewbox=\"0 0 512 512\" xmlns=\"http:\/\/www.w3.org\/2000\/svg\"><path d=\"M173.898 439.404l-166.4-166.4c-9.997-9.997-9.997-26.206 0-36.204l36.203-36.204c9.997-9.998 26.207-9.998 36.204 0L192 312.69 432.095 72.596c9.997-9.997 26.207-9.997 36.204 0l36.203 36.204c9.997 9.997 9.997 26.206 0 36.204l-294.4 294.401c-9.998 9.997-26.207 9.997-36.204-.001z\"><\/path><\/svg>\t\t\t\t\t\t<\/span>\n\t\t\t\t\t\t\t\t\t\t<span class=\"elementor-icon-list-text\">Reparaciones integrales de veh\u00edculos<\/span>\n\t\t\t\t\t\t\t\t\t\t\t<\/a>\n\t\t\t\t\t\t\t\t\t<\/li>\n\t\t\t\t\t\t\t\t<li class=\"elementor-icon-list-item\">\n\t\t\t\t\t\t\t\t\t\t\t<a href=\"https:\/\/klm-zentrum.de\/es\/kontakt\/\">\n\n\t\t\t\t\t\t\t\t\t\t\t\t<span class=\"elementor-icon-list-icon\">\n\t\t\t\t\t\t\t<svg aria-hidden=\"true\" class=\"e-font-icon-svg e-fas-check\" viewbox=\"0 0 512 512\" xmlns=\"http:\/\/www.w3.org\/2000\/svg\"><path d=\"M173.898 439.404l-166.4-166.4c-9.997-9.997-9.997-26.206 0-36.204l36.203-36.204c9.997-9.998 26.207-9.998 36.204 0L192 312.69 432.095 72.596c9.997-9.997 26.207-9.997 36.204 0l36.203 36.204c9.997 9.997 9.997 26.206 0 36.204l-294.4 294.401c-9.998 9.997-26.207 9.997-36.204-.001z\"><\/path><\/svg>\t\t\t\t\t\t<\/span>\n\t\t\t\t\t\t\t\t\t\t<span class=\"elementor-icon-list-text\">Pintura de la m\u00e1xima calidad<\/span>\n\t\t\t\t\t\t\t\t\t\t\t<\/a>\n\t\t\t\t\t\t\t\t\t<\/li>\n\t\t\t\t\t\t\t\t<li class=\"elementor-icon-list-item\">\n\t\t\t\t\t\t\t\t\t\t\t<a href=\"https:\/\/klm-zentrum.de\/es\/kontakt\/\">\n\n\t\t\t\t\t\t\t\t\t\t\t\t<span class=\"elementor-icon-list-icon\">\n\t\t\t\t\t\t\t<svg aria-hidden=\"true\" class=\"e-font-icon-svg e-fas-check\" viewbox=\"0 0 512 512\" xmlns=\"http:\/\/www.w3.org\/2000\/svg\"><path d=\"M173.898 439.404l-166.4-166.4c-9.997-9.997-9.997-26.206 0-36.204l36.203-36.204c9.997-9.998 26.207-9.998 36.204 0L192 312.69 432.095 72.596c9.997-9.997 26.207-9.997 36.204 0l36.203 36.204c9.997 9.997 9.997 26.206 0 36.204l-294.4 294.401c-9.998 9.997-26.207 9.997-36.204-.001z\"><\/path><\/svg>\t\t\t\t\t\t<\/span>\n\t\t\t\t\t\t\t\t\t\t<span class=\"elementor-icon-list-text\">Experiencia en mec\u00e1nica y carrocer\u00eda<\/span>\n\t\t\t\t\t\t\t\t\t\t\t<\/a>\n\t\t\t\t\t\t\t\t\t<\/li>\n\t\t\t\t\t\t\t\t<li class=\"elementor-icon-list-item\">\n\t\t\t\t\t\t\t\t\t\t\t<a href=\"https:\/\/klm-zentrum.de\/es\/kontakt\/\">\n\n\t\t\t\t\t\t\t\t\t\t\t\t<span class=\"elementor-icon-list-icon\">\n\t\t\t\t\t\t\t<svg aria-hidden=\"true\" class=\"e-font-icon-svg e-fas-check\" viewbox=\"0 0 512 512\" xmlns=\"http:\/\/www.w3.org\/2000\/svg\"><path d=\"M173.898 439.404l-166.4-166.4c-9.997-9.997-9.997-26.206 0-36.204l36.203-36.204c9.997-9.998 26.207-9.998 36.204 0L192 312.69 432.095 72.596c9.997-9.997 26.207-9.997 36.204 0l36.203 36.204c9.997 9.997 9.997 26.206 0 36.204l-294.4 294.401c-9.998 9.997-26.207 9.997-36.204-.001z\"><\/path><\/svg>\t\t\t\t\t\t<\/span>\n\t\t\t\t\t\t\t\t\t\t<span class=\"elementor-icon-list-text\">Servicio profesional de neum\u00e1ticos de todas las marcas<\/span>\n\t\t\t\t\t\t\t\t\t\t\t<\/a>\n\t\t\t\t\t\t\t\t\t<\/li>\n\t\t\t\t\t\t<\/ul>\n\t\t\t\t\t\t<\/div>\n\t\t\t\t<\/div>\n\t\t\t\t\t<\/div>\n\t\t<\/div>\n\t\t\t\t\t<\/div>\n\t\t<\/section>\n\t\t\t\t<div class=\"elementor-element elementor-element-4609398c elementor-widget elementor-widget-text-editor\" data-id=\"4609398c\" data-element_type=\"widget\" data-widget_type=\"text-editor.default\">\n\t\t\t\t<div class=\"elementor-widget-container\">\n\t\t\t\t\t\t\t\t\t<p>Conf\u00ede en nuestra experiencia demostrada a la hora de cuidar su veh\u00edculo. Trabajamos con la m\u00e1xima precisi\u00f3n para que pueda volver a la carretera sin preocupaciones.<\/p><p>Vis\u00edtenos y experimente un servicio de primera clase en KLM, su taller de confianza.<\/p>\t\t\t\t\t\t\t\t<\/div>\n\t\t\t\t<\/div>\n\t\t\t\t\t<\/div>\n\t\t<\/div>\n\t\t\t\t\t<\/div>\n\t\t<\/section>\n\t\t<div class=\"elementor-element elementor-element-be748de e-flex e-con-boxed wpr-particle-no wpr-jarallax-no wpr-parallax-no wpr-sticky-section-no wpr-equal-height-no e-con e-parent\" data-id=\"be748de\" data-element_type=\"container\">\n\t\t\t\t\t<div class=\"e-con-inner\">\n\t\t\t\t<div class=\"elementor-element elementor-element-d0648d8 wpr-pc-btn-align-fixed wpr-pc-btn-align-fixed-right wpr-pc-btn-icon-right elementor-widget elementor-widget-wpr-phone-call\" data-id=\"d0648d8\" data-element_type=\"widget\" data-widget_type=\"wpr-phone-call.default\">\n\t\t\t\t<div class=\"elementor-widget-container\">\n\t\t\t\t\t<div class=\"wpr-pc-wrapper\"><a href=\"tel:+49 821 317 0721\" class=\"wpr-pc-btn\"><div class=\"wpr-pc-content\"><span class=\"wpr-pc-text\">Llame a<\/span><span class=\"wpr-pc-btn-icon\"><svg class=\"e-font-icon-svg e-fas-phone-alt\" viewbox=\"0 0 512 512\" xmlns=\"http:\/\/www.w3.org\/2000\/svg\"><path d=\"M497.39 361.8l-112-48a24 24 0 0 0-28 6.9l-49.6 60.6A370.66 370.66 0 0 1 130.6 204.11l60.6-49.6a23.94 23.94 0 0 0 6.9-28l-48-112A24.16 24.16 0 0 0 122.6.61l-104 24A24 24 0 0 0 0 48c0 256.5 207.9 464 464 464a24 24 0 0 0 23.4-18.6l24-104a24.29 24.29 0 0 0-14.01-27.6z\"><\/path><\/svg><\/span><\/div><\/a><\/div>\t\t\t\t<\/div>\n\t\t\t\t<\/div>\n\t\t\t\t\t<\/div>\n\t\t\t\t<\/div>\n\t\t\t\t<\/div>","protected":false},"excerpt":{"rendered":"<p>Schrauben mit Sorgfalt, Reparieren mit Leidenschaft. Werkstatt KLM Zentrum Werkstatt \u2013 Meisterhafte Pflege f\u00fcr Ihr Fahrzeug Willkommen in der KLM Werkstatt, wo Fahrzeugpflege zur Leidenschaft wird. Mit \u00fcber einem Jahrzehnt Erfahrung bieten wir Ihnen erstklassigen Autoservice und Wohnmobile-Service. Unsere hochqualifizierten Fachleute stehen f\u00fcr Pr\u00e4zision, Zuverl\u00e4ssigkeit und Leidenschaft im Handwerk. Umfassende Fahrzeugreparaturen Lackierarbeiten in h\u00f6chster Qualit\u00e4t Expertise in Mechanik und Karosseriearbeiten Profi-Reifenservice f\u00fcr alle Marken Vertrauen Sie auf unsere bew\u00e4hrte Expertise, wenn es um die Pflege Ihres Fahrzeugs geht. Wir arbeiten mit h\u00f6chster Pr\u00e4zision, damit Sie wieder sorglos auf die Stra\u00dfe gehen k\u00f6nnen. Besuchen Sie uns und erleben Sie erstklassigen Service bei KLM \u2013 Ihrer Werkstatt des Vertrauens. Anrufen<\/p>","protected":false},"author":1,"featured_media":0,"parent":0,"menu_order":0,"comment_status":"closed","ping_status":"closed","template":"elementor_canvas","meta":{"footnotes":""},"yoast_head":"<!-- This site is optimized with the Yoast SEO plugin v24.5 - https:\/\/yoast.com\/wordpress\/plugins\/seo\/ -->\n<title>Werkstatt - KLM-Zentrum GmbH<\/title>\n<meta name=\"description\" content=\"Werkstatt-Service in Augsburg: Profi-Reparaturen, umfassende Wartung, Fahrzeugdiagnose. Verl\u00e4sslich, kompetent und serviceorientiert.\" \/>\n<meta name=\"robots\" content=\"index, follow, max-snippet:-1, max-image-preview:large, max-video-preview:-1\" \/>\n<link rel=\"canonical\" href=\"https:\/\/klm-zentrum.de\/es\/werkstatt\/\" \/>\n<meta property=\"og:locale\" content=\"es_ES\" \/>\n<meta property=\"og:type\" content=\"article\" \/>\n<meta property=\"og:title\" content=\"Werkstatt - KLM-Zentrum GmbH\" \/>\n<meta property=\"og:description\" content=\"Werkstatt-Service in Augsburg: Profi-Reparaturen, umfassende Wartung, Fahrzeugdiagnose. Verl\u00e4sslich, kompetent und serviceorientiert.\" \/>\n<meta property=\"og:url\" content=\"https:\/\/klm-zentrum.de\/es\/werkstatt\/\" \/>\n<meta property=\"og:site_name\" content=\"KLM-Zentrum\" \/>\n<meta property=\"article:modified_time\" content=\"2024-12-28T07:57:17+00:00\" \/>\n<meta property=\"og:image\" content=\"https:\/\/klm-zentrum.de\/wp-content\/uploads\/2024\/02\/garage-with-tool-cart-2023-11-27-05-13-13-utc-scaled.jpg\" \/>\n\t<meta property=\"og:image:width\" content=\"2560\" \/>\n\t<meta property=\"og:image:height\" content=\"1709\" \/>\n\t<meta property=\"og:image:type\" content=\"image\/jpeg\" \/>\n<meta name=\"twitter:card\" content=\"summary_large_image\" \/>\n<meta name=\"twitter:label1\" content=\"Tiempo de lectura\" \/>\n\t<meta name=\"twitter:data1\" content=\"3 minutos\" \/>\n<script type=\"application\/ld+json\" class=\"yoast-schema-graph\">{\"@context\":\"https:\/\/schema.org\",\"@graph\":[{\"@type\":\"WebPage\",\"@id\":\"https:\/\/klm-zentrum.de\/werkstatt\/\",\"url\":\"https:\/\/klm-zentrum.de\/werkstatt\/\",\"name\":\"Werkstatt - KLM-Zentrum GmbH\",\"isPartOf\":{\"@id\":\"https:\/\/klm-zentrum.de\/#website\"},\"primaryImageOfPage\":{\"@id\":\"https:\/\/klm-zentrum.de\/werkstatt\/#primaryimage\"},\"image\":{\"@id\":\"https:\/\/klm-zentrum.de\/werkstatt\/#primaryimage\"},\"thumbnailUrl\":\"https:\/\/klm-zentrum.de\/wp-content\/uploads\/2024\/02\/garage-with-tool-cart-2023-11-27-05-13-13-utc-scaled.jpg\",\"datePublished\":\"2024-01-30T07:33:41+00:00\",\"dateModified\":\"2024-12-28T07:57:17+00:00\",\"description\":\"Werkstatt-Service in Augsburg: Profi-Reparaturen, umfassende Wartung, Fahrzeugdiagnose. Verl\u00e4sslich, kompetent und serviceorientiert.\",\"breadcrumb\":{\"@id\":\"https:\/\/klm-zentrum.de\/werkstatt\/#breadcrumb\"},\"inLanguage\":\"es\",\"potentialAction\":[{\"@type\":\"ReadAction\",\"target\":[\"https:\/\/klm-zentrum.de\/werkstatt\/\"]}]},{\"@type\":\"ImageObject\",\"inLanguage\":\"es\",\"@id\":\"https:\/\/klm-zentrum.de\/werkstatt\/#primaryimage\",\"url\":\"https:\/\/klm-zentrum.de\/wp-content\/uploads\/2024\/02\/garage-with-tool-cart-2023-11-27-05-13-13-utc-scaled.jpg\",\"contentUrl\":\"https:\/\/klm-zentrum.de\/wp-content\/uploads\/2024\/02\/garage-with-tool-cart-2023-11-27-05-13-13-utc-scaled.jpg\"},{\"@type\":\"BreadcrumbList\",\"@id\":\"https:\/\/klm-zentrum.de\/werkstatt\/#breadcrumb\",\"itemListElement\":[{\"@type\":\"ListItem\",\"position\":1,\"name\":\"Home\",\"item\":\"https:\/\/klm-zentrum.de\/\"},{\"@type\":\"ListItem\",\"position\":2,\"name\":\"Werkstatt\"}]},{\"@type\":\"WebSite\",\"@id\":\"https:\/\/klm-zentrum.de\/#website\",\"url\":\"https:\/\/klm-zentrum.de\/\",\"name\":\"KLM-Zentrum GmbH\",\"description\":\"Ihr zuverl\u00e4ssiger Partner f\u00fcr Auto- und Wohnmobil-Services. Professionelle Wartung, Reparaturen und individuelle Betreuung \u2013 wir k\u00fcmmern uns um Ihr Fahrzeug, damit Sie sorglos unterwegs sind.\",\"publisher\":{\"@id\":\"https:\/\/klm-zentrum.de\/#organization\"},\"potentialAction\":[{\"@type\":\"SearchAction\",\"target\":{\"@type\":\"EntryPoint\",\"urlTemplate\":\"https:\/\/klm-zentrum.de\/?s={search_term_string}\"},\"query-input\":{\"@type\":\"PropertyValueSpecification\",\"valueRequired\":true,\"valueName\":\"search_term_string\"}}],\"inLanguage\":\"es\"},{\"@type\":\"Organization\",\"@id\":\"https:\/\/klm-zentrum.de\/#organization\",\"name\":\"KLM-Zentrum\",\"url\":\"https:\/\/klm-zentrum.de\/\",\"logo\":{\"@type\":\"ImageObject\",\"inLanguage\":\"es\",\"@id\":\"https:\/\/klm-zentrum.de\/#\/schema\/logo\/image\/\",\"url\":\"https:\/\/klm-zentrum.de\/wp-content\/uploads\/2023\/12\/cropped-Untitled-3.png\",\"contentUrl\":\"https:\/\/klm-zentrum.de\/wp-content\/uploads\/2023\/12\/cropped-Untitled-3.png\",\"width\":512,\"height\":512,\"caption\":\"KLM-Zentrum\"},\"image\":{\"@id\":\"https:\/\/klm-zentrum.de\/#\/schema\/logo\/image\/\"}}]}<\/script>\n<!-- \/ Yoast SEO plugin. -->","yoast_head_json":{"title":"Werkstatt - KLM-Zentrum GmbH","description":"Werkstatt-Service in Augsburg: Profi-Reparaturen, umfassende Wartung, Fahrzeugdiagnose. Verl\u00e4sslich, kompetent und serviceorientiert.","robots":{"index":"index","follow":"follow","max-snippet":"max-snippet:-1","max-image-preview":"max-image-preview:large","max-video-preview":"max-video-preview:-1"},"canonical":"https:\/\/klm-zentrum.de\/es\/werkstatt\/","og_locale":"es_ES","og_type":"article","og_title":"Werkstatt - KLM-Zentrum GmbH","og_description":"Werkstatt-Service in Augsburg: Profi-Reparaturen, umfassende Wartung, Fahrzeugdiagnose. Verl\u00e4sslich, kompetent und serviceorientiert.","og_url":"https:\/\/klm-zentrum.de\/es\/werkstatt\/","og_site_name":"KLM-Zentrum","article_modified_time":"2024-12-28T07:57:17+00:00","og_image":[{"width":2560,"height":1709,"url":"https:\/\/klm-zentrum.de\/wp-content\/uploads\/2024\/02\/garage-with-tool-cart-2023-11-27-05-13-13-utc-scaled.jpg","type":"image\/jpeg"}],"twitter_card":"summary_large_image","twitter_misc":{"Tiempo de lectura":"3 minutos"},"schema":{"@context":"https:\/\/schema.org","@graph":[{"@type":"WebPage","@id":"https:\/\/klm-zentrum.de\/werkstatt\/","url":"https:\/\/klm-zentrum.de\/werkstatt\/","name":"Werkstatt - KLM-Zentrum GmbH","isPartOf":{"@id":"https:\/\/klm-zentrum.de\/#website"},"primaryImageOfPage":{"@id":"https:\/\/klm-zentrum.de\/werkstatt\/#primaryimage"},"image":{"@id":"https:\/\/klm-zentrum.de\/werkstatt\/#primaryimage"},"thumbnailUrl":"https:\/\/klm-zentrum.de\/wp-content\/uploads\/2024\/02\/garage-with-tool-cart-2023-11-27-05-13-13-utc-scaled.jpg","datePublished":"2024-01-30T07:33:41+00:00","dateModified":"2024-12-28T07:57:17+00:00","description":"Werkstatt-Service in Augsburg: Profi-Reparaturen, umfassende Wartung, Fahrzeugdiagnose. Verl\u00e4sslich, kompetent und serviceorientiert.","breadcrumb":{"@id":"https:\/\/klm-zentrum.de\/werkstatt\/#breadcrumb"},"inLanguage":"es","potentialAction":[{"@type":"ReadAction","target":["https:\/\/klm-zentrum.de\/werkstatt\/"]}]},{"@type":"ImageObject","inLanguage":"es","@id":"https:\/\/klm-zentrum.de\/werkstatt\/#primaryimage","url":"https:\/\/klm-zentrum.de\/wp-content\/uploads\/2024\/02\/garage-with-tool-cart-2023-11-27-05-13-13-utc-scaled.jpg","contentUrl":"https:\/\/klm-zentrum.de\/wp-content\/uploads\/2024\/02\/garage-with-tool-cart-2023-11-27-05-13-13-utc-scaled.jpg"},{"@type":"BreadcrumbList","@id":"https:\/\/klm-zentrum.de\/werkstatt\/#breadcrumb","itemListElement":[{"@type":"ListItem","position":1,"name":"Home","item":"https:\/\/klm-zentrum.de\/"},{"@type":"ListItem","position":2,"name":"Werkstatt"}]},{"@type":"WebSite","@id":"https:\/\/klm-zentrum.de\/#website","url":"https:\/\/klm-zentrum.de\/","name":"KLM Centre GmbH","description":"Su socio de confianza para servicios de autom\u00f3viles y autocaravanas. Mantenimiento profesional, reparaciones y asistencia personalizada: cuidamos de su veh\u00edculo para que pueda viajar sin preocupaciones.","publisher":{"@id":"https:\/\/klm-zentrum.de\/#organization"},"potentialAction":[{"@type":"SearchAction","target":{"@type":"EntryPoint","urlTemplate":"https:\/\/klm-zentrum.de\/?s={search_term_string}"},"query-input":{"@type":"PropertyValueSpecification","valueRequired":true,"valueName":"search_term_string"}}],"inLanguage":"es"},{"@type":"Organization","@id":"https:\/\/klm-zentrum.de\/#organization","name":"Centro KLM","url":"https:\/\/klm-zentrum.de\/","logo":{"@type":"ImageObject","inLanguage":"es","@id":"https:\/\/klm-zentrum.de\/#\/schema\/logo\/image\/","url":"https:\/\/klm-zentrum.de\/wp-content\/uploads\/2023\/12\/cropped-Untitled-3.png","contentUrl":"https:\/\/klm-zentrum.de\/wp-content\/uploads\/2023\/12\/cropped-Untitled-3.png","width":512,"height":512,"caption":"KLM-Zentrum"},"image":{"@id":"https:\/\/klm-zentrum.de\/#\/schema\/logo\/image\/"}}]}},"_links":{"self":[{"href":"https:\/\/klm-zentrum.de\/es\/wp-json\/wp\/v2\/pages\/1282"}],"collection":[{"href":"https:\/\/klm-zentrum.de\/es\/wp-json\/wp\/v2\/pages"}],"about":[{"href":"https:\/\/klm-zentrum.de\/es\/wp-json\/wp\/v2\/types\/page"}],"author":[{"embeddable":true,"href":"https:\/\/klm-zentrum.de\/es\/wp-json\/wp\/v2\/users\/1"}],"replies":[{"embeddable":true,"href":"https:\/\/klm-zentrum.de\/es\/wp-json\/wp\/v2\/comments?post=1282"}],"version-history":[{"count":199,"href":"https:\/\/klm-zentrum.de\/es\/wp-json\/wp\/v2\/pages\/1282\/revisions"}],"predecessor-version":[{"id":6318,"href":"https:\/\/klm-zentrum.de\/es\/wp-json\/wp\/v2\/pages\/1282\/revisions\/6318"}],"wp:attachment":[{"href":"https:\/\/klm-zentrum.de\/es\/wp-json\/wp\/v2\/media?parent=1282"}],"curies":[{"name":"wp","href":"https:\/\/api.w.org\/{rel}","templated":true}]}}