{"id":68,"date":"2018-07-19T07:22:21","date_gmt":"2018-07-19T07:22:21","guid":{"rendered":"http:\/\/localhost\/autoser\/?page_id=68"},"modified":"2024-12-28T08:57:51","modified_gmt":"2024-12-28T07:57:51","slug":"kontakt","status":"publish","type":"page","link":"https:\/\/klm-zentrum.de\/cs\/kontakt\/","title":{"rendered":"Kontaktujte n\u00e1s"},"content":{"rendered":"<div data-elementor-type=\"wp-page\" data-elementor-id=\"68\" class=\"elementor elementor-68\">\n\t\t\t\t\t\t<section class=\"elementor-section elementor-top-section elementor-element elementor-element-3e2643a elementor-section-height-min-height elementor-section-boxed elementor-section-height-default elementor-section-items-middle wpr-particle-no wpr-jarallax-no wpr-parallax-no wpr-sticky-section-no wpr-equal-height-no\" data-id=\"3e2643a\" data-element_type=\"section\" data-settings=\"{&quot;background_background&quot;:&quot;classic&quot;}\">\n\t\t\t\t\t\t\t<div class=\"elementor-background-overlay\"><\/div>\n\t\t\t\t\t\t\t<div class=\"elementor-container elementor-column-gap-default\">\n\t\t\t\t\t<div class=\"elementor-column elementor-col-100 elementor-top-column elementor-element elementor-element-a88c3e0\" data-id=\"a88c3e0\" data-element_type=\"column\">\n\t\t\t<div class=\"elementor-widget-wrap elementor-element-populated\">\n\t\t\t\t\t\t<div class=\"elementor-element elementor-element-ac3b847 elementor-widget__width-initial elementor-invisible elementor-widget elementor-widget-icon-box\" data-id=\"ac3b847\" data-element_type=\"widget\" data-settings=\"{&quot;_animation&quot;:&quot;fadeInLeft&quot;}\" data-widget_type=\"icon-box.default\">\n\t\t\t\t<div class=\"elementor-widget-container\">\n\t\t\t\t\t\t\t<div class=\"elementor-icon-box-wrapper\">\n\n\t\t\t\n\t\t\t\t\t\t<div class=\"elementor-icon-box-content\">\n\n\t\t\t\t\t\t\t\t\t<h4 class=\"elementor-icon-box-title\">\n\t\t\t\t\t\t<span  >\n\t\t\t\t\t\t\t Jsme zde, abychom zodpov\u011bd\u011bli v\u0161echny va\u0161e ot\u00e1zky\t\t\t\t\t\t<\/span>\n\t\t\t\t\t<\/h4>\n\t\t\t\t\n\t\t\t\t\t\t\t\t\t<p class=\"elementor-icon-box-description\">\n\t\t\t\t\t\tKontaktujte n\u00e1s\t\t\t\t\t<\/p>\n\t\t\t\t\n\t\t\t<\/div>\n\t\t\t\n\t\t<\/div>\n\t\t\t\t\t\t<\/div>\n\t\t\t\t<\/div>\n\t\t\t\t\t<\/div>\n\t\t<\/div>\n\t\t\t\t\t<\/div>\n\t\t<\/section>\n\t\t\t\t<section class=\"elementor-section elementor-top-section elementor-element elementor-element-7ce30b53 elementor-section-boxed elementor-section-height-default elementor-section-height-default wpr-particle-no wpr-jarallax-no wpr-parallax-no wpr-sticky-section-no wpr-equal-height-no\" data-id=\"7ce30b53\" data-element_type=\"section\">\n\t\t\t\t\t\t<div class=\"elementor-container elementor-column-gap-default\">\n\t\t\t\t\t<div class=\"elementor-column elementor-col-100 elementor-top-column elementor-element elementor-element-37ef3a9e\" data-id=\"37ef3a9e\" data-element_type=\"column\">\n\t\t\t<div class=\"elementor-widget-wrap elementor-element-populated\">\n\t\t\t\t\t\t<div class=\"elementor-element elementor-element-22a0481c elementor-widget__width-initial e-transform elementor-invisible elementor-widget elementor-widget-spacer\" data-id=\"22a0481c\" data-element_type=\"widget\" data-settings=\"{&quot;_animation&quot;:&quot;fadeInUp&quot;,&quot;_transform_scale_effect&quot;:{&quot;unit&quot;:&quot;px&quot;,&quot;size&quot;:2,&quot;sizes&quot;:[]},&quot;_transform_scale_effect_tablet&quot;:{&quot;unit&quot;:&quot;px&quot;,&quot;size&quot;:&quot;&quot;,&quot;sizes&quot;:[]},&quot;_transform_scale_effect_mobile&quot;:{&quot;unit&quot;:&quot;px&quot;,&quot;size&quot;:&quot;&quot;,&quot;sizes&quot;:[]}}\" data-widget_type=\"spacer.default\">\n\t\t\t\t<div class=\"elementor-widget-container\">\n\t\t\t\t\t\t\t<div class=\"elementor-spacer\">\n\t\t\t<div class=\"elementor-spacer-inner\"><\/div>\n\t\t<\/div>\n\t\t\t\t\t\t<\/div>\n\t\t\t\t<\/div>\n\t\t\t\t<div class=\"elementor-element elementor-element-30907005 elementor-invisible elementor-widget elementor-widget-heading\" data-id=\"30907005\" data-element_type=\"widget\" data-settings=\"{&quot;_animation&quot;:&quot;fadeInUp&quot;,&quot;_animation_delay&quot;:200}\" data-widget_type=\"heading.default\">\n\t\t\t\t<div class=\"elementor-widget-container\">\n\t\t\t\t\t<h4 class=\"elementor-heading-title elementor-size-default\">Domluvte si n\u00e1v\u0161t\u011bvu<\/h4>\t\t\t\t<\/div>\n\t\t\t\t<\/div>\n\t\t\t\t<div class=\"elementor-element elementor-element-231a2d15 elementor-widget elementor-widget-icon-box\" data-id=\"231a2d15\" data-element_type=\"widget\" data-widget_type=\"icon-box.default\">\n\t\t\t\t<div class=\"elementor-widget-container\">\n\t\t\t\t\t\t\t<div class=\"elementor-icon-box-wrapper\">\n\n\t\t\t\n\t\t\t\t\t\t<div class=\"elementor-icon-box-content\">\n\n\t\t\t\t\t\t\t\t\t<h3 class=\"elementor-icon-box-title\">\n\t\t\t\t\t\t<span  >\n\t\t\t\t\t\t\tKontaktujte n\u00e1s pros\u00edm pomoc\u00ed n\u00ed\u017ee uveden\u00e9ho formul\u00e1\u0159e.\t\t\t\t\t\t<\/span>\n\t\t\t\t\t<\/h3>\n\t\t\t\t\n\t\t\t\t\n\t\t\t<\/div>\n\t\t\t\n\t\t<\/div>\n\t\t\t\t\t\t<\/div>\n\t\t\t\t<\/div>\n\t\t\t\t<section class=\"elementor-section elementor-inner-section elementor-element elementor-element-467e221 elementor-section-full_width elementor-section-content-middle elementor-section-height-default elementor-section-height-default wpr-particle-no wpr-jarallax-no wpr-parallax-no wpr-sticky-section-no wpr-equal-height-no\" data-id=\"467e221\" data-element_type=\"section\" data-settings=\"{&quot;background_background&quot;:&quot;classic&quot;}\">\n\t\t\t\t\t\t<div class=\"elementor-container elementor-column-gap-default\">\n\t\t\t\t\t<div class=\"elementor-column elementor-col-25 elementor-inner-column elementor-element elementor-element-5d855ed animated-slow elementor-invisible\" data-id=\"5d855ed\" data-element_type=\"column\" data-settings=\"{&quot;animation&quot;:&quot;fadeInUp&quot;,&quot;animation_delay&quot;:200,&quot;background_background&quot;:&quot;classic&quot;}\">\n\t\t\t<div class=\"elementor-widget-wrap\">\n\t\t\t\t\t\t\t<\/div>\n\t\t<\/div>\n\t\t\t\t<div class=\"elementor-column elementor-col-25 elementor-inner-column elementor-element elementor-element-e269e4e animated-slow elementor-invisible\" data-id=\"e269e4e\" data-element_type=\"column\" data-settings=\"{&quot;animation&quot;:&quot;fadeInUp&quot;,&quot;animation_delay&quot;:400}\">\n\t\t\t<div class=\"elementor-widget-wrap\">\n\t\t\t\t\t\t\t<\/div>\n\t\t<\/div>\n\t\t\t\t<div class=\"elementor-column elementor-col-25 elementor-inner-column elementor-element elementor-element-911294f animated-slow elementor-invisible\" data-id=\"911294f\" data-element_type=\"column\" data-settings=\"{&quot;animation&quot;:&quot;fadeInUp&quot;,&quot;animation_delay&quot;:200,&quot;background_background&quot;:&quot;classic&quot;}\">\n\t\t\t<div class=\"elementor-widget-wrap\">\n\t\t\t\t\t\t\t<\/div>\n\t\t<\/div>\n\t\t\t\t<div class=\"elementor-column elementor-col-25 elementor-inner-column elementor-element elementor-element-ffeaa62 animated-slow elementor-invisible\" data-id=\"ffeaa62\" data-element_type=\"column\" data-settings=\"{&quot;animation&quot;:&quot;fadeInUp&quot;,&quot;animation_delay&quot;:400}\">\n\t\t\t<div class=\"elementor-widget-wrap\">\n\t\t\t\t\t\t\t<\/div>\n\t\t<\/div>\n\t\t\t\t\t<\/div>\n\t\t<\/section>\n\t\t\t\t\t<\/div>\n\t\t<\/div>\n\t\t\t\t\t<\/div>\n\t\t<\/section>\n\t\t\t\t<section class=\"elementor-section elementor-top-section elementor-element elementor-element-44d4960c elementor-section-boxed elementor-section-height-default elementor-section-height-default wpr-particle-no wpr-jarallax-no wpr-parallax-no wpr-sticky-section-no wpr-equal-height-no\" data-id=\"44d4960c\" data-element_type=\"section\">\n\t\t\t\t\t\t<div class=\"elementor-container elementor-column-gap-default\">\n\t\t\t\t\t<div class=\"elementor-column elementor-col-50 elementor-top-column elementor-element elementor-element-53b27f6 animated-slow elementor-invisible\" data-id=\"53b27f6\" data-element_type=\"column\" data-settings=\"{&quot;animation&quot;:&quot;fadeInUp&quot;,&quot;animation_delay&quot;:300}\">\n\t\t\t<div class=\"elementor-widget-wrap elementor-element-populated\">\n\t\t\t\t\t\t<div class=\"elementor-element elementor-element-e106146 elementor-widget__width-initial elementor-widget elementor-widget-elementskit-contact-form7\" data-id=\"e106146\" data-element_type=\"widget\" data-widget_type=\"elementskit-contact-form7.default\">\n\t\t\t\t<div class=\"elementor-widget-container\">\n\t\t\t\t\t<div class=\"ekit-wid-con\" ><div class=\"ekit-form\">\n<div class=\"wpcf7 no-js\" id=\"wpcf7-f12-o1\" lang=\"en-US\" dir=\"ltr\">\n<div class=\"screen-reader-response\"><p role=\"status\" aria-live=\"polite\" aria-atomic=\"true\"><\/p> <ul><\/ul><\/div>\n<form action=\"\/cs\/wp-json\/wp\/v2\/pages\/68#wpcf7-f12-o1\" method=\"post\" class=\"wpcf7-form init\" aria-label=\"Contact form\" novalidate=\"novalidate\" data-status=\"init\" data-trp-original-action=\"\/cs\/wp-json\/wp\/v2\/pages\/68#wpcf7-f12-o1\">\n<div style=\"display: none;\">\n<input type=\"hidden\" name=\"_wpcf7\" value=\"12\" \/>\n<input type=\"hidden\" name=\"_wpcf7_version\" value=\"5.9.8\" \/>\n<input type=\"hidden\" name=\"_wpcf7_locale\" value=\"en_US\" \/>\n<input type=\"hidden\" name=\"_wpcf7_unit_tag\" value=\"wpcf7-f12-o1\" \/>\n<input type=\"hidden\" name=\"_wpcf7_container_post\" value=\"0\" \/>\n<input type=\"hidden\" name=\"_wpcf7_posted_data_hash\" value=\"\" \/>\n<\/div>\n<p><label> Jm\u00e9no, p\u0159\u00edjmen\u00ed (povinn\u00e9)<br \/>\n<span class=\"wpcf7-form-control-wrap\" data-name=\"your-name\"><input size=\"40\" maxlength=\"400\" class=\"wpcf7-form-control wpcf7-text wpcf7-validates-as-required\" autocomplete=\"name\" aria-required=\"true\" aria-invalid=\"false\" value=\"\" type=\"text\" name=\"your-name\" \/><\/span> <\/label>\n<\/p>\n<p><label> E-mail (povinn\u00e9)<br \/>\n<span class=\"wpcf7-form-control-wrap\" data-name=\"your-email\"><input size=\"40\" maxlength=\"400\" class=\"wpcf7-form-control wpcf7-email wpcf7-validates-as-required wpcf7-text wpcf7-validates-as-email\" autocomplete=\"email\" aria-required=\"true\" aria-invalid=\"false\" value=\"\" type=\"email\" name=\"your-email\" \/><\/span> <\/label>\n<\/p>\n<p><label> Telefonn\u00ed \u010d\u00edslo (nepovinn\u00e9)<br \/>\n<span class=\"wpcf7-form-control-wrap\" data-name=\"Telefonnummer\"><input size=\"40\" maxlength=\"400\" class=\"wpcf7-form-control wpcf7-tel wpcf7-text wpcf7-validates-as-tel\" autocomplete=\"tel\" aria-invalid=\"false\" value=\"\" type=\"tel\" name=\"Telefonnummer\" \/><\/span> <\/label>\n<\/p>\n<p><label> P\u0159edm\u011bt (povinn\u00e9)<br \/>\n<span class=\"wpcf7-form-control-wrap\" data-name=\"your-subject\"><input size=\"40\" maxlength=\"400\" class=\"wpcf7-form-control wpcf7-text wpcf7-validates-as-required\" aria-required=\"true\" aria-invalid=\"false\" value=\"\" type=\"text\" name=\"your-subject\" \/><\/span> <\/label>\n<\/p>\n<p><label> Va\u0161e zpr\u00e1va (povinn\u00e9)<br \/>\n<span class=\"wpcf7-form-control-wrap\" data-name=\"your-message\"><textarea cols=\"40\" rows=\"10\" maxlength=\"2000\" class=\"wpcf7-form-control wpcf7-textarea wpcf7-validates-as-required\" aria-required=\"true\" aria-invalid=\"false\" name=\"your-message\"><\/textarea><\/span> <\/label>\n<\/p>\n<p><span class=\"wpcf7-form-control-wrap\" data-name=\"acceptance-804\"><span class=\"wpcf7-form-control wpcf7-acceptance\"><span class=\"wpcf7-list-item\"><input type=\"checkbox\" name=\"acceptance-804\" value=\"1\" aria-invalid=\"false\" \/><\/span><\/span><\/span> Souhlas\u00edm s <a href=\"\/cs\/datenschutz\/\">Na\u0159\u00edzen\u00ed o ochran\u011b \u00fadaj\u016f<\/a> na\n<\/p>\n<p><input class=\"wpcf7-form-control wpcf7-submit has-spinner\" type=\"submit\" value=\"Odes\u00edl\u00e1n\u00ed\" \/>\n<\/p><div class=\"wpcf7-response-output\" aria-hidden=\"true\"><\/div>\n<input type=\"hidden\" name=\"trp-form-language\" value=\"cs\"\/><\/form>\n<\/div>\n<\/div><\/div>\t\t\t\t<\/div>\n\t\t\t\t<\/div>\n\t\t\t\t\t<\/div>\n\t\t<\/div>\n\t\t\t\t<div class=\"elementor-column elementor-col-50 elementor-top-column elementor-element elementor-element-5c4604eb animated-slow elementor-invisible\" data-id=\"5c4604eb\" data-element_type=\"column\" data-settings=\"{&quot;animation&quot;:&quot;fadeInUp&quot;,&quot;animation_delay&quot;:300}\">\n\t\t\t<div class=\"elementor-widget-wrap elementor-element-populated\">\n\t\t\t\t<div class=\"elementor-element elementor-element-41441fe e-con-full e-flex wpr-particle-no wpr-jarallax-no wpr-parallax-no wpr-sticky-section-no wpr-equal-height-no e-con e-parent\" data-id=\"41441fe\" data-element_type=\"container\">\n\t\t\t\t<div class=\"elementor-element elementor-element-5283a54 elementor-widget elementor-widget-google_maps\" data-id=\"5283a54\" data-element_type=\"widget\" data-widget_type=\"google_maps.default\">\n\t\t\t\t<div class=\"elementor-widget-container\">\n\t\t\t\t\t\t\t<div class=\"elementor-custom-embed\">\n\t\t\t<iframe loading=\"lazy\"\n\t\t\t\t\tsrc=\"https:\/\/maps.google.com\/maps?q=M%C3%BChlmahdweg%2022%2C%2086167%20Augsburg%2C%20Almanya&#038;t=m&#038;z=10&#038;output=embed&#038;iwloc=near\"\n\t\t\t\t\ttitle=\"M\u00fchlmahdweg 22, 86167 Augsburg, Almanya\"\n\t\t\t\t\taria-label=\"M\u00fchlmahdweg 22, 86167 Augsburg, Almanya\"\n\t\t\t><\/iframe>\n\t\t<\/div>\n\t\t\t\t\t\t<\/div>\n\t\t\t\t<\/div>\n\t\t\t\t<\/div>\n\t\t\t\t\t<\/div>\n\t\t<\/div>\n\t\t\t\t\t<\/div>\n\t\t<\/section>\n\t\t<div class=\"elementor-element elementor-element-00d55dc e-flex e-con-boxed wpr-particle-no wpr-jarallax-no wpr-parallax-no wpr-sticky-section-no wpr-equal-height-no e-con e-parent\" data-id=\"00d55dc\" data-element_type=\"container\">\n\t\t\t\t\t<div class=\"e-con-inner\">\n\t\t\t\t<div class=\"elementor-element elementor-element-e9c658a wpr-pc-btn-align-fixed wpr-pc-btn-align-fixed-right wpr-pc-btn-icon-right elementor-widget elementor-widget-wpr-phone-call\" data-id=\"e9c658a\" data-element_type=\"widget\" data-widget_type=\"wpr-phone-call.default\">\n\t\t\t\t<div class=\"elementor-widget-container\">\n\t\t\t\t\t<div class=\"wpr-pc-wrapper\"><a href=\"tel:+49 821 317 0721\" class=\"wpr-pc-btn\"><div class=\"wpr-pc-content\"><span class=\"wpr-pc-text\">Volejte<\/span><span class=\"wpr-pc-btn-icon\"><svg class=\"e-font-icon-svg e-fas-phone-alt\" viewbox=\"0 0 512 512\" xmlns=\"http:\/\/www.w3.org\/2000\/svg\"><path d=\"M497.39 361.8l-112-48a24 24 0 0 0-28 6.9l-49.6 60.6A370.66 370.66 0 0 1 130.6 204.11l60.6-49.6a23.94 23.94 0 0 0 6.9-28l-48-112A24.16 24.16 0 0 0 122.6.61l-104 24A24 24 0 0 0 0 48c0 256.5 207.9 464 464 464a24 24 0 0 0 23.4-18.6l24-104a24.29 24.29 0 0 0-14.01-27.6z\"><\/path><\/svg><\/span><\/div><\/a><\/div>\t\t\t\t<\/div>\n\t\t\t\t<\/div>\n\t\t\t\t\t<\/div>\n\t\t\t\t<\/div>\n\t\t\t\t<\/div>","protected":false},"excerpt":{"rendered":"<p>Wir sind f\u00fcr Sie da, um alle Fragen zu beantworten Kontakt Einen Besuch vereinbaren Bitte kontaktieren Sie uns \u00fcber das unten stehende Formular. Vorname, Nachname (Erforderlich) E-Mail (Erforderlich) Telefonnummer (Optional) Betreff (Erforderlich) Ihre Nachricht (Erforderlich) Ich stimme den Datenschutzbestimmungen zu Anrufen<\/p>","protected":false},"author":1,"featured_media":0,"parent":0,"menu_order":0,"comment_status":"closed","ping_status":"closed","template":"elementor_canvas","meta":{"footnotes":""},"yoast_head":"<!-- This site is optimized with the Yoast SEO plugin v24.5 - https:\/\/yoast.com\/wordpress\/plugins\/seo\/ -->\n<title>Kontakt - KLM-Zentrum GmbH<\/title>\n<meta name=\"description\" content=\"Kontaktieren Sie uns f\u00fcr Anfragen oder Terminvereinbarungen in Augsburg bei KLM Zentrum GmbH. Wir stehen Ihnen gerne zur Verf\u00fcgung!\" \/>\n<meta name=\"robots\" content=\"index, follow, max-snippet:-1, max-image-preview:large, max-video-preview:-1\" \/>\n<link rel=\"canonical\" href=\"https:\/\/klm-zentrum.de\/cs\/kontakt\/\" \/>\n<meta property=\"og:locale\" content=\"cs_CZ\" \/>\n<meta property=\"og:type\" content=\"article\" \/>\n<meta property=\"og:title\" content=\"Kontakt - KLM-Zentrum GmbH\" \/>\n<meta property=\"og:description\" content=\"Kontaktieren Sie uns f\u00fcr Anfragen oder Terminvereinbarungen in Augsburg bei KLM Zentrum GmbH. Wir stehen Ihnen gerne zur Verf\u00fcgung!\" \/>\n<meta property=\"og:url\" content=\"https:\/\/klm-zentrum.de\/cs\/kontakt\/\" \/>\n<meta property=\"og:site_name\" content=\"KLM-Zentrum\" \/>\n<meta property=\"article:modified_time\" content=\"2024-12-28T07:57:51+00:00\" \/>\n<meta name=\"twitter:card\" content=\"summary_large_image\" \/>\n<meta name=\"twitter:label1\" content=\"Odhadovan\u00e1 doba \u010dten\u00ed\" \/>\n\t<meta name=\"twitter:data1\" content=\"1 minuta\" \/>\n<script type=\"application\/ld+json\" class=\"yoast-schema-graph\">{\"@context\":\"https:\/\/schema.org\",\"@graph\":[{\"@type\":\"WebPage\",\"@id\":\"https:\/\/klm-zentrum.de\/kontakt\/\",\"url\":\"https:\/\/klm-zentrum.de\/kontakt\/\",\"name\":\"Kontakt - KLM-Zentrum GmbH\",\"isPartOf\":{\"@id\":\"https:\/\/klm-zentrum.de\/#website\"},\"datePublished\":\"2018-07-19T07:22:21+00:00\",\"dateModified\":\"2024-12-28T07:57:51+00:00\",\"description\":\"Kontaktieren Sie uns f\u00fcr Anfragen oder Terminvereinbarungen in Augsburg bei KLM Zentrum GmbH. Wir stehen Ihnen gerne zur Verf\u00fcgung!\",\"breadcrumb\":{\"@id\":\"https:\/\/klm-zentrum.de\/kontakt\/#breadcrumb\"},\"inLanguage\":\"cs\",\"potentialAction\":[{\"@type\":\"ReadAction\",\"target\":[\"https:\/\/klm-zentrum.de\/kontakt\/\"]}]},{\"@type\":\"BreadcrumbList\",\"@id\":\"https:\/\/klm-zentrum.de\/kontakt\/#breadcrumb\",\"itemListElement\":[{\"@type\":\"ListItem\",\"position\":1,\"name\":\"Home\",\"item\":\"https:\/\/klm-zentrum.de\/\"},{\"@type\":\"ListItem\",\"position\":2,\"name\":\"Kontakt\"}]},{\"@type\":\"WebSite\",\"@id\":\"https:\/\/klm-zentrum.de\/#website\",\"url\":\"https:\/\/klm-zentrum.de\/\",\"name\":\"KLM-Zentrum GmbH\",\"description\":\"Ihr zuverl\u00e4ssiger Partner f\u00fcr Auto- und Wohnmobil-Services. Professionelle Wartung, Reparaturen und individuelle Betreuung \u2013 wir k\u00fcmmern uns um Ihr Fahrzeug, damit Sie sorglos unterwegs sind.\",\"publisher\":{\"@id\":\"https:\/\/klm-zentrum.de\/#organization\"},\"potentialAction\":[{\"@type\":\"SearchAction\",\"target\":{\"@type\":\"EntryPoint\",\"urlTemplate\":\"https:\/\/klm-zentrum.de\/?s={search_term_string}\"},\"query-input\":{\"@type\":\"PropertyValueSpecification\",\"valueRequired\":true,\"valueName\":\"search_term_string\"}}],\"inLanguage\":\"cs\"},{\"@type\":\"Organization\",\"@id\":\"https:\/\/klm-zentrum.de\/#organization\",\"name\":\"KLM-Zentrum\",\"url\":\"https:\/\/klm-zentrum.de\/\",\"logo\":{\"@type\":\"ImageObject\",\"inLanguage\":\"cs\",\"@id\":\"https:\/\/klm-zentrum.de\/#\/schema\/logo\/image\/\",\"url\":\"https:\/\/klm-zentrum.de\/wp-content\/uploads\/2023\/12\/cropped-Untitled-3.png\",\"contentUrl\":\"https:\/\/klm-zentrum.de\/wp-content\/uploads\/2023\/12\/cropped-Untitled-3.png\",\"width\":512,\"height\":512,\"caption\":\"KLM-Zentrum\"},\"image\":{\"@id\":\"https:\/\/klm-zentrum.de\/#\/schema\/logo\/image\/\"}}]}<\/script>\n<!-- \/ Yoast SEO plugin. -->","yoast_head_json":{"title":"Kontakt - KLM-Zentrum GmbH","description":"Kontaktieren Sie uns f\u00fcr Anfragen oder Terminvereinbarungen in Augsburg bei KLM Zentrum GmbH. Wir stehen Ihnen gerne zur Verf\u00fcgung!","robots":{"index":"index","follow":"follow","max-snippet":"max-snippet:-1","max-image-preview":"max-image-preview:large","max-video-preview":"max-video-preview:-1"},"canonical":"https:\/\/klm-zentrum.de\/cs\/kontakt\/","og_locale":"cs_CZ","og_type":"article","og_title":"Kontakt - KLM-Zentrum GmbH","og_description":"Kontaktieren Sie uns f\u00fcr Anfragen oder Terminvereinbarungen in Augsburg bei KLM Zentrum GmbH. Wir stehen Ihnen gerne zur Verf\u00fcgung!","og_url":"https:\/\/klm-zentrum.de\/cs\/kontakt\/","og_site_name":"KLM-Zentrum","article_modified_time":"2024-12-28T07:57:51+00:00","twitter_card":"summary_large_image","twitter_misc":{"Odhadovan\u00e1 doba \u010dten\u00ed":"1 minuta"},"schema":{"@context":"https:\/\/schema.org","@graph":[{"@type":"WebPage","@id":"https:\/\/klm-zentrum.de\/kontakt\/","url":"https:\/\/klm-zentrum.de\/kontakt\/","name":"Kontakt - KLM-Zentrum GmbH","isPartOf":{"@id":"https:\/\/klm-zentrum.de\/#website"},"datePublished":"2018-07-19T07:22:21+00:00","dateModified":"2024-12-28T07:57:51+00:00","description":"Kontaktieren Sie uns f\u00fcr Anfragen oder Terminvereinbarungen in Augsburg bei KLM Zentrum GmbH. Wir stehen Ihnen gerne zur Verf\u00fcgung!","breadcrumb":{"@id":"https:\/\/klm-zentrum.de\/kontakt\/#breadcrumb"},"inLanguage":"cs","potentialAction":[{"@type":"ReadAction","target":["https:\/\/klm-zentrum.de\/kontakt\/"]}]},{"@type":"BreadcrumbList","@id":"https:\/\/klm-zentrum.de\/kontakt\/#breadcrumb","itemListElement":[{"@type":"ListItem","position":1,"name":"Home","item":"https:\/\/klm-zentrum.de\/"},{"@type":"ListItem","position":2,"name":"Kontakt"}]},{"@type":"WebSite","@id":"https:\/\/klm-zentrum.de\/#website","url":"https:\/\/klm-zentrum.de\/","name":"KLM Centre GmbH","description":"V\u00e1\u0161 spolehliv\u00fd partner pro servis automobil\u016f a obytn\u00fdch voz\u016f. Profesion\u00e1ln\u00ed \u00fadr\u017eba, opravy a individu\u00e1ln\u00ed podpora - postar\u00e1me se o va\u0161e vozidlo, abyste mohli bezstarostn\u011b cestovat.","publisher":{"@id":"https:\/\/klm-zentrum.de\/#organization"},"potentialAction":[{"@type":"SearchAction","target":{"@type":"EntryPoint","urlTemplate":"https:\/\/klm-zentrum.de\/?s={search_term_string}"},"query-input":{"@type":"PropertyValueSpecification","valueRequired":true,"valueName":"search_term_string"}}],"inLanguage":"cs"},{"@type":"Organization","@id":"https:\/\/klm-zentrum.de\/#organization","name":"St\u0159edisko KLM","url":"https:\/\/klm-zentrum.de\/","logo":{"@type":"ImageObject","inLanguage":"cs","@id":"https:\/\/klm-zentrum.de\/#\/schema\/logo\/image\/","url":"https:\/\/klm-zentrum.de\/wp-content\/uploads\/2023\/12\/cropped-Untitled-3.png","contentUrl":"https:\/\/klm-zentrum.de\/wp-content\/uploads\/2023\/12\/cropped-Untitled-3.png","width":512,"height":512,"caption":"KLM-Zentrum"},"image":{"@id":"https:\/\/klm-zentrum.de\/#\/schema\/logo\/image\/"}}]}},"_links":{"self":[{"href":"https:\/\/klm-zentrum.de\/cs\/wp-json\/wp\/v2\/pages\/68"}],"collection":[{"href":"https:\/\/klm-zentrum.de\/cs\/wp-json\/wp\/v2\/pages"}],"about":[{"href":"https:\/\/klm-zentrum.de\/cs\/wp-json\/wp\/v2\/types\/page"}],"author":[{"embeddable":true,"href":"https:\/\/klm-zentrum.de\/cs\/wp-json\/wp\/v2\/users\/1"}],"replies":[{"embeddable":true,"href":"https:\/\/klm-zentrum.de\/cs\/wp-json\/wp\/v2\/comments?post=68"}],"version-history":[{"count":416,"href":"https:\/\/klm-zentrum.de\/cs\/wp-json\/wp\/v2\/pages\/68\/revisions"}],"predecessor-version":[{"id":6327,"href":"https:\/\/klm-zentrum.de\/cs\/wp-json\/wp\/v2\/pages\/68\/revisions\/6327"}],"wp:attachment":[{"href":"https:\/\/klm-zentrum.de\/cs\/wp-json\/wp\/v2\/media?parent=68"}],"curies":[{"name":"wp","href":"https:\/\/api.w.org\/{rel}","templated":true}]}}