{"id":1579,"date":"2024-01-30T11:49:58","date_gmt":"2024-01-30T11:49:58","guid":{"rendered":"http:\/\/klm-zentrum.de\/?page_id=1579"},"modified":"2024-12-28T08:58:07","modified_gmt":"2024-12-28T07:58:07","slug":"wohnmobile","status":"publish","type":"page","link":"https:\/\/klm-zentrum.de\/cs\/wohnmobile\/","title":{"rendered":"Obytn\u00e9 automobily\u00a0"},"content":{"rendered":"<div data-elementor-type=\"wp-page\" data-elementor-id=\"1579\" class=\"elementor elementor-1579\">\n\t\t\t\t\t\t<section class=\"elementor-section elementor-top-section elementor-element elementor-element-aca1883 elementor-section-height-min-height elementor-section-boxed elementor-section-height-default elementor-section-items-middle wpr-particle-no wpr-jarallax-no wpr-parallax-no wpr-sticky-section-no wpr-equal-height-no\" data-id=\"aca1883\" data-element_type=\"section\" data-settings=\"{&quot;background_background&quot;:&quot;classic&quot;}\">\n\t\t\t\t\t\t\t<div class=\"elementor-background-overlay\"><\/div>\n\t\t\t\t\t\t\t<div class=\"elementor-container elementor-column-gap-default\">\n\t\t\t\t\t<div class=\"elementor-column elementor-col-100 elementor-top-column elementor-element elementor-element-9ca27cf\" data-id=\"9ca27cf\" data-element_type=\"column\">\n\t\t\t<div class=\"elementor-widget-wrap elementor-element-populated\">\n\t\t\t\t\t\t<div class=\"elementor-element elementor-element-5850d6d elementor-widget__width-initial elementor-invisible elementor-widget elementor-widget-icon-box\" data-id=\"5850d6d\" data-element_type=\"widget\" data-settings=\"{&quot;_animation&quot;:&quot;fadeInLeft&quot;}\" data-widget_type=\"icon-box.default\">\n\t\t\t\t<div class=\"elementor-widget-container\">\n\t\t\t\t\t\t\t<div class=\"elementor-icon-box-wrapper\">\n\n\t\t\t\n\t\t\t\t\t\t<div class=\"elementor-icon-box-content\">\n\n\t\t\t\t\t\t\t\t\t<h4 class=\"elementor-icon-box-title\">\n\t\t\t\t\t\t<span  >\n\t\t\t\t\t\t\tProstor na kole\u010dk\u00e1ch\t\t\t\t\t\t<\/span>\n\t\t\t\t\t<\/h4>\n\t\t\t\t\n\t\t\t\t\t\t\t\t\t<p class=\"elementor-icon-box-description\">\n\t\t\t\t\t\tWOHNMOB\u0130LE\t\t\t\t\t<\/p>\n\t\t\t\t\n\t\t\t<\/div>\n\t\t\t\n\t\t<\/div>\n\t\t\t\t\t\t<\/div>\n\t\t\t\t<\/div>\n\t\t\t\t\t<\/div>\n\t\t<\/div>\n\t\t\t\t\t<\/div>\n\t\t<\/section>\n\t\t\t\t<section class=\"elementor-section elementor-top-section elementor-element elementor-element-7360017 animated-slow elementor-section-boxed elementor-section-height-default elementor-section-height-default wpr-particle-no wpr-jarallax-no wpr-parallax-no wpr-sticky-section-no wpr-equal-height-no elementor-invisible\" data-id=\"7360017\" data-element_type=\"section\" data-settings=\"{&quot;animation&quot;:&quot;fadeInUp&quot;}\">\n\t\t\t\t\t\t<div class=\"elementor-container elementor-column-gap-default\">\n\t\t\t\t\t<div class=\"elementor-column elementor-col-50 elementor-top-column elementor-element elementor-element-736c58c\" data-id=\"736c58c\" data-element_type=\"column\" data-settings=\"{&quot;background_background&quot;:&quot;classic&quot;}\">\n\t\t\t<div class=\"elementor-widget-wrap elementor-element-populated\">\n\t\t\t\t\t\t<div class=\"elementor-element elementor-element-ca6e0c3 elementor-widget elementor-widget-image\" data-id=\"ca6e0c3\" data-element_type=\"widget\" data-widget_type=\"image.default\">\n\t\t\t\t<div class=\"elementor-widget-container\">\n\t\t\t\t\t\t\t\t\t\t\t\t\t\t\t<img decoding=\"async\" src=\"https:\/\/klm-zentrum.de\/wp-content\/plugins\/elementor\/assets\/images\/placeholder.png\" title=\"\" alt=\"\" loading=\"lazy\" \/>\t\t\t\t\t\t\t\t\t\t\t\t\t\t\t<\/div>\n\t\t\t\t<\/div>\n\t\t\t\t\t<\/div>\n\t\t<\/div>\n\t\t\t\t<div class=\"elementor-column elementor-col-50 elementor-top-column elementor-element elementor-element-ae7c455\" data-id=\"ae7c455\" data-element_type=\"column\">\n\t\t\t<div class=\"elementor-widget-wrap elementor-element-populated\">\n\t\t\t\t\t\t<div class=\"elementor-element elementor-element-3b2cc9c elementor-widget elementor-widget-heading\" data-id=\"3b2cc9c\" data-element_type=\"widget\" data-widget_type=\"heading.default\">\n\t\t\t\t<div class=\"elementor-widget-container\">\n\t\t\t\t\t<h4 class=\"elementor-heading-title elementor-size-default\"><a href=\"https:\/\/klm-zentrum.de\/cs\/leistungen\/\">Dokonal\u00e9 \u0159emesln\u00e9 zpracov\u00e1n\u00ed pro ka\u017ed\u00fd karavan.<\/a><\/h4>\t\t\t\t<\/div>\n\t\t\t\t<\/div>\n\t\t\t\t<div class=\"elementor-element elementor-element-d3cc348 elementor-widget elementor-widget-text-editor\" data-id=\"d3cc348\" data-element_type=\"widget\" data-widget_type=\"text-editor.default\">\n\t\t\t\t<div class=\"elementor-widget-container\">\n\t\t\t\t\t\t\t\t\t<p>V\u00e1\u0161 vysn\u011bn\u00fd obytn\u00fd v\u016fz by m\u011bl o\u017e\u00edt ve zku\u0161en\u00fdch rukou!<\/p><p>Jsme tu, abychom navrhli v\u00e1\u0161 sv\u011bt obytn\u00fdch voz\u016f. N\u00e1\u0161 profesion\u00e1ln\u00ed a pe\u010dliv\u00fd t\u00fdm ud\u011bl\u00e1 v\u0161e pro to, aby se v\u00e1\u0161 obytn\u00fd v\u016fz prom\u011bnil v mobiln\u00ed obytn\u00fd prostor va\u0161ich sn\u016f. Tajemstv\u00ed na\u0161ich obl\u00edben\u00fdch slu\u017eeb v sob\u011b nesou na\u0161i \u0159emesln\u00edci, kte\u0159\u00ed se zam\u011b\u0159uj\u00ed na kvalitu v ka\u017ed\u00e9m detailu. Pokud chcete bezpe\u010dn\u011b cestovat na cest\u00e1ch a vytv\u00e1\u0159et nezapomenuteln\u00e9 vzpom\u00ednky, d\u016fv\u011b\u0159ujte n\u00e1m. Dejte n\u00e1m v\u011bd\u011bt o sv\u00e9m obytn\u00e9m voze, abychom mohli splnit va\u0161e sny!<\/p>\t\t\t\t\t\t\t\t<\/div>\n\t\t\t\t<\/div>\n\t\t\t\t<section class=\"elementor-section elementor-inner-section elementor-element elementor-element-b9cb06a elementor-section-boxed elementor-section-height-default elementor-section-height-default wpr-particle-no wpr-jarallax-no wpr-parallax-no wpr-sticky-section-no wpr-equal-height-no\" data-id=\"b9cb06a\" data-element_type=\"section\">\n\t\t\t\t\t\t<div class=\"elementor-container elementor-column-gap-default\">\n\t\t\t\t\t<div class=\"elementor-column elementor-col-50 elementor-inner-column elementor-element elementor-element-5cce9a6\" data-id=\"5cce9a6\" data-element_type=\"column\">\n\t\t\t<div class=\"elementor-widget-wrap elementor-element-populated\">\n\t\t\t\t\t\t<div class=\"elementor-element elementor-element-4a9f395 elementor-position-top elementor-widget elementor-widget-image-box\" data-id=\"4a9f395\" data-element_type=\"widget\" data-widget_type=\"image-box.default\">\n\t\t\t\t<div class=\"elementor-widget-container\">\n\t\t\t\t\t<div class=\"elementor-image-box-wrapper\"><figure class=\"elementor-image-box-img\"><a href=\"https:\/\/klm-zentrum.de\/cs\/leistungen\/\" tabindex=\"-1\"><img fetchpriority=\"high\" decoding=\"async\" width=\"512\" height=\"512\" src=\"https:\/\/klm-zentrum.de\/wp-content\/uploads\/2024\/02\/icon_35.png\" class=\"elementor-animation-grow attachment-full size-full wp-image-3921\" alt=\"\" srcset=\"https:\/\/klm-zentrum.de\/wp-content\/uploads\/2024\/02\/icon_35.png 512w, https:\/\/klm-zentrum.de\/wp-content\/uploads\/2024\/02\/icon_35-300x300.png 300w, https:\/\/klm-zentrum.de\/wp-content\/uploads\/2024\/02\/icon_35-150x150.png 150w\" sizes=\"(max-width: 512px) 100vw, 512px\" \/><\/a><\/figure><div class=\"elementor-image-box-content\"><h6 class=\"elementor-image-box-title\"><a href=\"https:\/\/klm-zentrum.de\/cs\/leistungen\/\">Hlavn\u00ed technik<\/a><\/h6><p class=\"elementor-image-box-description\">S n\u00e1mi m\u016f\u017eete bezpe\u010dn\u011b vyrazit na cestu. Na\u0161e slu\u017eby znamenaj\u00ed d\u016fv\u011bru: S n\u00e1mi poc\u00edt\u00edte rozd\u00edl v ka\u017ed\u00e9m detailu!<\/p><\/div><\/div>\t\t\t\t<\/div>\n\t\t\t\t<\/div>\n\t\t\t\t<div class=\"elementor-element elementor-element-a87f477 elementor-position-top elementor-widget elementor-widget-image-box\" data-id=\"a87f477\" data-element_type=\"widget\" data-widget_type=\"image-box.default\">\n\t\t\t\t<div class=\"elementor-widget-container\">\n\t\t\t\t\t<div class=\"elementor-image-box-wrapper\"><figure class=\"elementor-image-box-img\"><a href=\"https:\/\/klm-zentrum.de\/cs\/leistungen\/\" tabindex=\"-1\"><img decoding=\"async\" width=\"512\" height=\"512\" src=\"https:\/\/klm-zentrum.de\/wp-content\/uploads\/2024\/02\/icon_26.png\" class=\"elementor-animation-grow attachment-full size-full wp-image-3923\" alt=\"\" srcset=\"https:\/\/klm-zentrum.de\/wp-content\/uploads\/2024\/02\/icon_26.png 512w, https:\/\/klm-zentrum.de\/wp-content\/uploads\/2024\/02\/icon_26-300x300.png 300w, https:\/\/klm-zentrum.de\/wp-content\/uploads\/2024\/02\/icon_26-150x150.png 150w\" sizes=\"(max-width: 512px) 100vw, 512px\" \/><\/a><\/figure><div class=\"elementor-image-box-content\"><h6 class=\"elementor-image-box-title\"><a href=\"https:\/\/klm-zentrum.de\/cs\/leistungen\/\">Profesion\u00e1ln\u00ed opravy<\/a><\/h6><p class=\"elementor-image-box-description\">N\u00e1\u0161 t\u00fdm odborn\u00edk\u016f zvl\u00e1dne ka\u017edou v\u00fdzvu.<\/p><\/div><\/div>\t\t\t\t<\/div>\n\t\t\t\t<\/div>\n\t\t\t\t\t<\/div>\n\t\t<\/div>\n\t\t\t\t<div class=\"elementor-column elementor-col-50 elementor-inner-column elementor-element elementor-element-3f4081b\" data-id=\"3f4081b\" data-element_type=\"column\">\n\t\t\t<div class=\"elementor-widget-wrap elementor-element-populated\">\n\t\t\t\t\t\t<div class=\"elementor-element elementor-element-1d1b691 elementor-position-top elementor-widget elementor-widget-image-box\" data-id=\"1d1b691\" data-element_type=\"widget\" data-widget_type=\"image-box.default\">\n\t\t\t\t<div class=\"elementor-widget-container\">\n\t\t\t\t\t<div class=\"elementor-image-box-wrapper\"><figure class=\"elementor-image-box-img\"><a href=\"https:\/\/klm-zentrum.de\/cs\/leistungen\/\" tabindex=\"-1\"><img decoding=\"async\" width=\"512\" height=\"512\" src=\"https:\/\/klm-zentrum.de\/wp-content\/uploads\/2024\/02\/icon_3.png\" class=\"elementor-animation-grow attachment-full size-full wp-image-3924\" alt=\"\" srcset=\"https:\/\/klm-zentrum.de\/wp-content\/uploads\/2024\/02\/icon_3.png 512w, https:\/\/klm-zentrum.de\/wp-content\/uploads\/2024\/02\/icon_3-300x300.png 300w, https:\/\/klm-zentrum.de\/wp-content\/uploads\/2024\/02\/icon_3-150x150.png 150w\" sizes=\"(max-width: 512px) 100vw, 512px\" \/><\/a><\/figure><div class=\"elementor-image-box-content\"><h6 class=\"elementor-image-box-title\"><a href=\"https:\/\/klm-zentrum.de\/cs\/leistungen\/\">SPOLEHLIV\u00c1 Z\u00c1RUKA<\/a><\/h6><p class=\"elementor-image-box-description\">D\u00edky na\u0161emu t\u00fdmu odborn\u00edk\u016f m\u016f\u017eete nyn\u00ed cestovat bezpe\u010dn\u011b.<br><br><br><\/p><\/div><\/div>\t\t\t\t<\/div>\n\t\t\t\t<\/div>\n\t\t\t\t<div class=\"elementor-element elementor-element-8726df4 elementor-position-top elementor-widget elementor-widget-image-box\" data-id=\"8726df4\" data-element_type=\"widget\" data-widget_type=\"image-box.default\">\n\t\t\t\t<div class=\"elementor-widget-container\">\n\t\t\t\t\t<div class=\"elementor-image-box-wrapper\"><figure class=\"elementor-image-box-img\"><a href=\"https:\/\/klm-zentrum.de\/cs\/leistungen\/\" tabindex=\"-1\"><img loading=\"lazy\" decoding=\"async\" width=\"512\" height=\"512\" src=\"https:\/\/klm-zentrum.de\/wp-content\/uploads\/2024\/02\/icon_29.png\" class=\"elementor-animation-grow attachment-full size-full wp-image-3922\" alt=\"\" srcset=\"https:\/\/klm-zentrum.de\/wp-content\/uploads\/2024\/02\/icon_29.png 512w, https:\/\/klm-zentrum.de\/wp-content\/uploads\/2024\/02\/icon_29-300x300.png 300w, https:\/\/klm-zentrum.de\/wp-content\/uploads\/2024\/02\/icon_29-150x150.png 150w\" sizes=\"(max-width: 512px) 100vw, 512px\" \/><\/a><\/figure><div class=\"elementor-image-box-content\"><h6 class=\"elementor-image-box-title\"><a href=\"https:\/\/klm-zentrum.de\/cs\/leistungen\/\">Mechanika a lakov\u00e1n\u00ed<\/a><\/h6><p class=\"elementor-image-box-description\">Na\u0161e nadrozm\u011brn\u00e1 krabice na barvy zvl\u00e1dne jak\u00fdkoli mal\u00ed\u0159sk\u00fd \u00fakol. P\u0159ij\u010fte n\u00e1s nav\u0161t\u00edvit!<\/p><\/div><\/div>\t\t\t\t<\/div>\n\t\t\t\t<\/div>\n\t\t\t\t\t<\/div>\n\t\t<\/div>\n\t\t\t\t\t<\/div>\n\t\t<\/section>\n\t\t\t\t\t<\/div>\n\t\t<\/div>\n\t\t\t\t\t<\/div>\n\t\t<\/section>\n\t\t<div class=\"elementor-element elementor-element-92e4670 e-flex e-con-boxed wpr-particle-no wpr-jarallax-no wpr-parallax-no wpr-sticky-section-no wpr-equal-height-no e-con e-parent\" data-id=\"92e4670\" data-element_type=\"container\">\n\t\t\t\t\t<div class=\"e-con-inner\">\n\t\t\t\t<div class=\"elementor-element elementor-element-336f657 wpr-pc-btn-align-fixed wpr-pc-btn-align-fixed-right wpr-pc-btn-icon-right elementor-widget elementor-widget-wpr-phone-call\" data-id=\"336f657\" data-element_type=\"widget\" data-widget_type=\"wpr-phone-call.default\">\n\t\t\t\t<div class=\"elementor-widget-container\">\n\t\t\t\t\t<div class=\"wpr-pc-wrapper\"><a href=\"tel:+49 821 317 0721\" class=\"wpr-pc-btn\"><div class=\"wpr-pc-content\"><span class=\"wpr-pc-text\">Volejte<\/span><span class=\"wpr-pc-btn-icon\"><svg class=\"e-font-icon-svg e-fas-phone-alt\" viewbox=\"0 0 512 512\" xmlns=\"http:\/\/www.w3.org\/2000\/svg\"><path d=\"M497.39 361.8l-112-48a24 24 0 0 0-28 6.9l-49.6 60.6A370.66 370.66 0 0 1 130.6 204.11l60.6-49.6a23.94 23.94 0 0 0 6.9-28l-48-112A24.16 24.16 0 0 0 122.6.61l-104 24A24 24 0 0 0 0 48c0 256.5 207.9 464 464 464a24 24 0 0 0 23.4-18.6l24-104a24.29 24.29 0 0 0-14.01-27.6z\"><\/path><\/svg><\/span><\/div><\/a><\/div>\t\t\t\t<\/div>\n\t\t\t\t<\/div>\n\t\t\t\t\t<\/div>\n\t\t\t\t<\/div>\n\t\t\t\t<\/div>","protected":false},"excerpt":{"rendered":"<p>Prostor na kole\u010dk\u00e1ch WOHNMOB\u0130LE Dokonal\u00e9 zpracov\u00e1n\u00ed pro ka\u017ed\u00fd karavan. V\u00e1\u0161 vysn\u011bn\u00fd obytn\u00fd v\u016fz by m\u011bl o\u017e\u00edt ve zku\u0161en\u00fdch rukou! Jsme zde, abychom vytvo\u0159ili v\u00e1\u0161 sv\u011bt obytn\u00fdch voz\u016f. N\u00e1\u0161 profesion\u00e1ln\u00ed a pe\u010dliv\u00fd t\u00fdm ud\u011bl\u00e1 v\u0161e pro to, aby se v\u00e1\u0161 obytn\u00fd v\u016fz prom\u011bnil v mobiln\u00ed \u017eivotn\u00ed prostor va\u0161ich sn\u016f. Tajemstv\u00ed na\u0161ich obl\u00edben\u00fdch slu\u017eeb v sob\u011b nesou na\u0161i \u0159emesln\u00edci, kte\u0159\u00ed se zam\u011b\u0159uj\u00ed na kvalitu v ka\u017ed\u00e9m detailu. Pokud chcete bezpe\u010dn\u011b cestovat na cest\u00e1ch a vytv\u00e1\u0159et nezapomenuteln\u00e9 vzpom\u00ednky, d\u016fv\u011b\u0159ujte n\u00e1m. Dejte n\u00e1m v\u011bd\u011bt o sv\u00e9m obytn\u00e9m voze, abychom mohli splnit va\u0161e sny! Mist\u0159i technici S n\u00e1mi m\u016f\u017eete bezpe\u010dn\u011b vyrazit na cestu. Na\u0161e slu\u017eby znamenaj\u00ed d\u016fv\u011bru: Profesion\u00e1ln\u00ed opravy N\u00e1\u0161 t\u00fdm technick\u00fdch odborn\u00edk\u016f zvl\u00e1dne ka\u017edou v\u00fdzvu. SPOLEHLIV\u00c1 Z\u00c1RUKA D\u00edky na\u0161emu t\u00fdmu odborn\u00edk\u016f m\u016f\u017eete nyn\u00ed bezpe\u010dn\u011b cestovat. Mechanika a lak\u00fdrnick\u00e9 pr\u00e1ce N\u00e1\u0161 nadrozm\u011brn\u00fd lakovac\u00ed box zvl\u00e1dne ka\u017ed\u00fd lak\u00fdrnick\u00fd \u00fakol. P\u0159ij\u010fte n\u00e1s nav\u0161t\u00edvit! Zavolejte n\u00e1m<\/p>","protected":false},"author":1,"featured_media":0,"parent":0,"menu_order":0,"comment_status":"closed","ping_status":"closed","template":"elementor_canvas","meta":{"footnotes":""},"yoast_head":"<!-- This site is optimized with the Yoast SEO plugin v24.5 - https:\/\/yoast.com\/wordpress\/plugins\/seo\/ -->\n<title>Wohnmobile\u00a0 - KLM-Zentrum GmbH<\/title>\n<meta name=\"description\" content=\"Wohnmobil-Service in Augsburg: Professionelle Pflege, Reparaturen, zuverl\u00e4ssige Wartung. Optimale Betreuung f\u00fcr Ihr Wohnmobil.\" \/>\n<meta name=\"robots\" content=\"index, follow, max-snippet:-1, max-image-preview:large, max-video-preview:-1\" \/>\n<link rel=\"canonical\" href=\"https:\/\/klm-zentrum.de\/cs\/wohnmobile\/\" \/>\n<meta property=\"og:locale\" content=\"cs_CZ\" \/>\n<meta property=\"og:type\" content=\"article\" \/>\n<meta property=\"og:title\" content=\"Wohnmobile\u00a0 - KLM-Zentrum GmbH\" \/>\n<meta property=\"og:description\" content=\"Wohnmobil-Service in Augsburg: Professionelle Pflege, Reparaturen, zuverl\u00e4ssige Wartung. Optimale Betreuung f\u00fcr Ihr Wohnmobil.\" \/>\n<meta property=\"og:url\" content=\"https:\/\/klm-zentrum.de\/cs\/wohnmobile\/\" \/>\n<meta property=\"og:site_name\" content=\"KLM-Zentrum\" \/>\n<meta property=\"article:modified_time\" content=\"2024-12-28T07:58:07+00:00\" \/>\n<meta property=\"og:image\" content=\"https:\/\/klm-zentrum.de\/wp-content\/plugins\/elementor\/assets\/images\/placeholder.png\" \/>\n<meta name=\"twitter:card\" content=\"summary_large_image\" \/>\n<meta name=\"twitter:label1\" content=\"Odhadovan\u00e1 doba \u010dten\u00ed\" \/>\n\t<meta name=\"twitter:data1\" content=\"2 minuty\" \/>\n<script type=\"application\/ld+json\" class=\"yoast-schema-graph\">{\"@context\":\"https:\/\/schema.org\",\"@graph\":[{\"@type\":\"WebPage\",\"@id\":\"https:\/\/klm-zentrum.de\/wohnmobile\/\",\"url\":\"https:\/\/klm-zentrum.de\/wohnmobile\/\",\"name\":\"Wohnmobile\u00a0 - KLM-Zentrum GmbH\",\"isPartOf\":{\"@id\":\"https:\/\/klm-zentrum.de\/#website\"},\"primaryImageOfPage\":{\"@id\":\"https:\/\/klm-zentrum.de\/wohnmobile\/#primaryimage\"},\"image\":{\"@id\":\"https:\/\/klm-zentrum.de\/wohnmobile\/#primaryimage\"},\"thumbnailUrl\":\"https:\/\/klm-zentrum.de\/wp-content\/plugins\/elementor\/assets\/images\/placeholder.png\",\"datePublished\":\"2024-01-30T11:49:58+00:00\",\"dateModified\":\"2024-12-28T07:58:07+00:00\",\"description\":\"Wohnmobil-Service in Augsburg: Professionelle Pflege, Reparaturen, zuverl\u00e4ssige Wartung. Optimale Betreuung f\u00fcr Ihr Wohnmobil.\",\"breadcrumb\":{\"@id\":\"https:\/\/klm-zentrum.de\/wohnmobile\/#breadcrumb\"},\"inLanguage\":\"cs\",\"potentialAction\":[{\"@type\":\"ReadAction\",\"target\":[\"https:\/\/klm-zentrum.de\/wohnmobile\/\"]}]},{\"@type\":\"ImageObject\",\"inLanguage\":\"cs\",\"@id\":\"https:\/\/klm-zentrum.de\/wohnmobile\/#primaryimage\",\"url\":\"https:\/\/klm-zentrum.de\/wp-content\/plugins\/elementor\/assets\/images\/placeholder.png\",\"contentUrl\":\"https:\/\/klm-zentrum.de\/wp-content\/plugins\/elementor\/assets\/images\/placeholder.png\"},{\"@type\":\"BreadcrumbList\",\"@id\":\"https:\/\/klm-zentrum.de\/wohnmobile\/#breadcrumb\",\"itemListElement\":[{\"@type\":\"ListItem\",\"position\":1,\"name\":\"Home\",\"item\":\"https:\/\/klm-zentrum.de\/\"},{\"@type\":\"ListItem\",\"position\":2,\"name\":\"Wohnmobile\u00a0\"}]},{\"@type\":\"WebSite\",\"@id\":\"https:\/\/klm-zentrum.de\/#website\",\"url\":\"https:\/\/klm-zentrum.de\/\",\"name\":\"KLM-Zentrum GmbH\",\"description\":\"Ihr zuverl\u00e4ssiger Partner f\u00fcr Auto- und Wohnmobil-Services. Professionelle Wartung, Reparaturen und individuelle Betreuung \u2013 wir k\u00fcmmern uns um Ihr Fahrzeug, damit Sie sorglos unterwegs sind.\",\"publisher\":{\"@id\":\"https:\/\/klm-zentrum.de\/#organization\"},\"potentialAction\":[{\"@type\":\"SearchAction\",\"target\":{\"@type\":\"EntryPoint\",\"urlTemplate\":\"https:\/\/klm-zentrum.de\/?s={search_term_string}\"},\"query-input\":{\"@type\":\"PropertyValueSpecification\",\"valueRequired\":true,\"valueName\":\"search_term_string\"}}],\"inLanguage\":\"cs\"},{\"@type\":\"Organization\",\"@id\":\"https:\/\/klm-zentrum.de\/#organization\",\"name\":\"KLM-Zentrum\",\"url\":\"https:\/\/klm-zentrum.de\/\",\"logo\":{\"@type\":\"ImageObject\",\"inLanguage\":\"cs\",\"@id\":\"https:\/\/klm-zentrum.de\/#\/schema\/logo\/image\/\",\"url\":\"https:\/\/klm-zentrum.de\/wp-content\/uploads\/2023\/12\/cropped-Untitled-3.png\",\"contentUrl\":\"https:\/\/klm-zentrum.de\/wp-content\/uploads\/2023\/12\/cropped-Untitled-3.png\",\"width\":512,\"height\":512,\"caption\":\"KLM-Zentrum\"},\"image\":{\"@id\":\"https:\/\/klm-zentrum.de\/#\/schema\/logo\/image\/\"}}]}<\/script>\n<!-- \/ Yoast SEO plugin. -->","yoast_head_json":{"title":"Wohnmobile\u00a0 - KLM-Zentrum GmbH","description":"Wohnmobil-Service in Augsburg: Professionelle Pflege, Reparaturen, zuverl\u00e4ssige Wartung. Optimale Betreuung f\u00fcr Ihr Wohnmobil.","robots":{"index":"index","follow":"follow","max-snippet":"max-snippet:-1","max-image-preview":"max-image-preview:large","max-video-preview":"max-video-preview:-1"},"canonical":"https:\/\/klm-zentrum.de\/cs\/wohnmobile\/","og_locale":"cs_CZ","og_type":"article","og_title":"Wohnmobile\u00a0 - KLM-Zentrum GmbH","og_description":"Wohnmobil-Service in Augsburg: Professionelle Pflege, Reparaturen, zuverl\u00e4ssige Wartung. Optimale Betreuung f\u00fcr Ihr Wohnmobil.","og_url":"https:\/\/klm-zentrum.de\/cs\/wohnmobile\/","og_site_name":"KLM-Zentrum","article_modified_time":"2024-12-28T07:58:07+00:00","og_image":[{"url":"https:\/\/klm-zentrum.de\/wp-content\/plugins\/elementor\/assets\/images\/placeholder.png","type":"","width":"","height":""}],"twitter_card":"summary_large_image","twitter_misc":{"Odhadovan\u00e1 doba \u010dten\u00ed":"2 minuty"},"schema":{"@context":"https:\/\/schema.org","@graph":[{"@type":"WebPage","@id":"https:\/\/klm-zentrum.de\/wohnmobile\/","url":"https:\/\/klm-zentrum.de\/wohnmobile\/","name":"Wohnmobile\u00a0 - KLM-Zentrum GmbH","isPartOf":{"@id":"https:\/\/klm-zentrum.de\/#website"},"primaryImageOfPage":{"@id":"https:\/\/klm-zentrum.de\/wohnmobile\/#primaryimage"},"image":{"@id":"https:\/\/klm-zentrum.de\/wohnmobile\/#primaryimage"},"thumbnailUrl":"https:\/\/klm-zentrum.de\/wp-content\/plugins\/elementor\/assets\/images\/placeholder.png","datePublished":"2024-01-30T11:49:58+00:00","dateModified":"2024-12-28T07:58:07+00:00","description":"Wohnmobil-Service in Augsburg: Professionelle Pflege, Reparaturen, zuverl\u00e4ssige Wartung. Optimale Betreuung f\u00fcr Ihr Wohnmobil.","breadcrumb":{"@id":"https:\/\/klm-zentrum.de\/wohnmobile\/#breadcrumb"},"inLanguage":"cs","potentialAction":[{"@type":"ReadAction","target":["https:\/\/klm-zentrum.de\/wohnmobile\/"]}]},{"@type":"ImageObject","inLanguage":"cs","@id":"https:\/\/klm-zentrum.de\/wohnmobile\/#primaryimage","url":"https:\/\/klm-zentrum.de\/wp-content\/plugins\/elementor\/assets\/images\/placeholder.png","contentUrl":"https:\/\/klm-zentrum.de\/wp-content\/plugins\/elementor\/assets\/images\/placeholder.png"},{"@type":"BreadcrumbList","@id":"https:\/\/klm-zentrum.de\/wohnmobile\/#breadcrumb","itemListElement":[{"@type":"ListItem","position":1,"name":"Home","item":"https:\/\/klm-zentrum.de\/"},{"@type":"ListItem","position":2,"name":"Wohnmobile\u00a0"}]},{"@type":"WebSite","@id":"https:\/\/klm-zentrum.de\/#website","url":"https:\/\/klm-zentrum.de\/","name":"KLM Centre GmbH","description":"V\u00e1\u0161 spolehliv\u00fd partner pro servis automobil\u016f a obytn\u00fdch voz\u016f. Profesion\u00e1ln\u00ed \u00fadr\u017eba, opravy a individu\u00e1ln\u00ed podpora - postar\u00e1me se o va\u0161e vozidlo, abyste mohli bezstarostn\u011b cestovat.","publisher":{"@id":"https:\/\/klm-zentrum.de\/#organization"},"potentialAction":[{"@type":"SearchAction","target":{"@type":"EntryPoint","urlTemplate":"https:\/\/klm-zentrum.de\/?s={search_term_string}"},"query-input":{"@type":"PropertyValueSpecification","valueRequired":true,"valueName":"search_term_string"}}],"inLanguage":"cs"},{"@type":"Organization","@id":"https:\/\/klm-zentrum.de\/#organization","name":"St\u0159edisko KLM","url":"https:\/\/klm-zentrum.de\/","logo":{"@type":"ImageObject","inLanguage":"cs","@id":"https:\/\/klm-zentrum.de\/#\/schema\/logo\/image\/","url":"https:\/\/klm-zentrum.de\/wp-content\/uploads\/2023\/12\/cropped-Untitled-3.png","contentUrl":"https:\/\/klm-zentrum.de\/wp-content\/uploads\/2023\/12\/cropped-Untitled-3.png","width":512,"height":512,"caption":"KLM-Zentrum"},"image":{"@id":"https:\/\/klm-zentrum.de\/#\/schema\/logo\/image\/"}}]}},"_links":{"self":[{"href":"https:\/\/klm-zentrum.de\/cs\/wp-json\/wp\/v2\/pages\/1579"}],"collection":[{"href":"https:\/\/klm-zentrum.de\/cs\/wp-json\/wp\/v2\/pages"}],"about":[{"href":"https:\/\/klm-zentrum.de\/cs\/wp-json\/wp\/v2\/types\/page"}],"author":[{"embeddable":true,"href":"https:\/\/klm-zentrum.de\/cs\/wp-json\/wp\/v2\/users\/1"}],"replies":[{"embeddable":true,"href":"https:\/\/klm-zentrum.de\/cs\/wp-json\/wp\/v2\/comments?post=1579"}],"version-history":[{"count":67,"href":"https:\/\/klm-zentrum.de\/cs\/wp-json\/wp\/v2\/pages\/1579\/revisions"}],"predecessor-version":[{"id":6330,"href":"https:\/\/klm-zentrum.de\/cs\/wp-json\/wp\/v2\/pages\/1579\/revisions\/6330"}],"wp:attachment":[{"href":"https:\/\/klm-zentrum.de\/cs\/wp-json\/wp\/v2\/media?parent=1579"}],"curies":[{"name":"wp","href":"https:\/\/api.w.org\/{rel}","templated":true}]}}