{"id":1577,"date":"2024-01-30T11:49:36","date_gmt":"2024-01-30T11:49:36","guid":{"rendered":"http:\/\/klm-zentrum.de\/?page_id=1577"},"modified":"2024-12-28T08:58:21","modified_gmt":"2024-12-28T07:58:21","slug":"auto-service","status":"publish","type":"page","link":"https:\/\/klm-zentrum.de\/cs\/auto-service\/","title":{"rendered":"Auto"},"content":{"rendered":"<div data-elementor-type=\"wp-page\" data-elementor-id=\"1577\" class=\"elementor elementor-1577\">\n\t\t\t\t\t\t<section class=\"elementor-section elementor-top-section elementor-element elementor-element-62c8d62 elementor-section-height-min-height elementor-section-boxed elementor-section-height-default elementor-section-items-middle wpr-particle-no wpr-jarallax-no wpr-parallax-no wpr-sticky-section-no wpr-equal-height-no\" data-id=\"62c8d62\" data-element_type=\"section\" data-settings=\"{&quot;background_background&quot;:&quot;classic&quot;}\">\n\t\t\t\t\t\t\t<div class=\"elementor-background-overlay\"><\/div>\n\t\t\t\t\t\t\t<div class=\"elementor-container elementor-column-gap-default\">\n\t\t\t\t\t<div class=\"elementor-column elementor-col-100 elementor-top-column elementor-element elementor-element-5bdf4a5\" data-id=\"5bdf4a5\" data-element_type=\"column\">\n\t\t\t<div class=\"elementor-widget-wrap elementor-element-populated\">\n\t\t\t\t\t\t<div class=\"elementor-element elementor-element-5d7bbec elementor-widget__width-initial elementor-invisible elementor-widget elementor-widget-icon-box\" data-id=\"5d7bbec\" data-element_type=\"widget\" data-settings=\"{&quot;_animation&quot;:&quot;fadeInLeft&quot;}\" data-widget_type=\"icon-box.default\">\n\t\t\t\t<div class=\"elementor-widget-container\">\n\t\t\t\t\t\t\t<div class=\"elementor-icon-box-wrapper\">\n\n\t\t\t\n\t\t\t\t\t\t<div class=\"elementor-icon-box-content\">\n\n\t\t\t\t\t\t\t\t\t<h4 class=\"elementor-icon-box-title\">\n\t\t\t\t\t\t<span  >\n\t\t\t\t\t\t\tVa\u0161e d\u016fv\u011bra, n\u00e1\u0161 mistrovsk\u00fd tah\t\t\t\t\t\t<\/span>\n\t\t\t\t\t<\/h4>\n\t\t\t\t\n\t\t\t\t\t\t\t\t\t<p class=\"elementor-icon-box-description\">\n\t\t\t\t\t\tAuto\t\t\t\t\t<\/p>\n\t\t\t\t\n\t\t\t<\/div>\n\t\t\t\n\t\t<\/div>\n\t\t\t\t\t\t<\/div>\n\t\t\t\t<\/div>\n\t\t\t\t\t<\/div>\n\t\t<\/div>\n\t\t\t\t\t<\/div>\n\t\t<\/section>\n\t\t\t\t<section class=\"elementor-section elementor-top-section elementor-element elementor-element-b9e8815 animated-slow elementor-section-boxed elementor-section-height-default elementor-section-height-default wpr-particle-no wpr-jarallax-no wpr-parallax-no wpr-sticky-section-no wpr-equal-height-no elementor-invisible\" data-id=\"b9e8815\" data-element_type=\"section\" data-settings=\"{&quot;animation&quot;:&quot;fadeInUp&quot;}\">\n\t\t\t\t\t\t<div class=\"elementor-container elementor-column-gap-default\">\n\t\t\t\t\t<div class=\"elementor-column elementor-col-50 elementor-top-column elementor-element elementor-element-b4354c8\" data-id=\"b4354c8\" data-element_type=\"column\" data-settings=\"{&quot;background_background&quot;:&quot;classic&quot;}\">\n\t\t\t<div class=\"elementor-widget-wrap elementor-element-populated\">\n\t\t\t\t\t\t<div class=\"elementor-element elementor-element-d020763 elementor-widget elementor-widget-image\" data-id=\"d020763\" data-element_type=\"widget\" data-widget_type=\"image.default\">\n\t\t\t\t<div class=\"elementor-widget-container\">\n\t\t\t\t\t\t\t\t\t\t\t\t\t\t\t<img decoding=\"async\" src=\"https:\/\/klm-zentrum.de\/wp-content\/plugins\/elementor\/assets\/images\/placeholder.png\" title=\"\" alt=\"\" loading=\"lazy\" \/>\t\t\t\t\t\t\t\t\t\t\t\t\t\t\t<\/div>\n\t\t\t\t<\/div>\n\t\t\t\t\t<\/div>\n\t\t<\/div>\n\t\t\t\t<div class=\"elementor-column elementor-col-50 elementor-top-column elementor-element elementor-element-7c0e26e\" data-id=\"7c0e26e\" data-element_type=\"column\">\n\t\t\t<div class=\"elementor-widget-wrap elementor-element-populated\">\n\t\t\t\t\t\t<div class=\"elementor-element elementor-element-f3cc6e7 elementor-widget elementor-widget-heading\" data-id=\"f3cc6e7\" data-element_type=\"widget\" data-widget_type=\"heading.default\">\n\t\t\t\t<div class=\"elementor-widget-container\">\n\t\t\t\t\t<h4 class=\"elementor-heading-title elementor-size-default\"><a href=\"https:\/\/klm-zentrum.de\/cs\/leistungen\/\">Dokonal\u00fd v\u00fdkon pro ka\u017ed\u00e9 vozidlo: na\u0161e konstrukce ur\u010duje standardy.<\/a><\/h4>\t\t\t\t<\/div>\n\t\t\t\t<\/div>\n\t\t\t\t<div class=\"elementor-element elementor-element-0832dd0 elementor-widget elementor-widget-text-editor\" data-id=\"0832dd0\" data-element_type=\"widget\" data-widget_type=\"text-editor.default\">\n\t\t\t\t<div class=\"elementor-widget-container\">\n\t\t\t\t\t\t\t\t\t<p>V na\u0161em autoservisu nab\u00edz\u00edme pe\u010dliv\u00e9 a profesion\u00e1ln\u00ed slu\u017eby pro vozidla v\u0161ech zna\u010dek a model\u016f. N\u00e1\u0161 zku\u0161en\u00fd t\u00fdm je p\u0159ipraven splnit v\u0161echny pot\u0159eby va\u0161eho vozidla od \u00fadr\u017eby a\u017e po opravu. D\u00edky na\u0161im spolehliv\u00fdm a na kvalitu orientovan\u00fdm slu\u017eb\u00e1m se sna\u017e\u00edme, aby va\u0161e vozidlo fungovalo na nejvy\u0161\u0161\u00ed \u00farovni. Obra\u0165te se na n\u00e1s a sv\u011b\u0159te sv\u00e9 vozidlo do rukou odborn\u00edk\u016f a z\u00edskejte maximum z bezpe\u010dn\u00e9 j\u00edzdy. Va\u0161e vozidla jsou u n\u00e1s v bezpe\u010dn\u00fdch rukou!<\/p>\t\t\t\t\t\t\t\t<\/div>\n\t\t\t\t<\/div>\n\t\t\t\t<section class=\"elementor-section elementor-inner-section elementor-element elementor-element-ec83c62 elementor-section-boxed elementor-section-height-default elementor-section-height-default wpr-particle-no wpr-jarallax-no wpr-parallax-no wpr-sticky-section-no wpr-equal-height-no\" data-id=\"ec83c62\" data-element_type=\"section\">\n\t\t\t\t\t\t<div class=\"elementor-container elementor-column-gap-default\">\n\t\t\t\t\t<div class=\"elementor-column elementor-col-50 elementor-inner-column elementor-element elementor-element-0004dbc\" data-id=\"0004dbc\" data-element_type=\"column\">\n\t\t\t<div class=\"elementor-widget-wrap elementor-element-populated\">\n\t\t\t\t\t\t<div class=\"elementor-element elementor-element-168c23f elementor-position-top elementor-widget elementor-widget-image-box\" data-id=\"168c23f\" data-element_type=\"widget\" data-widget_type=\"image-box.default\">\n\t\t\t\t<div class=\"elementor-widget-container\">\n\t\t\t\t\t<div class=\"elementor-image-box-wrapper\"><figure class=\"elementor-image-box-img\"><a href=\"https:\/\/klm-zentrum.de\/cs\/leistungen\/\" tabindex=\"-1\"><img fetchpriority=\"high\" decoding=\"async\" width=\"512\" height=\"512\" src=\"https:\/\/klm-zentrum.de\/wp-content\/uploads\/2024\/02\/icon_35.png\" class=\"elementor-animation-grow attachment-full size-full wp-image-3921\" alt=\"\" srcset=\"https:\/\/klm-zentrum.de\/wp-content\/uploads\/2024\/02\/icon_35.png 512w, https:\/\/klm-zentrum.de\/wp-content\/uploads\/2024\/02\/icon_35-300x300.png 300w, https:\/\/klm-zentrum.de\/wp-content\/uploads\/2024\/02\/icon_35-150x150.png 150w\" sizes=\"(max-width: 512px) 100vw, 512px\" \/><\/a><\/figure><div class=\"elementor-image-box-content\"><h6 class=\"elementor-image-box-title\"><a href=\"https:\/\/klm-zentrum.de\/cs\/leistungen\/\">Hlavn\u00ed technik<\/a><\/h6><p class=\"elementor-image-box-description\">S n\u00e1mi m\u016f\u017eete bezpe\u010dn\u011b vyrazit na cestu. Na\u0161e slu\u017eby znamenaj\u00ed d\u016fv\u011bru: S n\u00e1mi poc\u00edt\u00edte rozd\u00edl v ka\u017ed\u00e9m detailu!<\/p><\/div><\/div>\t\t\t\t<\/div>\n\t\t\t\t<\/div>\n\t\t\t\t<div class=\"elementor-element elementor-element-46a9fba elementor-position-top elementor-widget elementor-widget-image-box\" data-id=\"46a9fba\" data-element_type=\"widget\" data-widget_type=\"image-box.default\">\n\t\t\t\t<div class=\"elementor-widget-container\">\n\t\t\t\t\t<div class=\"elementor-image-box-wrapper\"><figure class=\"elementor-image-box-img\"><a href=\"https:\/\/klm-zentrum.de\/cs\/leistungen\/\" tabindex=\"-1\"><img decoding=\"async\" width=\"512\" height=\"512\" src=\"https:\/\/klm-zentrum.de\/wp-content\/uploads\/2024\/02\/icon_29.png\" class=\"elementor-animation-grow attachment-full size-full wp-image-3922\" alt=\"\" srcset=\"https:\/\/klm-zentrum.de\/wp-content\/uploads\/2024\/02\/icon_29.png 512w, https:\/\/klm-zentrum.de\/wp-content\/uploads\/2024\/02\/icon_29-300x300.png 300w, https:\/\/klm-zentrum.de\/wp-content\/uploads\/2024\/02\/icon_29-150x150.png 150w\" sizes=\"(max-width: 512px) 100vw, 512px\" \/><\/a><\/figure><div class=\"elementor-image-box-content\"><h6 class=\"elementor-image-box-title\"><a href=\"https:\/\/klm-zentrum.de\/cs\/leistungen\/\">D\u016fv\u011bra z\u00e1kazn\u00edk\u016f<\/a><\/h6><p class=\"elementor-image-box-description\">Usm\u011bvav\u00fd t\u00fdm p\u0159\u00e1telsk\u00fd k rodin\u011b - seznamte se s n\u00e1mi!<\/p><\/div><\/div>\t\t\t\t<\/div>\n\t\t\t\t<\/div>\n\t\t\t\t\t<\/div>\n\t\t<\/div>\n\t\t\t\t<div class=\"elementor-column elementor-col-50 elementor-inner-column elementor-element elementor-element-997113c\" data-id=\"997113c\" data-element_type=\"column\">\n\t\t\t<div class=\"elementor-widget-wrap elementor-element-populated\">\n\t\t\t\t\t\t<div class=\"elementor-element elementor-element-0f745ff elementor-position-top elementor-widget elementor-widget-image-box\" data-id=\"0f745ff\" data-element_type=\"widget\" data-widget_type=\"image-box.default\">\n\t\t\t\t<div class=\"elementor-widget-container\">\n\t\t\t\t\t<div class=\"elementor-image-box-wrapper\"><figure class=\"elementor-image-box-img\"><a href=\"https:\/\/klm-zentrum.de\/cs\/leistungen\/\" tabindex=\"-1\"><img decoding=\"async\" width=\"512\" height=\"512\" src=\"https:\/\/klm-zentrum.de\/wp-content\/uploads\/2024\/02\/icon_3.png\" class=\"elementor-animation-grow attachment-full size-full wp-image-3924\" alt=\"\" srcset=\"https:\/\/klm-zentrum.de\/wp-content\/uploads\/2024\/02\/icon_3.png 512w, https:\/\/klm-zentrum.de\/wp-content\/uploads\/2024\/02\/icon_3-300x300.png 300w, https:\/\/klm-zentrum.de\/wp-content\/uploads\/2024\/02\/icon_3-150x150.png 150w\" sizes=\"(max-width: 512px) 100vw, 512px\" \/><\/a><\/figure><div class=\"elementor-image-box-content\"><h6 class=\"elementor-image-box-title\"><a href=\"https:\/\/klm-zentrum.de\/cs\/leistungen\/\">Spolehliv\u00e1 z\u00e1ruka<\/a><\/h6><p class=\"elementor-image-box-description\">D\u00edky na\u0161emu t\u00fdmu odborn\u00edk\u016f m\u016f\u017eete nyn\u00ed cestovat bezpe\u010dn\u011b.<br><br><br><\/p><\/div><\/div>\t\t\t\t<\/div>\n\t\t\t\t<\/div>\n\t\t\t\t<div class=\"elementor-element elementor-element-6e9992f elementor-position-top elementor-widget elementor-widget-image-box\" data-id=\"6e9992f\" data-element_type=\"widget\" data-widget_type=\"image-box.default\">\n\t\t\t\t<div class=\"elementor-widget-container\">\n\t\t\t\t\t<div class=\"elementor-image-box-wrapper\"><figure class=\"elementor-image-box-img\"><a href=\"https:\/\/klm-zentrum.de\/cs\/leistungen\/\" tabindex=\"-1\"><img loading=\"lazy\" decoding=\"async\" width=\"512\" height=\"512\" src=\"https:\/\/klm-zentrum.de\/wp-content\/uploads\/2024\/02\/icon_26.png\" class=\"elementor-animation-grow attachment-full size-full wp-image-3923\" alt=\"\" srcset=\"https:\/\/klm-zentrum.de\/wp-content\/uploads\/2024\/02\/icon_26.png 512w, https:\/\/klm-zentrum.de\/wp-content\/uploads\/2024\/02\/icon_26-300x300.png 300w, https:\/\/klm-zentrum.de\/wp-content\/uploads\/2024\/02\/icon_26-150x150.png 150w\" sizes=\"(max-width: 512px) 100vw, 512px\" \/><\/a><\/figure><div class=\"elementor-image-box-content\"><h6 class=\"elementor-image-box-title\"><a href=\"https:\/\/klm-zentrum.de\/cs\/leistungen\/\">Z\u00e1ruka kvality:<\/a><\/h6><p class=\"elementor-image-box-description\">Opravy s prvot\u0159\u00eddn\u00edmi n\u00e1hradn\u00edmi d\u00edly a precizn\u00edm \u0159emesln\u00fdm zpracov\u00e1n\u00edm.<\/p><\/div><\/div>\t\t\t\t<\/div>\n\t\t\t\t<\/div>\n\t\t\t\t\t<\/div>\n\t\t<\/div>\n\t\t\t\t\t<\/div>\n\t\t<\/section>\n\t\t\t\t\t<\/div>\n\t\t<\/div>\n\t\t\t\t\t<\/div>\n\t\t<\/section>\n\t\t<div class=\"elementor-element elementor-element-0be33de e-flex e-con-boxed wpr-particle-no wpr-jarallax-no wpr-parallax-no wpr-sticky-section-no wpr-equal-height-no e-con e-parent\" data-id=\"0be33de\" data-element_type=\"container\">\n\t\t\t\t\t<div class=\"e-con-inner\">\n\t\t\t\t<div class=\"elementor-element elementor-element-9b755ac wpr-pc-btn-align-fixed wpr-pc-btn-align-fixed-right wpr-pc-btn-icon-right elementor-widget elementor-widget-wpr-phone-call\" data-id=\"9b755ac\" data-element_type=\"widget\" data-widget_type=\"wpr-phone-call.default\">\n\t\t\t\t<div class=\"elementor-widget-container\">\n\t\t\t\t\t<div class=\"wpr-pc-wrapper\"><a href=\"tel:+49 821 317 0721\" class=\"wpr-pc-btn\"><div class=\"wpr-pc-content\"><span class=\"wpr-pc-text\">Volejte<\/span><span class=\"wpr-pc-btn-icon\"><svg class=\"e-font-icon-svg e-fas-phone-alt\" viewbox=\"0 0 512 512\" xmlns=\"http:\/\/www.w3.org\/2000\/svg\"><path d=\"M497.39 361.8l-112-48a24 24 0 0 0-28 6.9l-49.6 60.6A370.66 370.66 0 0 1 130.6 204.11l60.6-49.6a23.94 23.94 0 0 0 6.9-28l-48-112A24.16 24.16 0 0 0 122.6.61l-104 24A24 24 0 0 0 0 48c0 256.5 207.9 464 464 464a24 24 0 0 0 23.4-18.6l24-104a24.29 24.29 0 0 0-14.01-27.6z\"><\/path><\/svg><\/span><\/div><\/a><\/div>\t\t\t\t<\/div>\n\t\t\t\t<\/div>\n\t\t\t\t\t<\/div>\n\t\t\t\t<\/div>\n\t\t\t\t<\/div>","protected":false},"excerpt":{"rendered":"<p>Va\u0161e d\u016fv\u011bra, na\u0161e mistrovsk\u00e9 d\u00edlo Auto Dokonal\u00fd v\u00fdkon pro ka\u017ed\u00e9 vozidlo: na\u0161e konstrukce ur\u010duje standardy. V na\u0161\u00ed d\u00edln\u011b nab\u00edz\u00edme pe\u010dliv\u00e9 a profesion\u00e1ln\u00ed slu\u017eby pro vozidla v\u0161ech zna\u010dek a model\u016f. N\u00e1\u0161 zku\u0161en\u00fd t\u00fdm je p\u0159ipraven splnit v\u0161echny pot\u0159eby va\u0161eho vozidla, od \u00fadr\u017eby a\u017e po opravu. D\u00edky na\u0161im spolehliv\u00fdm a na kvalitu orientovan\u00fdm slu\u017eb\u00e1m se sna\u017e\u00edme, aby va\u0161e vozidlo fungovalo na nejvy\u0161\u0161\u00ed \u00farovni. Obra\u0165te se na n\u00e1s a sv\u011b\u0159te sv\u00e9 vozidlo do rukou odborn\u00edk\u016f a z\u00edskejte maximum z bezpe\u010dn\u00e9 j\u00edzdy. Va\u0161e vozidla jsou u n\u00e1s v bezpe\u010dn\u00fdch rukou! Mist\u0159i technici S n\u00e1mi m\u016f\u017eete bezpe\u010dn\u011b vyrazit na cestu. N\u00e1\u0161 servis znamen\u00e1 d\u016fv\u011bru: S n\u00e1mi poc\u00edt\u00edte rozd\u00edl v ka\u017ed\u00e9m detailu! D\u016fv\u011bra z\u00e1kazn\u00edk\u016f Usm\u011bvav\u00fd, rodinn\u00fd t\u00fdm - poznejte n\u00e1s! Spolehliv\u00e1 z\u00e1ruka: D\u00edky na\u0161emu t\u00fdmu odborn\u00edk\u016f m\u016f\u017eete nyn\u00ed cestovat s jistotou. Z\u00e1ruka kvality: Opravy s prvot\u0159\u00eddn\u00edmi n\u00e1hradn\u00edmi d\u00edly a precizn\u00edm \u0159emesln\u00fdm zpracov\u00e1n\u00edm. Zavolejte n\u00e1m<\/p>","protected":false},"author":1,"featured_media":0,"parent":0,"menu_order":0,"comment_status":"closed","ping_status":"closed","template":"elementor_canvas","meta":{"footnotes":""},"yoast_head":"<!-- This site is optimized with the Yoast SEO plugin v24.5 - https:\/\/yoast.com\/wordpress\/plugins\/seo\/ -->\n<title>Auto - KLM-Zentrum GmbH<\/title>\n<meta name=\"description\" content=\"Auto-Service in Augsburg: Zuverl\u00e4ssige Reparaturen, umfassende Wartung, Profi-Pflege f\u00fcr Ihre Fahrzeugbed\u00fcrfnisse.\" \/>\n<meta name=\"robots\" content=\"index, follow, max-snippet:-1, max-image-preview:large, max-video-preview:-1\" \/>\n<link rel=\"canonical\" href=\"https:\/\/klm-zentrum.de\/cs\/auto-service\/\" \/>\n<meta property=\"og:locale\" content=\"cs_CZ\" \/>\n<meta property=\"og:type\" content=\"article\" \/>\n<meta property=\"og:title\" content=\"Auto - KLM-Zentrum GmbH\" \/>\n<meta property=\"og:description\" content=\"Auto-Service in Augsburg: Zuverl\u00e4ssige Reparaturen, umfassende Wartung, Profi-Pflege f\u00fcr Ihre Fahrzeugbed\u00fcrfnisse.\" \/>\n<meta property=\"og:url\" content=\"https:\/\/klm-zentrum.de\/cs\/auto-service\/\" \/>\n<meta property=\"og:site_name\" content=\"KLM-Zentrum\" \/>\n<meta property=\"article:modified_time\" content=\"2024-12-28T07:58:21+00:00\" \/>\n<meta property=\"og:image\" content=\"https:\/\/klm-zentrum.de\/wp-content\/plugins\/elementor\/assets\/images\/placeholder.png\" \/>\n<meta name=\"twitter:card\" content=\"summary_large_image\" \/>\n<meta name=\"twitter:label1\" content=\"Odhadovan\u00e1 doba \u010dten\u00ed\" \/>\n\t<meta name=\"twitter:data1\" content=\"2 minuty\" \/>\n<script type=\"application\/ld+json\" class=\"yoast-schema-graph\">{\"@context\":\"https:\/\/schema.org\",\"@graph\":[{\"@type\":\"WebPage\",\"@id\":\"https:\/\/klm-zentrum.de\/auto-service\/\",\"url\":\"https:\/\/klm-zentrum.de\/auto-service\/\",\"name\":\"Auto - KLM-Zentrum GmbH\",\"isPartOf\":{\"@id\":\"https:\/\/klm-zentrum.de\/#website\"},\"primaryImageOfPage\":{\"@id\":\"https:\/\/klm-zentrum.de\/auto-service\/#primaryimage\"},\"image\":{\"@id\":\"https:\/\/klm-zentrum.de\/auto-service\/#primaryimage\"},\"thumbnailUrl\":\"https:\/\/klm-zentrum.de\/wp-content\/plugins\/elementor\/assets\/images\/placeholder.png\",\"datePublished\":\"2024-01-30T11:49:36+00:00\",\"dateModified\":\"2024-12-28T07:58:21+00:00\",\"description\":\"Auto-Service in Augsburg: Zuverl\u00e4ssige Reparaturen, umfassende Wartung, Profi-Pflege f\u00fcr Ihre Fahrzeugbed\u00fcrfnisse.\",\"breadcrumb\":{\"@id\":\"https:\/\/klm-zentrum.de\/auto-service\/#breadcrumb\"},\"inLanguage\":\"cs\",\"potentialAction\":[{\"@type\":\"ReadAction\",\"target\":[\"https:\/\/klm-zentrum.de\/auto-service\/\"]}]},{\"@type\":\"ImageObject\",\"inLanguage\":\"cs\",\"@id\":\"https:\/\/klm-zentrum.de\/auto-service\/#primaryimage\",\"url\":\"https:\/\/klm-zentrum.de\/wp-content\/plugins\/elementor\/assets\/images\/placeholder.png\",\"contentUrl\":\"https:\/\/klm-zentrum.de\/wp-content\/plugins\/elementor\/assets\/images\/placeholder.png\"},{\"@type\":\"BreadcrumbList\",\"@id\":\"https:\/\/klm-zentrum.de\/auto-service\/#breadcrumb\",\"itemListElement\":[{\"@type\":\"ListItem\",\"position\":1,\"name\":\"Home\",\"item\":\"https:\/\/klm-zentrum.de\/\"},{\"@type\":\"ListItem\",\"position\":2,\"name\":\"Auto\"}]},{\"@type\":\"WebSite\",\"@id\":\"https:\/\/klm-zentrum.de\/#website\",\"url\":\"https:\/\/klm-zentrum.de\/\",\"name\":\"KLM-Zentrum GmbH\",\"description\":\"Ihr zuverl\u00e4ssiger Partner f\u00fcr Auto- und Wohnmobil-Services. Professionelle Wartung, Reparaturen und individuelle Betreuung \u2013 wir k\u00fcmmern uns um Ihr Fahrzeug, damit Sie sorglos unterwegs sind.\",\"publisher\":{\"@id\":\"https:\/\/klm-zentrum.de\/#organization\"},\"potentialAction\":[{\"@type\":\"SearchAction\",\"target\":{\"@type\":\"EntryPoint\",\"urlTemplate\":\"https:\/\/klm-zentrum.de\/?s={search_term_string}\"},\"query-input\":{\"@type\":\"PropertyValueSpecification\",\"valueRequired\":true,\"valueName\":\"search_term_string\"}}],\"inLanguage\":\"cs\"},{\"@type\":\"Organization\",\"@id\":\"https:\/\/klm-zentrum.de\/#organization\",\"name\":\"KLM-Zentrum\",\"url\":\"https:\/\/klm-zentrum.de\/\",\"logo\":{\"@type\":\"ImageObject\",\"inLanguage\":\"cs\",\"@id\":\"https:\/\/klm-zentrum.de\/#\/schema\/logo\/image\/\",\"url\":\"https:\/\/klm-zentrum.de\/wp-content\/uploads\/2023\/12\/cropped-Untitled-3.png\",\"contentUrl\":\"https:\/\/klm-zentrum.de\/wp-content\/uploads\/2023\/12\/cropped-Untitled-3.png\",\"width\":512,\"height\":512,\"caption\":\"KLM-Zentrum\"},\"image\":{\"@id\":\"https:\/\/klm-zentrum.de\/#\/schema\/logo\/image\/\"}}]}<\/script>\n<!-- \/ Yoast SEO plugin. -->","yoast_head_json":{"title":"Auto - KLM-Zentrum GmbH","description":"Auto-Service in Augsburg: Zuverl\u00e4ssige Reparaturen, umfassende Wartung, Profi-Pflege f\u00fcr Ihre Fahrzeugbed\u00fcrfnisse.","robots":{"index":"index","follow":"follow","max-snippet":"max-snippet:-1","max-image-preview":"max-image-preview:large","max-video-preview":"max-video-preview:-1"},"canonical":"https:\/\/klm-zentrum.de\/cs\/auto-service\/","og_locale":"cs_CZ","og_type":"article","og_title":"Auto - KLM-Zentrum GmbH","og_description":"Auto-Service in Augsburg: Zuverl\u00e4ssige Reparaturen, umfassende Wartung, Profi-Pflege f\u00fcr Ihre Fahrzeugbed\u00fcrfnisse.","og_url":"https:\/\/klm-zentrum.de\/cs\/auto-service\/","og_site_name":"KLM-Zentrum","article_modified_time":"2024-12-28T07:58:21+00:00","og_image":[{"url":"https:\/\/klm-zentrum.de\/wp-content\/plugins\/elementor\/assets\/images\/placeholder.png","type":"","width":"","height":""}],"twitter_card":"summary_large_image","twitter_misc":{"Odhadovan\u00e1 doba \u010dten\u00ed":"2 minuty"},"schema":{"@context":"https:\/\/schema.org","@graph":[{"@type":"WebPage","@id":"https:\/\/klm-zentrum.de\/auto-service\/","url":"https:\/\/klm-zentrum.de\/auto-service\/","name":"Auto - KLM-Zentrum GmbH","isPartOf":{"@id":"https:\/\/klm-zentrum.de\/#website"},"primaryImageOfPage":{"@id":"https:\/\/klm-zentrum.de\/auto-service\/#primaryimage"},"image":{"@id":"https:\/\/klm-zentrum.de\/auto-service\/#primaryimage"},"thumbnailUrl":"https:\/\/klm-zentrum.de\/wp-content\/plugins\/elementor\/assets\/images\/placeholder.png","datePublished":"2024-01-30T11:49:36+00:00","dateModified":"2024-12-28T07:58:21+00:00","description":"Auto-Service in Augsburg: Zuverl\u00e4ssige Reparaturen, umfassende Wartung, Profi-Pflege f\u00fcr Ihre Fahrzeugbed\u00fcrfnisse.","breadcrumb":{"@id":"https:\/\/klm-zentrum.de\/auto-service\/#breadcrumb"},"inLanguage":"cs","potentialAction":[{"@type":"ReadAction","target":["https:\/\/klm-zentrum.de\/auto-service\/"]}]},{"@type":"ImageObject","inLanguage":"cs","@id":"https:\/\/klm-zentrum.de\/auto-service\/#primaryimage","url":"https:\/\/klm-zentrum.de\/wp-content\/plugins\/elementor\/assets\/images\/placeholder.png","contentUrl":"https:\/\/klm-zentrum.de\/wp-content\/plugins\/elementor\/assets\/images\/placeholder.png"},{"@type":"BreadcrumbList","@id":"https:\/\/klm-zentrum.de\/auto-service\/#breadcrumb","itemListElement":[{"@type":"ListItem","position":1,"name":"Home","item":"https:\/\/klm-zentrum.de\/"},{"@type":"ListItem","position":2,"name":"Auto"}]},{"@type":"WebSite","@id":"https:\/\/klm-zentrum.de\/#website","url":"https:\/\/klm-zentrum.de\/","name":"KLM Centre GmbH","description":"V\u00e1\u0161 spolehliv\u00fd partner pro servis automobil\u016f a obytn\u00fdch voz\u016f. Profesion\u00e1ln\u00ed \u00fadr\u017eba, opravy a individu\u00e1ln\u00ed podpora - postar\u00e1me se o va\u0161e vozidlo, abyste mohli bezstarostn\u011b cestovat.","publisher":{"@id":"https:\/\/klm-zentrum.de\/#organization"},"potentialAction":[{"@type":"SearchAction","target":{"@type":"EntryPoint","urlTemplate":"https:\/\/klm-zentrum.de\/?s={search_term_string}"},"query-input":{"@type":"PropertyValueSpecification","valueRequired":true,"valueName":"search_term_string"}}],"inLanguage":"cs"},{"@type":"Organization","@id":"https:\/\/klm-zentrum.de\/#organization","name":"St\u0159edisko KLM","url":"https:\/\/klm-zentrum.de\/","logo":{"@type":"ImageObject","inLanguage":"cs","@id":"https:\/\/klm-zentrum.de\/#\/schema\/logo\/image\/","url":"https:\/\/klm-zentrum.de\/wp-content\/uploads\/2023\/12\/cropped-Untitled-3.png","contentUrl":"https:\/\/klm-zentrum.de\/wp-content\/uploads\/2023\/12\/cropped-Untitled-3.png","width":512,"height":512,"caption":"KLM-Zentrum"},"image":{"@id":"https:\/\/klm-zentrum.de\/#\/schema\/logo\/image\/"}}]}},"_links":{"self":[{"href":"https:\/\/klm-zentrum.de\/cs\/wp-json\/wp\/v2\/pages\/1577"}],"collection":[{"href":"https:\/\/klm-zentrum.de\/cs\/wp-json\/wp\/v2\/pages"}],"about":[{"href":"https:\/\/klm-zentrum.de\/cs\/wp-json\/wp\/v2\/types\/page"}],"author":[{"embeddable":true,"href":"https:\/\/klm-zentrum.de\/cs\/wp-json\/wp\/v2\/users\/1"}],"replies":[{"embeddable":true,"href":"https:\/\/klm-zentrum.de\/cs\/wp-json\/wp\/v2\/comments?post=1577"}],"version-history":[{"count":94,"href":"https:\/\/klm-zentrum.de\/cs\/wp-json\/wp\/v2\/pages\/1577\/revisions"}],"predecessor-version":[{"id":6336,"href":"https:\/\/klm-zentrum.de\/cs\/wp-json\/wp\/v2\/pages\/1577\/revisions\/6336"}],"wp:attachment":[{"href":"https:\/\/klm-zentrum.de\/cs\/wp-json\/wp\/v2\/media?parent=1577"}],"curies":[{"name":"wp","href":"https:\/\/api.w.org\/{rel}","templated":true}]}}